{"id":10079,"date":"2019-05-24T13:13:51","date_gmt":"2019-05-24T16:13:51","guid":{"rendered":"https:\/\/www.brmedal.com.br\/product\/purificador-de-agua-osmose-reversa-alb-50\/"},"modified":"2025-07-01T14:04:56","modified_gmt":"2025-07-01T17:04:56","slug":"purificador-de-agua-osmose-reversa-alb-50","status":"publish","type":"product","link":"https:\/\/www.brmedal.com.br\/?product=purificador-de-agua-osmose-reversa-alb-50","title":{"rendered":"Purificador de \u00c1gua \u2013 Osmose Reversa vaz\u00e3o 10 a 15 lts\/hora mod. ALB 50"},"content":{"rendered":"<p>Para laborat\u00f3rios de analises clinicas e farmacias.<\/p>\n<p>Tipo de \u00e1gua fornecida:Purificada (tipo ll e III)<\/p>\n<p>Filtros \u2013 05<\/p>\n<p>01 &#8211; Polipropileno de 1\u00b5m.<\/p>\n<p>01 &#8211; Carv\u00e3o ativado de 1\u00b5m.<\/p>\n<p>02 &#8211; Troca i\u00f4nica (resina)<\/p>\n<p>01 &#8211; Membrana de osmose.<\/p>\n<p>L\u00e2mpada UV opcional<\/p>\n<p>Vaz\u00e3o &#8211; 10 \u00e1 15 L\/H<\/p>\n<p>Carca\u00e7a &#8211; Chapa met\u00e1lica com pintura eletrost\u00e1tica<\/p>\n<p>Conex\u00f5es &#8211; Engate r\u00e1pido<\/p>\n<p>Tubula\u00e7\u00e3o &#8211; Polietileno<\/p>\n<p>Tens\u00e3o &#8211; Bivolt autom\u00e1tico<\/p>\n<p>Alarmes &#8211; Condutivimetro com l\u00e2mpada indicadora de condutividade abaixo de 04 microsimens.<\/p>\n<p>Indicadores &#8211; Man\u00f4metro indicador de press\u00e3o de \u00e1gua.<\/p>\n<p>Instala\u00e7\u00e3o &#8211; Suspensa na parede, ou sobre a bancada.<\/p>\n<p><strong>Purificador de \u00c1gua \u2013 Osmose Reversa ALB 50 OR<\/strong><\/p>\n<p>Dimens\u00f5es &#8211; 380 x 500 x 360 mm (L x A x P)<\/p>\n<p>Peso &#8211; 13.000 kg<\/p>\n<p>Dimens\u00f5es com Embalagem &#8211; 470 x 610 x 530 mm (L x A x P)<\/p>\n<p>Peso com Embalagem &#8211; 21.000 kg<\/p>\n<p><strong>Purificador de \u00c1gua \u2013 Osmose Reversa ALB 50 OR OUT<\/strong><\/p>\n<p>Dimens\u00f5es &#8211; 380 x 500 x 360 mm (L x A x P)<\/p>\n<p>Peso &#8211; 12.000 kg<\/p>\n<p>Dimens\u00f5es com Embalagem &#8211; 470 x 610 x 530 mm (L x A x P)<\/p>\n<p>Peso com Embalagem &#8211; 20.000 kg<\/p>\n","protected":false},"excerpt":{"rendered":"<p>Para laborat\u00f3rios de analises clinicas e farmacias.<\/p>\n<p>Tipo de \u00e1gua fornecida:Purificada (tipo ll e III)<\/p>\n<p><strong>Prazo de entrega: 10 dias\u00a0<\/strong><\/p>\n<p><strong>Em at\u00e9 5x sem juros no cart\u00e3o pela Asaas<\/strong><\/p>\n","protected":false},"featured_media":13988,"comment_status":"open","ping_status":"closed","template":"","meta":[],"product_brand":[],"product_cat":[535,508,509],"product_tag":[],"class_list":{"0":"post-10079","1":"product","2":"type-product","3":"status-publish","4":"has-post-thumbnail","6":"product_cat-equipamentos-medicina","7":"product_cat-inicio","8":"product_cat-medicina","10":"first","11":"instock","12":"shipping-taxable","13":"purchasable","14":"product-type-simple"},"_links":{"self":[{"href":"https:\/\/www.brmedal.com.br\/index.php?rest_route=\/wp\/v2\/product\/10079","targetHints":{"allow":["GET"]}}],"collection":[{"href":"https:\/\/www.brmedal.com.br\/index.php?rest_route=\/wp\/v2\/product"}],"about":[{"href":"https:\/\/www.brmedal.com.br\/index.php?rest_route=\/wp\/v2\/types\/product"}],"replies":[{"embeddable":true,"href":"https:\/\/www.brmedal.com.br\/index.php?rest_route=%2Fwp%2Fv2%2Fcomments&post=10079"}],"wp:featuredmedia":[{"embeddable":true,"href":"https:\/\/www.brmedal.com.br\/index.php?rest_route=\/wp\/v2\/media\/13988"}],"wp:attachment":[{"href":"https:\/\/www.brmedal.com.br\/index.php?rest_route=%2Fwp%2Fv2%2Fmedia&parent=10079"}],"wp:term":[{"taxonomy":"product_brand","embeddable":true,"href":"https:\/\/www.brmedal.com.br\/index.php?rest_route=%2Fwp%2Fv2%2Fproduct_brand&post=10079"},{"taxonomy":"product_cat","embeddable":true,"href":"https:\/\/www.brmedal.com.br\/index.php?rest_route=%2Fwp%2Fv2%2Fproduct_cat&post=10079"},{"taxonomy":"product_tag","embeddable":true,"href":"https:\/\/www.brmedal.com.br\/index.php?rest_route=%2Fwp%2Fv2%2Fproduct_tag&post=10079"}],"curies":[{"name":"wp","href":"https:\/\/api.w.org\/{rel}","templated":true}]}}