{"id":1045,"date":"2017-10-24T08:58:45","date_gmt":"2017-10-24T11:58:45","guid":{"rendered":"https:\/\/www.brmedal.com.br\/product\/micro-motor-premium-com-refrigeracao-doriot\/"},"modified":"2023-10-25T13:03:26","modified_gmt":"2023-10-25T16:03:26","slug":"micro-motor-premium-com-refrigeracao-doriot","status":"publish","type":"product","link":"https:\/\/www.brmedal.com.br\/?product=micro-motor-premium-com-refrigeracao-doriot","title":{"rendered":"Micro Motor Premium com refrigera\u00e7\u00e3o (Doriot)"},"content":{"rendered":"<p>Micro Motor Premium (Doriot) confeccionado em alum\u00ednio anodizado, material leve e de f\u00e1cil assepsia. Possui sistema lateral para refrigera\u00e7\u00e3o. Pe\u00e7a de baixo ru\u00eddo.<\/p>\n<p>Compat\u00edvel com contra \u00e2ngulos sistema Doriot\u00a0e com brocas de baixa rota\u00e7\u00e3o (exerce a fun\u00e7\u00e3o de pe\u00e7a reta e de micro motor em uma s\u00f3 pe\u00e7a).<\/p>\n<table>\n<tbody>\n<tr>\n<td>Rota\u00e7\u00e3o (rpm)<\/td>\n<td>0 a 20.000<\/td>\n<\/tr>\n<tr>\n<td>Consumo de ar (L\/min)<\/td>\n<td>65<\/td>\n<\/tr>\n<tr>\n<td>Press\u00e3o (psi)<\/td>\n<td>40 a 50<\/td>\n<\/tr>\n<tr>\n<td>Spray<\/td>\n<td>Com spray<\/td>\n<\/tr>\n<tr>\n<td>Conex\u00e3o<\/td>\n<td>Borden ou Midwest<\/td>\n<\/tr>\n<tr>\n<td>Acoplamento<\/td>\n<td>Doriot<\/td>\n<\/tr>\n<\/tbody>\n<\/table>\n<p><strong>O PRODUTO ACOMPANHA:<\/strong><\/p>\n<ul>\n<li>01 estojo para transporte e acondicionamento da pe\u00e7a;<\/li>\n<li>01 anel de refrigera\u00e7\u00e3o;<\/li>\n<li>01 \u00f3leo lubrificante de 20ml;<\/li>\n<li>01 manual de instru\u00e7\u00f5es e certificado de garantia.<\/li>\n<\/ul>\n<table>\n<tbody>\n<tr>\n<td><strong>Comprimento:<\/strong><\/td>\n<td><strong>Altura:<\/strong><\/td>\n<td><strong>Largura:<\/strong><\/td>\n<td><strong>Peso:<\/strong><\/td>\n<\/tr>\n<tr>\n<td><strong>20,00 cm<\/strong><\/td>\n<td><strong>4,00 cm<\/strong><\/td>\n<td><strong>6,00 cm<\/strong><\/td>\n<td><strong>0,080 Kg<\/strong><\/td>\n<\/tr>\n<\/tbody>\n<\/table>\n","protected":false},"excerpt":{"rendered":"<p>Micro Motor Premium (Doriot) confeccionado em alum\u00ednio anodizado, material leve e de f\u00e1cil assepsia. Possui sistema lateral para refrigera\u00e7\u00e3o. Pe\u00e7a de baixo ru\u00eddo.<\/p>\n<p>Compat\u00edvel com contra \u00e2ngulos sistema Doriot\u00a0e com brocas de baixa rota\u00e7\u00e3o (exerce a fun\u00e7\u00e3o de pe\u00e7a reta e de micro motor em uma s\u00f3 pe\u00e7a).<\/p>\n","protected":false},"featured_media":1043,"comment_status":"open","ping_status":"closed","template":"","meta":[],"product_brand":[],"product_cat":[562],"product_tag":[],"class_list":{"0":"post-1045","1":"product","2":"type-product","3":"status-publish","4":"has-post-thumbnail","6":"product_cat-perifericos","8":"first","9":"instock","10":"shipping-taxable","11":"purchasable","12":"product-type-simple"},"_links":{"self":[{"href":"https:\/\/www.brmedal.com.br\/index.php?rest_route=\/wp\/v2\/product\/1045","targetHints":{"allow":["GET"]}}],"collection":[{"href":"https:\/\/www.brmedal.com.br\/index.php?rest_route=\/wp\/v2\/product"}],"about":[{"href":"https:\/\/www.brmedal.com.br\/index.php?rest_route=\/wp\/v2\/types\/product"}],"replies":[{"embeddable":true,"href":"https:\/\/www.brmedal.com.br\/index.php?rest_route=%2Fwp%2Fv2%2Fcomments&post=1045"}],"wp:featuredmedia":[{"embeddable":true,"href":"https:\/\/www.brmedal.com.br\/index.php?rest_route=\/wp\/v2\/media\/1043"}],"wp:attachment":[{"href":"https:\/\/www.brmedal.com.br\/index.php?rest_route=%2Fwp%2Fv2%2Fmedia&parent=1045"}],"wp:term":[{"taxonomy":"product_brand","embeddable":true,"href":"https:\/\/www.brmedal.com.br\/index.php?rest_route=%2Fwp%2Fv2%2Fproduct_brand&post=1045"},{"taxonomy":"product_cat","embeddable":true,"href":"https:\/\/www.brmedal.com.br\/index.php?rest_route=%2Fwp%2Fv2%2Fproduct_cat&post=1045"},{"taxonomy":"product_tag","embeddable":true,"href":"https:\/\/www.brmedal.com.br\/index.php?rest_route=%2Fwp%2Fv2%2Fproduct_tag&post=1045"}],"curies":[{"name":"wp","href":"https:\/\/api.w.org\/{rel}","templated":true}]}}