{"id":1051,"date":"2017-10-24T09:26:49","date_gmt":"2017-10-24T12:26:49","guid":{"rendered":"https:\/\/www.brmedal.com.br\/product\/micro-serra-ortopedica-oscilatoria-dentscler\/"},"modified":"2025-06-30T21:35:54","modified_gmt":"2025-07-01T00:35:54","slug":"micro-serra-ortopedica-oscilatoria-dentscler","status":"publish","type":"product","link":"https:\/\/www.brmedal.com.br\/?product=micro-serra-ortopedica-oscilatoria-dentscler","title":{"rendered":"Micro Serra cir\u00fargica Oscilat\u00f3ria"},"content":{"rendered":"<p>A Micro Serra Oscilat\u00f3ria &#8211; Dentscler \u00e9 ideal para diversos procedimentos cir\u00fargicos, tais como, enxertos \u00f3sseos, cirurgias buco-maxilo-faciais, cirurgias pl\u00e1sticas, levantamento de seio maxilar, ATM, cirurgias de p\u00e9 e m\u00e3o, ortop\u00e9dicas em geral, etc.<\/p>\n<p>\u00c9 um equipamento extremamente leve e anat\u00f4mico que proporciona maior precis\u00e3o nos procedimentos devido a expessura de suas laminas, 0,3mm diminuindo consideravelmente a perda \u00f3ssea do paciente e tornando o p\u00f3s operat\u00f3rio muito mais r\u00e1pido.<\/p>\n<p>Acopl\u00e1vel ao micro motor el\u00e9trico com sistema intra onde o torque e a rota\u00e7\u00e3o s\u00e3o transmitido ao disco atrav\u00e9s de um conjunto de eixos e engrenagens com rota\u00e7\u00e3o de transmiss\u00e3o 1:1 de at\u00e9 30.000 rpm.<\/p>\n<p>Comprimento:\u00a0\u00a0\u00a0\u00a0 Altura:\u00a0\u00a0\u00a0\u00a0\u00a0\u00a0\u00a0 Largura:\u00a0\u00a0\u00a0\u00a0 Peso:<\/p>\n<p>20,00 cm\u00a0\u00a0\u00a0 4,00 cm\u00a0\u00a0\u00a0\u00a0\u00a0 6,00 cm\u00a0\u00a0\u00a0\u00a0\u00a0 0,100 Kg<\/p>\n<p><strong>Caracter\u00edsticas t\u00e9cnicas:<\/strong><\/p>\n<p>Acoplamento Intra universal (el\u00e9trico ou pneum\u00e1tico)<\/p>\n<p>Lubrifica\u00e7\u00e3o \u00a0\u00d3leo lubrificante<\/p>\n<p>Spray\u00a0\u00a0\u00a0\u00a0\u00a0\u00a0\u00a0\u00a0 Irriga\u00e7\u00e3o externa acoplada<\/p>\n<p>Torque m\u00e1ximo\u00a0\u00a0 at\u00e9 50 N.cm<\/p>\n<p>Peso 100g<\/p>\n<p>Rota\u00e7\u00e3o At\u00e9 30.000 rpm<\/p>\n<p>Deslocamento 3\u00b0<\/p>\n<p><strong>Materiais acompanhantes:<\/strong><\/p>\n<p>01 estojo para transporte e acondicionamento da pe\u00e7a;<\/p>\n<p>01 \u00f3leo lubrificante;<\/p>\n<p>01 chave para troca de l\u00e2minas;<\/p>\n<p>01 kit de l\u00e2minas contendo:<\/p>\n<p>01 l\u00e2mina de 6mm (l\u00e2mina) x 28mm (haste)<\/p>\n<p>01 l\u00e2mina de 6mm (l\u00e2mina) x 43mm (haste)<\/p>\n<p>01 l\u00e2mina de 8mm (l\u00e2mina) x 28mm (haste)<\/p>\n<p>01 l\u00e2mina de 8mm (l\u00e2mina) x 43mm (haste)<\/p>\n<p>01 anel de refrigera\u00e7\u00e3o;<\/p>\n<p>01 manual e certificado de garantia.<\/p>\n","protected":false},"excerpt":{"rendered":"<p>A Micro Serra Oscilat\u00f3ria &#8211; Dentscler \u00e9 ideal para diversos procedimentos cir\u00fargicos, tais como, enxertos \u00f3sseos, cirurgias buco-maxilo-faciais, cirurgias pl\u00e1sticas, levantamento de seio maxilar, ATM, cirurgias de p\u00e9 e m\u00e3o, ortop\u00e9dicas em geral, etc.<\/p>\n<p>Equipamento extremamente leve e anat\u00f4mico. Maior precis\u00e3o nos procedimentos devido a espessura de suas l\u00e2minas, 0,3mm diminuindo consideravelmente a perda \u00f3ssea do paciente e tornando o p\u00f3s operat\u00f3rio muito mais r\u00e1pido.<\/p>\n<p>Acopl\u00e1vel ao micro motor el\u00e9trico com sistema intra onde o torque e a rota\u00e7\u00e3o s\u00e3o transmitidos ao disco atrav\u00e9s de um conjunto de eixos e engrenagens com rota\u00e7\u00e3o de transmiss\u00e3o 1:1 de at\u00e9 30.000 rpm.<\/p>\n<p>&nbsp;<\/p>\n","protected":false},"featured_media":1049,"comment_status":"open","ping_status":"closed","template":"","meta":[],"product_brand":[],"product_cat":[535,561],"product_tag":[],"class_list":{"0":"post-1051","1":"product","2":"type-product","3":"status-publish","4":"has-post-thumbnail","6":"product_cat-equipamentos-medicina","7":"product_cat-ortopedia","9":"first","10":"instock","11":"shipping-taxable","12":"purchasable","13":"product-type-simple"},"_links":{"self":[{"href":"https:\/\/www.brmedal.com.br\/index.php?rest_route=\/wp\/v2\/product\/1051","targetHints":{"allow":["GET"]}}],"collection":[{"href":"https:\/\/www.brmedal.com.br\/index.php?rest_route=\/wp\/v2\/product"}],"about":[{"href":"https:\/\/www.brmedal.com.br\/index.php?rest_route=\/wp\/v2\/types\/product"}],"replies":[{"embeddable":true,"href":"https:\/\/www.brmedal.com.br\/index.php?rest_route=%2Fwp%2Fv2%2Fcomments&post=1051"}],"wp:featuredmedia":[{"embeddable":true,"href":"https:\/\/www.brmedal.com.br\/index.php?rest_route=\/wp\/v2\/media\/1049"}],"wp:attachment":[{"href":"https:\/\/www.brmedal.com.br\/index.php?rest_route=%2Fwp%2Fv2%2Fmedia&parent=1051"}],"wp:term":[{"taxonomy":"product_brand","embeddable":true,"href":"https:\/\/www.brmedal.com.br\/index.php?rest_route=%2Fwp%2Fv2%2Fproduct_brand&post=1051"},{"taxonomy":"product_cat","embeddable":true,"href":"https:\/\/www.brmedal.com.br\/index.php?rest_route=%2Fwp%2Fv2%2Fproduct_cat&post=1051"},{"taxonomy":"product_tag","embeddable":true,"href":"https:\/\/www.brmedal.com.br\/index.php?rest_route=%2Fwp%2Fv2%2Fproduct_tag&post=1051"}],"curies":[{"name":"wp","href":"https:\/\/api.w.org\/{rel}","templated":true}]}}