{"id":1058,"date":"2017-10-24T11:18:40","date_gmt":"2017-10-24T14:18:40","guid":{"rendered":"https:\/\/www.brmedal.com.br\/product\/micro-serra-reciprocante\/"},"modified":"2025-06-30T21:52:16","modified_gmt":"2025-07-01T00:52:16","slug":"micro-serra-reciprocante","status":"publish","type":"product","link":"https:\/\/www.brmedal.com.br\/?product=micro-serra-reciprocante","title":{"rendered":"Micro Serra cir\u00fagica Reciprocante"},"content":{"rendered":"<p>&nbsp;<\/p>\n<table>\n<tbody>\n<tr>\n<td colspan=\"2\"><strong>Caracter\u00edsticas t\u00e9cnicas:<\/strong><\/td>\n<\/tr>\n<tr>\n<td>Acoplamento<\/td>\n<td>Intra universal (el\u00e9trico ou pneum\u00e1tico)<\/td>\n<\/tr>\n<tr>\n<td>Lubrifica\u00e7\u00e3o<\/td>\n<td>\u00d3leo lubrificante<\/td>\n<\/tr>\n<tr>\n<td>Peso<\/td>\n<td>100g<\/td>\n<\/tr>\n<tr>\n<td>Rota\u00e7\u00e3o<\/td>\n<td>At\u00e9 30.000 rpm<\/td>\n<\/tr>\n<tr>\n<td>Deslocamento<\/td>\n<td>2,3mm<\/td>\n<\/tr>\n<\/tbody>\n<\/table>\n<p><strong>Materiais acompanhantes:<\/strong><\/p>\n<ul>\n<li>01 estojo para transporte e acondicionamento da pe\u00e7a;<\/li>\n<li>01 \u00f3leo lubrificante;<\/li>\n<li>01 chave\u00a0para troca de l\u00e2minas;<\/li>\n<li>01 kit de l\u00e2minas contendo:<\/li>\n<\/ul>\n<ul>\n<li>01 l\u00e2mina de 18mm<\/li>\n<li>01 l\u00e2mina de 22mm<\/li>\n<li>01 l\u00e2mina de 24mm<\/li>\n<\/ul>\n<ul>\n<li>01 anel de refrigera\u00e7\u00e3o;<\/li>\n<li>01 manual e certificado de garantia.<\/li>\n<\/ul>\n<table>\n<tbody>\n<tr>\n<td><strong>Comprimento:<\/strong><\/td>\n<td><strong>Altura:<\/strong><\/td>\n<td><strong>Largura:<\/strong><\/td>\n<td><strong>Peso:<\/strong><\/td>\n<\/tr>\n<tr>\n<td><strong>21,00 cm<\/strong><\/td>\n<td><strong>5,00 cm<\/strong><\/td>\n<td><strong>7,00 cm<\/strong><\/td>\n<td><strong>0,500 Kg<\/strong><\/td>\n<\/tr>\n<\/tbody>\n<\/table>\n","protected":false},"excerpt":{"rendered":"<p>Ideal para diversos procedimentos cir\u00fargicos, tais como, enxertos \u00f3sseos, cirurgias buco-maxilo-faciais, cirurgias pl\u00e1sticas, levantamento de seio maxilar, ATM, cirurgias de p\u00e9 e m\u00e3o, ortop\u00e9dicas em geral, etc.<\/p>\n<p>\u00c9 um equipamento extremamente leve e anat\u00f4mico que proporciona\u00a0maior precis\u00e3o nos procedimentos devido a espessura de suas l\u00e2minas, 0,3mm\u00a0diminuindo consideravelmente a perda \u00f3ssea do paciente e tornando o p\u00f3s operat\u00f3rio muito mais r\u00e1pido.<\/p>\n<p>Acopl\u00e1vel ao micro motor el\u00e9trico com sistema intra onde o torque e a rota\u00e7\u00e3o s\u00e3o transmitidos\u00a0ao disco\u00a0atrav\u00e9s de um conjunto de eixos e engrenagens com rota\u00e7\u00e3o de transmiss\u00e3o 1:1 de at\u00e9 30.000 rpm.<\/p>\n<p>&nbsp;<\/p>\n","protected":false},"featured_media":1055,"comment_status":"open","ping_status":"closed","template":"","meta":[],"product_brand":[],"product_cat":[535,546],"product_tag":[],"class_list":{"0":"post-1058","1":"product","2":"type-product","3":"status-publish","4":"has-post-thumbnail","6":"product_cat-equipamentos-medicina","7":"product_cat-equipamentos-odontologia","9":"first","10":"instock","11":"shipping-taxable","12":"purchasable","13":"product-type-simple"},"_links":{"self":[{"href":"https:\/\/www.brmedal.com.br\/index.php?rest_route=\/wp\/v2\/product\/1058","targetHints":{"allow":["GET"]}}],"collection":[{"href":"https:\/\/www.brmedal.com.br\/index.php?rest_route=\/wp\/v2\/product"}],"about":[{"href":"https:\/\/www.brmedal.com.br\/index.php?rest_route=\/wp\/v2\/types\/product"}],"replies":[{"embeddable":true,"href":"https:\/\/www.brmedal.com.br\/index.php?rest_route=%2Fwp%2Fv2%2Fcomments&post=1058"}],"wp:featuredmedia":[{"embeddable":true,"href":"https:\/\/www.brmedal.com.br\/index.php?rest_route=\/wp\/v2\/media\/1055"}],"wp:attachment":[{"href":"https:\/\/www.brmedal.com.br\/index.php?rest_route=%2Fwp%2Fv2%2Fmedia&parent=1058"}],"wp:term":[{"taxonomy":"product_brand","embeddable":true,"href":"https:\/\/www.brmedal.com.br\/index.php?rest_route=%2Fwp%2Fv2%2Fproduct_brand&post=1058"},{"taxonomy":"product_cat","embeddable":true,"href":"https:\/\/www.brmedal.com.br\/index.php?rest_route=%2Fwp%2Fv2%2Fproduct_cat&post=1058"},{"taxonomy":"product_tag","embeddable":true,"href":"https:\/\/www.brmedal.com.br\/index.php?rest_route=%2Fwp%2Fv2%2Fproduct_tag&post=1058"}],"curies":[{"name":"wp","href":"https:\/\/api.w.org\/{rel}","templated":true}]}}