{"id":1111,"date":"2017-10-26T07:38:02","date_gmt":"2017-10-26T10:38:02","guid":{"rendered":"https:\/\/www.brmedal.com.br\/product\/peca-de-mao-alta-rotacao-necta-elipse-1-spray\/"},"modified":"2025-06-28T14:01:51","modified_gmt":"2025-06-28T17:01:51","slug":"peca-de-mao-alta-rotacao-necta-elipse-1-spray","status":"publish","type":"product","link":"https:\/\/www.brmedal.com.br\/?product=peca-de-mao-alta-rotacao-necta-elipse-1-spray","title":{"rendered":"Pe\u00e7a de m\u00e3o alta rota\u00e7\u00e3o Necta Elipse (1 spray)"},"content":{"rendered":"<p>Caneta de alta rota\u00e7\u00e3o com cabe\u00e7a reduzida (30% menor), alto torque, confeccionada em alum\u00ednio anodizado, o que possibilita leveza e excelente acabamento superficial, facilitando a assepsia e desinfec\u00e7\u00e3o, cabe\u00e7a com linhas arredondadas. Baixo n\u00edvel de ru\u00eddo, sistema de rolamentos apoiados em an\u00e9is de borracha, o que permite aumento de sua durabilidade e diminui\u00e7\u00e3o do n\u00edvel de vibra\u00e7\u00e3o, spray \u00fanico para refrigera\u00e7\u00e3o da broca, pin\u00e7a confeccionada em a\u00e7o inox.<\/p>\n<p>Ideal para procedimentos em odontopediatria. Devido a sua cabe\u00e7a reduzida e arredondada, facilita os procedimentos em crian\u00e7as.<\/p>\n<table>\n<tbody>\n<tr>\n<td>Rota\u00e7\u00e3o (rpm)<\/td>\n<td>0 a 420.000<\/td>\n<\/tr>\n<tr>\n<td>Consumo de ar (L\/min)<\/td>\n<td>42<\/td>\n<\/tr>\n<tr>\n<td>Press\u00e3o (psi)<\/td>\n<td>35<\/td>\n<\/tr>\n<tr>\n<td>Di\u00e2metro da cabe\u00e7a (mm)<\/td>\n<td>7,81<\/td>\n<\/tr>\n<tr>\n<td>Altura da cabe\u00e7a (mm)<\/td>\n<td>9,43<\/td>\n<\/tr>\n<tr>\n<td>Consumo de \u00e1gua no spray (ml\/min)<\/td>\n<td>42<\/td>\n<\/tr>\n<tr>\n<td>N\u00edvel sonoro (dB)<\/td>\n<td>70<\/td>\n<\/tr>\n<tr>\n<td>Encaixe<\/td>\n<td>Borden ou Midwest<\/td>\n<\/tr>\n<tr>\n<td>Fixa\u00e7\u00e3o de brocas<\/td>\n<td>Saca Brocas<\/td>\n<\/tr>\n<tr>\n<td>Material<\/td>\n<td>Alum\u00ednio<\/td>\n<\/tr>\n<\/tbody>\n<\/table>\n<p><strong>O PRODUTO ACOMPANHA:<\/strong><\/p>\n<ul>\n<li>01 estojo para transporte e acondicionamento da pe\u00e7a;<\/li>\n<li>01 saca-brocas universal;<\/li>\n<li>01 \u00f3leo lubrificante de 20ml;<\/li>\n<li>01 agulha para limpeza do spray;<\/li>\n<li>01 manual de instru\u00e7\u00f5es e certificado de garantia.<\/li>\n<\/ul>\n<table>\n<tbody>\n<tr>\n<td><strong>Comprimento:<\/strong><\/td>\n<td><strong>Altura:<\/strong><\/td>\n<td><strong>Largura:<\/strong><\/td>\n<td><strong>Peso:<\/strong><\/td>\n<\/tr>\n<tr>\n<td><strong>20,00 cm<\/strong><\/td>\n<td><strong>4,00 cm<\/strong><\/td>\n<td><strong>6,00 cm<\/strong><\/td>\n<td><strong>0,038 K<\/strong><\/td>\n<\/tr>\n<\/tbody>\n<\/table>\n<p>&nbsp;<\/p>\n<p><strong>\u00a0<\/strong><\/p>\n<p>&nbsp;<\/p>\n","protected":false},"excerpt":{"rendered":"<p>Caneta de alta rota\u00e7\u00e3o com cabe\u00e7a reduzida (30% menor), alto torque, confeccionada em alum\u00ednio anodizado, o que possibilita leveza e excelente acabamento superficial, facilitando a assepsia e desinfec\u00e7\u00e3o, cabe\u00e7a com linhas arredondadas. Baixo n\u00edvel de ru\u00eddo, sistema de rolamentos apoiados em an\u00e9is de borracha, o que permite aumento de sua durabilidade e diminui\u00e7\u00e3o do n\u00edvel de vibra\u00e7\u00e3o, spray \u00fanico para refrigera\u00e7\u00e3o da broca, pin\u00e7a confeccionada em a\u00e7o inox.<\/p>\n<p>Ideal para procedimentos em odontopediatria. Devido a sua cabe\u00e7a reduzida e arredondada, facilita os procedimentos em crian\u00e7as.<\/p>\n","protected":false},"featured_media":15319,"comment_status":"open","ping_status":"closed","template":"","meta":[],"product_brand":[],"product_cat":[560],"product_tag":[],"class_list":{"0":"post-1111","1":"product","2":"type-product","3":"status-publish","4":"has-post-thumbnail","6":"product_cat-pecas-de-mao","8":"first","9":"instock","10":"shipping-taxable","11":"purchasable","12":"product-type-simple"},"_links":{"self":[{"href":"https:\/\/www.brmedal.com.br\/index.php?rest_route=\/wp\/v2\/product\/1111","targetHints":{"allow":["GET"]}}],"collection":[{"href":"https:\/\/www.brmedal.com.br\/index.php?rest_route=\/wp\/v2\/product"}],"about":[{"href":"https:\/\/www.brmedal.com.br\/index.php?rest_route=\/wp\/v2\/types\/product"}],"replies":[{"embeddable":true,"href":"https:\/\/www.brmedal.com.br\/index.php?rest_route=%2Fwp%2Fv2%2Fcomments&post=1111"}],"wp:featuredmedia":[{"embeddable":true,"href":"https:\/\/www.brmedal.com.br\/index.php?rest_route=\/wp\/v2\/media\/15319"}],"wp:attachment":[{"href":"https:\/\/www.brmedal.com.br\/index.php?rest_route=%2Fwp%2Fv2%2Fmedia&parent=1111"}],"wp:term":[{"taxonomy":"product_brand","embeddable":true,"href":"https:\/\/www.brmedal.com.br\/index.php?rest_route=%2Fwp%2Fv2%2Fproduct_brand&post=1111"},{"taxonomy":"product_cat","embeddable":true,"href":"https:\/\/www.brmedal.com.br\/index.php?rest_route=%2Fwp%2Fv2%2Fproduct_cat&post=1111"},{"taxonomy":"product_tag","embeddable":true,"href":"https:\/\/www.brmedal.com.br\/index.php?rest_route=%2Fwp%2Fv2%2Fproduct_tag&post=1111"}],"curies":[{"name":"wp","href":"https:\/\/api.w.org\/{rel}","templated":true}]}}