{"id":1160,"date":"2017-10-27T06:13:36","date_gmt":"2017-10-27T09:13:36","guid":{"rendered":"https:\/\/www.brmedal.com.br\/product\/trefina-cirurgica\/"},"modified":"2022-11-10T19:52:21","modified_gmt":"2022-11-10T22:52:21","slug":"trefina-cirurgica","status":"publish","type":"product","link":"https:\/\/www.brmedal.com.br\/?product=trefina-cirurgica","title":{"rendered":"Trefina Cir\u00fargica"},"content":{"rendered":"<p>Comprimento:\u00a0\u00a0\u00a0\u00a0 Altura:\u00a0\u00a0\u00a0\u00a0\u00a0\u00a0\u00a0 Largura:\u00a0\u00a0\u00a0\u00a0 Peso:<\/p>\n<p>3,00 cm\u00a0\u00a0\u00a0\u00a0 5,00 cm\u00a0\u00a0\u00a0\u00a0\u00a0 4,00 cm\u00a0\u00a0\u00a0\u00a0\u00a0 0,210 Kg<\/p>\n<p><strong>Descri\u00e7\u00e3o:<\/strong><\/p>\n<p>Trefina cir\u00fargica para contra \u00e2ngulos de implante confeccionada em a\u00e7o inox 440c, material altamente dur\u00e1vel e resistente, autoclav\u00e1vel a 135\u00b0C com demarca\u00e7\u00e3o de profundidade de 2mm, 4mm, 6mm, 8mm e 10mm.<\/p>\n<p>Ideal para remo\u00e7\u00e3o de blocos para enxertos e para remo\u00e7\u00e3o de implantes.<\/p>\n<p>IMPORTANTE<\/p>\n<p>As trefinas cir\u00fargicas est\u00e3o dispon\u00edveis nas seguintes medidas:<\/p>\n<p>di\u00e2metro interno de 3.75mm<\/p>\n<p>di\u00e2metro interno de 4.3mm<\/p>\n<p>di\u00e2metro interno de 5.5mm<\/p>\n<p>di\u00e2metro interno de 7.0mm<\/p>\n<p>di\u00e2metro interno de 9.0mm<\/p>\n<p><strong>Escolha as medidas desejadas no menu acima antes de comprar.<\/strong><\/p>\n","protected":false},"excerpt":{"rendered":"<p>Trefina cir\u00fargica para contra \u00e2ngulos de implante confeccionada em a\u00e7o inox 440c<\/p>\n","protected":false},"featured_media":1154,"comment_status":"open","ping_status":"closed","template":"","meta":[],"product_brand":[],"product_cat":[515],"product_tag":[],"class_list":{"0":"post-1160","1":"product","2":"type-product","3":"status-publish","4":"has-post-thumbnail","6":"product_cat-acessorios","8":"first","9":"onbackorder","10":"shipping-taxable","11":"purchasable","12":"product-type-simple"},"_links":{"self":[{"href":"https:\/\/www.brmedal.com.br\/index.php?rest_route=\/wp\/v2\/product\/1160","targetHints":{"allow":["GET"]}}],"collection":[{"href":"https:\/\/www.brmedal.com.br\/index.php?rest_route=\/wp\/v2\/product"}],"about":[{"href":"https:\/\/www.brmedal.com.br\/index.php?rest_route=\/wp\/v2\/types\/product"}],"replies":[{"embeddable":true,"href":"https:\/\/www.brmedal.com.br\/index.php?rest_route=%2Fwp%2Fv2%2Fcomments&post=1160"}],"wp:featuredmedia":[{"embeddable":true,"href":"https:\/\/www.brmedal.com.br\/index.php?rest_route=\/wp\/v2\/media\/1154"}],"wp:attachment":[{"href":"https:\/\/www.brmedal.com.br\/index.php?rest_route=%2Fwp%2Fv2%2Fmedia&parent=1160"}],"wp:term":[{"taxonomy":"product_brand","embeddable":true,"href":"https:\/\/www.brmedal.com.br\/index.php?rest_route=%2Fwp%2Fv2%2Fproduct_brand&post=1160"},{"taxonomy":"product_cat","embeddable":true,"href":"https:\/\/www.brmedal.com.br\/index.php?rest_route=%2Fwp%2Fv2%2Fproduct_cat&post=1160"},{"taxonomy":"product_tag","embeddable":true,"href":"https:\/\/www.brmedal.com.br\/index.php?rest_route=%2Fwp%2Fv2%2Fproduct_tag&post=1160"}],"curies":[{"name":"wp","href":"https:\/\/api.w.org\/{rel}","templated":true}]}}