{"id":14415,"date":"2022-11-16T23:52:36","date_gmt":"2022-11-17T02:52:36","guid":{"rendered":"https:\/\/www.brmedal.com.br\/?post_type=product&#038;p=14415"},"modified":"2025-10-13T00:20:53","modified_gmt":"2025-10-13T03:20:53","slug":"gorro-ou-touca-medica-cirurgica","status":"publish","type":"product","link":"https:\/\/www.brmedal.com.br\/?product=gorro-ou-touca-medica-cirurgica","title":{"rendered":"Gorro Touca Cir\u00fargica em brim"},"content":{"rendered":"","protected":false},"excerpt":{"rendered":"<p><strong>Unissex<\/strong><\/p>\n<p>Tecido: Brim Hospitalar leve &#8211; 100% Algod\u00e3o<\/p>\n<p>Confeccionado com brim profissional de excelente qualidade e alta resist\u00eancia.<\/p>\n<p>Brim com tingimento Idantrene, resistente a lavagem industrial.<\/p>\n<p>Produto indicado para uso M\u00e9dico-Odonto-Hospitalar.<\/p>\n<p>Confeccionado seguindo todas as normas t\u00e9cnicas de seguran\u00e7a e sa\u00fade do trabalho ABNT &#8211; NBR 8719.<\/p>\n<p>Cores dispon\u00edveis: azul claro e verde hospitalar. Outras cores sob encomenda.<\/p>\n<p>Tamanho \u00danico.<\/p>\n<p><strong>Importante:<\/strong><\/p>\n<p>Poder\u00e1 ocorrer leve varia\u00e7\u00e3o de tons nas cores dos tecidos, sem preju\u00edzo a qualidade e durabilidade dos produtos.<\/p>\n","protected":false},"featured_media":14416,"comment_status":"open","ping_status":"closed","template":"","meta":[],"product_brand":[],"product_cat":[776,571],"product_tag":[],"class_list":{"0":"post-14415","1":"product","2":"type-product","3":"status-publish","4":"has-post-thumbnail","6":"product_cat-destaque","7":"product_cat-rouparia","8":"pa_corroupariabrim-azul","9":"pa_corroupariabrim-verde","11":"first","12":"instock","13":"shipping-taxable","14":"purchasable","15":"product-type-variable"},"_links":{"self":[{"href":"https:\/\/www.brmedal.com.br\/index.php?rest_route=\/wp\/v2\/product\/14415","targetHints":{"allow":["GET"]}}],"collection":[{"href":"https:\/\/www.brmedal.com.br\/index.php?rest_route=\/wp\/v2\/product"}],"about":[{"href":"https:\/\/www.brmedal.com.br\/index.php?rest_route=\/wp\/v2\/types\/product"}],"replies":[{"embeddable":true,"href":"https:\/\/www.brmedal.com.br\/index.php?rest_route=%2Fwp%2Fv2%2Fcomments&post=14415"}],"wp:featuredmedia":[{"embeddable":true,"href":"https:\/\/www.brmedal.com.br\/index.php?rest_route=\/wp\/v2\/media\/14416"}],"wp:attachment":[{"href":"https:\/\/www.brmedal.com.br\/index.php?rest_route=%2Fwp%2Fv2%2Fmedia&parent=14415"}],"wp:term":[{"taxonomy":"product_brand","embeddable":true,"href":"https:\/\/www.brmedal.com.br\/index.php?rest_route=%2Fwp%2Fv2%2Fproduct_brand&post=14415"},{"taxonomy":"product_cat","embeddable":true,"href":"https:\/\/www.brmedal.com.br\/index.php?rest_route=%2Fwp%2Fv2%2Fproduct_cat&post=14415"},{"taxonomy":"product_tag","embeddable":true,"href":"https:\/\/www.brmedal.com.br\/index.php?rest_route=%2Fwp%2Fv2%2Fproduct_tag&post=14415"}],"curies":[{"name":"wp","href":"https:\/\/api.w.org\/{rel}","templated":true}]}}