{"id":14546,"date":"2023-06-06T11:07:37","date_gmt":"2023-06-06T14:07:37","guid":{"rendered":"https:\/\/www.brmedal.com.br\/?post_type=product&#038;p=14546"},"modified":"2023-06-19T17:05:25","modified_gmt":"2023-06-19T20:05:25","slug":"tenis-olympikus-reacao-feminino","status":"publish","type":"product","link":"https:\/\/www.brmedal.com.br\/?product=tenis-olympikus-reacao-feminino","title":{"rendered":"T\u00eanis Olympikus Original &#8211; Rea\u00e7\u00e3o Feminino"},"content":{"rendered":"<ul class=\"attributes\">\n<li><strong>Nome:<\/strong> T\u00eanis Olympikus Rea\u00e7\u00e3o Feminino<\/li>\n<li><strong>G\u00eanero:<\/strong> Feminino<\/li>\n<li><strong>Indicado para:<\/strong>\u00a0Dia a Dia<\/li>\n<li><strong>Material:<\/strong>\u00a0Mesh<\/li>\n<li><strong>Categoria:<\/strong>\u00a0Amortecimento<\/li>\n<li><strong>Composi\u00e7\u00e3o:<\/strong>\u00a0Cabedal: Mesh; Entressola: EVA; Solado: Borracha<\/li>\n<li><strong>Tecnologia:<\/strong>\u00a0EVAsense<\/li>\n<li><strong>Pisada:<\/strong>\u00a0Neutra<\/li>\n<li><strong>Defini\u00e7\u00e3o da Tecnologia:<\/strong>\u00a0Tecnologia em EVA, proporciona alto n\u00edvel de maciez e maior sensa\u00e7\u00e3o de conforto.<\/li>\n<li><strong>Origem:<\/strong>\u00a0Nacional<\/li>\n<li><strong>Marca:\u00a0<\/strong><a href=\"https:\/\/www.netshoes.com.br\/olympikus\">Olympikus<\/a><\/li>\n<\/ul>\n","protected":false},"excerpt":{"rendered":"<p>Conte com o T\u00eanis Olympikus Feminino para superar seus limites em suas caminhadas e corridas leves di\u00e1rias. Com um design moderno, o cal\u00e7ado traz um cabedal confeccionado com material macio com tramas abertas localizadas em pontos estrat\u00e9gicos para maior respirabilidade entre uma passada e outra. Al\u00e9m disso, atrav\u00e9s da tecnologia Evasense o modelo proporciona maciez e impulsiona para voc\u00ea ir mais longe sem perder o conforto. Aproveite a oportunidade e garanta j\u00e1 o seu T\u00eanis Masculino da Olympikus!<\/p>\n<p><strong>\u00daLTIMAS UNIDADES!<\/strong><\/p>\n","protected":false},"featured_media":14547,"comment_status":"open","ping_status":"closed","template":"","meta":[],"product_brand":[],"product_cat":[776],"product_tag":[],"class_list":{"0":"post-14546","1":"product","2":"type-product","3":"status-publish","4":"has-post-thumbnail","6":"product_cat-destaque","8":"first","9":"instock","10":"shipping-taxable","11":"purchasable","12":"product-type-variable"},"_links":{"self":[{"href":"https:\/\/www.brmedal.com.br\/index.php?rest_route=\/wp\/v2\/product\/14546","targetHints":{"allow":["GET"]}}],"collection":[{"href":"https:\/\/www.brmedal.com.br\/index.php?rest_route=\/wp\/v2\/product"}],"about":[{"href":"https:\/\/www.brmedal.com.br\/index.php?rest_route=\/wp\/v2\/types\/product"}],"replies":[{"embeddable":true,"href":"https:\/\/www.brmedal.com.br\/index.php?rest_route=%2Fwp%2Fv2%2Fcomments&post=14546"}],"wp:featuredmedia":[{"embeddable":true,"href":"https:\/\/www.brmedal.com.br\/index.php?rest_route=\/wp\/v2\/media\/14547"}],"wp:attachment":[{"href":"https:\/\/www.brmedal.com.br\/index.php?rest_route=%2Fwp%2Fv2%2Fmedia&parent=14546"}],"wp:term":[{"taxonomy":"product_brand","embeddable":true,"href":"https:\/\/www.brmedal.com.br\/index.php?rest_route=%2Fwp%2Fv2%2Fproduct_brand&post=14546"},{"taxonomy":"product_cat","embeddable":true,"href":"https:\/\/www.brmedal.com.br\/index.php?rest_route=%2Fwp%2Fv2%2Fproduct_cat&post=14546"},{"taxonomy":"product_tag","embeddable":true,"href":"https:\/\/www.brmedal.com.br\/index.php?rest_route=%2Fwp%2Fv2%2Fproduct_tag&post=14546"}],"curies":[{"name":"wp","href":"https:\/\/api.w.org\/{rel}","templated":true}]}}