{"id":14640,"date":"2023-07-10T16:15:17","date_gmt":"2023-07-10T19:15:17","guid":{"rendered":"https:\/\/www.brmedal.com.br\/?post_type=product&#038;p=14640"},"modified":"2025-08-11T20:39:32","modified_gmt":"2025-08-11T23:39:32","slug":"acucar-cristal-icumsa-150-sacos-de-50-kgs","status":"publish","type":"product","link":"https:\/\/www.brmedal.com.br\/?product=acucar-cristal-icumsa-150-sacos-de-50-kgs","title":{"rendered":"A\u00e7\u00facar Cristal &#8211; Icumsa 150 &#8211; sacos de 50 kgs"},"content":{"rendered":"<p>O A\u00e7\u00facar Cristal em forma cristalina, passa por peneiramento em malha com abertura de 14 mesh (ABNT) obtendo-se um produto final caracterizado por cristais brancos, brilhantes e mais homog\u00eaneos. A mat\u00e9ria-prima \u00e9 o A\u00e7\u00facar Cristal produzido diretamente na usina atrav\u00e9s do caldo de cana-de-a\u00e7\u00facar.<\/p>\n<p><strong>Composi\u00e7\u00e3o:<\/strong>\u00a0 Sacarose (99,7% m\u00ednimo ). Icumsa at\u00e9 180.<\/p>\n<p><strong>Aplica\u00e7\u00f5es<\/strong><\/p>\n<p>\u2022 Ado\u00e7ante em sucos, bebidas e caf\u00e9; \u00a0\u2022 Elabora\u00e7\u00e3o de bolos, doces e confeitos;<\/p>\n<p>\u2022 Preparo de p\u00e3es e biscoitos.\u00a0\u00a0 \u2022 Sorvetes;\u00a0\u00a0 \u2022 Cervejarias;<\/p>\n<p>\u2022 Ind\u00fastria aliment\u00edcia em geral\u00a0 \u2022 Refrigerantes;\u00a0\u00a0 \u2022 Fabrica\u00e7\u00e3o de gelatina;<\/p>\n","protected":false},"excerpt":{"rendered":"<p>O A\u00e7\u00facar Cristal em forma cristalina, passa por peneiramento em malha com abertura de 14 mesh (ABNT) obtendo-se um produto final caracterizado por cristais brancos, brilhantes e mais homog\u00eaneos. A mat\u00e9ria-prima \u00e9 o A\u00e7\u00facar Cristal produzido diretamente na usina atrav\u00e9s do caldo de cana-de-a\u00e7\u00facar.<\/p>\n<p>Icumsa 150.<\/p>\n<p><strong>Aplica\u00e7\u00f5es<\/strong><\/p>\n<p>\u2022 Ado\u00e7ante em sucos, bebidas e caf\u00e9; \u00a0\u2022 Elabora\u00e7\u00e3o de bolos, doces e confeitos;<\/p>\n<p>\u2022 Preparo de p\u00e3es e biscoitos.\u00a0\u00a0 \u2022 Sorvetes;\u00a0\u00a0 \u2022 Cervejarias;<\/p>\n<p>\u2022 Ind\u00fastria aliment\u00edcia em geral\u00a0 \u2022 Refrigerantes;\u00a0\u00a0 \u2022 Fabrica\u00e7\u00e3o de gelatina<\/p>\n<p><strong>PRE\u00c7O POR KG, SUJEITO A VARIA\u00c7\u00c3O DO DIA.<\/strong><\/p>\n<p><strong>PEDIDOS M\u00cdNIMO: CARGA FECHADA<\/strong><\/p>\n<p><strong>FRETE A COMBINAR<\/strong><\/p>\n","protected":false},"featured_media":14641,"comment_status":"open","ping_status":"closed","template":"","meta":[],"product_brand":[],"product_cat":[581,513,512,776],"product_tag":[],"class_list":{"0":"post-14640","1":"product","2":"type-product","3":"status-publish","4":"has-post-thumbnail","6":"product_cat-acucar","7":"product_cat-alimentos","8":"product_cat-alimentos-e-consumo","9":"product_cat-destaque","11":"first","12":"instock","13":"shipping-taxable","14":"purchasable","15":"product-type-simple"},"_links":{"self":[{"href":"https:\/\/www.brmedal.com.br\/index.php?rest_route=\/wp\/v2\/product\/14640","targetHints":{"allow":["GET"]}}],"collection":[{"href":"https:\/\/www.brmedal.com.br\/index.php?rest_route=\/wp\/v2\/product"}],"about":[{"href":"https:\/\/www.brmedal.com.br\/index.php?rest_route=\/wp\/v2\/types\/product"}],"replies":[{"embeddable":true,"href":"https:\/\/www.brmedal.com.br\/index.php?rest_route=%2Fwp%2Fv2%2Fcomments&post=14640"}],"wp:featuredmedia":[{"embeddable":true,"href":"https:\/\/www.brmedal.com.br\/index.php?rest_route=\/wp\/v2\/media\/14641"}],"wp:attachment":[{"href":"https:\/\/www.brmedal.com.br\/index.php?rest_route=%2Fwp%2Fv2%2Fmedia&parent=14640"}],"wp:term":[{"taxonomy":"product_brand","embeddable":true,"href":"https:\/\/www.brmedal.com.br\/index.php?rest_route=%2Fwp%2Fv2%2Fproduct_brand&post=14640"},{"taxonomy":"product_cat","embeddable":true,"href":"https:\/\/www.brmedal.com.br\/index.php?rest_route=%2Fwp%2Fv2%2Fproduct_cat&post=14640"},{"taxonomy":"product_tag","embeddable":true,"href":"https:\/\/www.brmedal.com.br\/index.php?rest_route=%2Fwp%2Fv2%2Fproduct_tag&post=14640"}],"curies":[{"name":"wp","href":"https:\/\/api.w.org\/{rel}","templated":true}]}}