{"id":14695,"date":"2023-10-07T15:35:40","date_gmt":"2023-10-07T18:35:40","guid":{"rendered":"https:\/\/www.brmedal.com.br\/?post_type=product&#038;p=14695"},"modified":"2023-10-12T16:51:33","modified_gmt":"2023-10-12T19:51:33","slug":"bomba-de-vacuo-suctron-pratic-1-consultorio","status":"publish","type":"product","link":"https:\/\/www.brmedal.com.br\/?product=bomba-de-vacuo-suctron-pratic-1-consultorio","title":{"rendered":"Bomba de V\u00e1cuo Suctron Pratic &#8211; 1 Consult\u00f3rio"},"content":{"rendered":"<p>* Turbina completa em liga de bronze.<br \/>\n* Filtro coletor de detritos na entrada da suc\u00e7\u00e3o com abertura superior, evitando o contato com os res\u00edduos, tornando-o pr\u00e1tico, eficiente e de f\u00e1cil limpeza.<br \/>\n* Filtro de entrada de \u00e1gua.<br \/>\n* Protetor t\u00e9rmico intermitente. Protege o motor e o circuito eletr\u00f4nico de quedas de tens\u00e3o na rede externa.<br \/>\n* Motor com eixo central em inox.<br \/>\n* Garantia Turbina de Bronze: 10 anos.<\/p>\n","protected":false},"excerpt":{"rendered":"<p>* Possui gabinete em poliestireno de alto impacto.<br \/>\n* Extremamente silenciosa: Com um sistema exclusivo de funcionamento em baixa rota\u00e7\u00e3o, proporciona o sil\u00eancio necess\u00e1rio ao ambiente de trabalho.<br \/>\n* Possui dimens\u00f5es reduzidas valorizando o espa\u00e7o interno do consult\u00f3rio.<br \/>\n* Sistema autom\u00e1tico de descarga dos res\u00edduos diretamente ao esgoto.<br \/>\n* Pr\u00e9-lavagem autom\u00e1tica no filtro coletor.<br \/>\n* Turbina com dimensionamento para alto rendimento.<br \/>\n* Temporizador de varredura &#8211; exclusividade Schuster: Sistema que ao colocar o suctor no suporte da unidade auxiliar, a suc\u00e7\u00e3o permanece por aproximadamente 15 segundos a fim de limpar toda a tubula\u00e7\u00e3o interna.<\/p>\n<p><strong>EM AT\u00c9 6X SEM JUROS! CHAME AGORA!<\/strong><\/p>\n","protected":false},"featured_media":14696,"comment_status":"open","ping_status":"closed","template":"","meta":[],"product_brand":[],"product_cat":[546,510],"product_tag":[],"class_list":{"0":"post-14695","1":"product","2":"type-product","3":"status-publish","4":"has-post-thumbnail","6":"product_cat-equipamentos-odontologia","7":"product_cat-odontologia","9":"first","10":"instock","11":"shipping-taxable","12":"purchasable","13":"product-type-simple"},"_links":{"self":[{"href":"https:\/\/www.brmedal.com.br\/index.php?rest_route=\/wp\/v2\/product\/14695","targetHints":{"allow":["GET"]}}],"collection":[{"href":"https:\/\/www.brmedal.com.br\/index.php?rest_route=\/wp\/v2\/product"}],"about":[{"href":"https:\/\/www.brmedal.com.br\/index.php?rest_route=\/wp\/v2\/types\/product"}],"replies":[{"embeddable":true,"href":"https:\/\/www.brmedal.com.br\/index.php?rest_route=%2Fwp%2Fv2%2Fcomments&post=14695"}],"wp:featuredmedia":[{"embeddable":true,"href":"https:\/\/www.brmedal.com.br\/index.php?rest_route=\/wp\/v2\/media\/14696"}],"wp:attachment":[{"href":"https:\/\/www.brmedal.com.br\/index.php?rest_route=%2Fwp%2Fv2%2Fmedia&parent=14695"}],"wp:term":[{"taxonomy":"product_brand","embeddable":true,"href":"https:\/\/www.brmedal.com.br\/index.php?rest_route=%2Fwp%2Fv2%2Fproduct_brand&post=14695"},{"taxonomy":"product_cat","embeddable":true,"href":"https:\/\/www.brmedal.com.br\/index.php?rest_route=%2Fwp%2Fv2%2Fproduct_cat&post=14695"},{"taxonomy":"product_tag","embeddable":true,"href":"https:\/\/www.brmedal.com.br\/index.php?rest_route=%2Fwp%2Fv2%2Fproduct_tag&post=14695"}],"curies":[{"name":"wp","href":"https:\/\/api.w.org\/{rel}","templated":true}]}}