{"id":14700,"date":"2023-10-07T15:56:37","date_gmt":"2023-10-07T18:56:37","guid":{"rendered":"https:\/\/www.brmedal.com.br\/?post_type=product&#038;p=14700"},"modified":"2023-10-12T16:53:46","modified_gmt":"2023-10-12T19:53:46","slug":"kit-suctor-ii-para-bomba-de-vacuo-com-filtro","status":"publish","type":"product","link":"https:\/\/www.brmedal.com.br\/?product=kit-suctor-ii-para-bomba-de-vacuo-com-filtro","title":{"rendered":"Kit Suctor II para bomba de v\u00e1cuo &#8211; com filtro"},"content":{"rendered":"<p>* Ponteiras cromadas podem ser adquiridas separadamente como reserva durante o processo de esteriliza\u00e7\u00e3o.<br \/>\n* Peso L\u00edquido: 1,2Kg.<br \/>\n* Peso Bruto com Embalagem: 1,7Kg.<br \/>\n* Comprimento mangueira do registro suctor saliva: 1,6m.<br \/>\n* Comprimento mangueira corrugada: 3m.<\/p>\n","protected":false},"excerpt":{"rendered":"<p>* 1 Suctor de \u00d86mm (Saliva), com filtro.<br \/>\n* Pintura eletrost\u00e1tica de alta resist\u00eancia.<br \/>\n* Filtro de res\u00edduos: Pr\u00e1tico, eficiente e de f\u00e1cil remo\u00e7\u00e3o para limpeza.<br \/>\n* Suctores reguladores de suc\u00e7\u00e3o.<br \/>\n* Em alum\u00ednio anodizado com ponteiras cromadas remov\u00edveis e autoclav\u00e1veis.<br \/>\n* Corpo liso isento de registros laterais.<\/p>\n","protected":false},"featured_media":14701,"comment_status":"open","ping_status":"closed","template":"","meta":[],"product_brand":[],"product_cat":[546,510],"product_tag":[],"class_list":{"0":"post-14700","1":"product","2":"type-product","3":"status-publish","4":"has-post-thumbnail","6":"product_cat-equipamentos-odontologia","7":"product_cat-odontologia","9":"first","10":"instock","11":"shipping-taxable","12":"purchasable","13":"product-type-simple"},"_links":{"self":[{"href":"https:\/\/www.brmedal.com.br\/index.php?rest_route=\/wp\/v2\/product\/14700","targetHints":{"allow":["GET"]}}],"collection":[{"href":"https:\/\/www.brmedal.com.br\/index.php?rest_route=\/wp\/v2\/product"}],"about":[{"href":"https:\/\/www.brmedal.com.br\/index.php?rest_route=\/wp\/v2\/types\/product"}],"replies":[{"embeddable":true,"href":"https:\/\/www.brmedal.com.br\/index.php?rest_route=%2Fwp%2Fv2%2Fcomments&post=14700"}],"wp:featuredmedia":[{"embeddable":true,"href":"https:\/\/www.brmedal.com.br\/index.php?rest_route=\/wp\/v2\/media\/14701"}],"wp:attachment":[{"href":"https:\/\/www.brmedal.com.br\/index.php?rest_route=%2Fwp%2Fv2%2Fmedia&parent=14700"}],"wp:term":[{"taxonomy":"product_brand","embeddable":true,"href":"https:\/\/www.brmedal.com.br\/index.php?rest_route=%2Fwp%2Fv2%2Fproduct_brand&post=14700"},{"taxonomy":"product_cat","embeddable":true,"href":"https:\/\/www.brmedal.com.br\/index.php?rest_route=%2Fwp%2Fv2%2Fproduct_cat&post=14700"},{"taxonomy":"product_tag","embeddable":true,"href":"https:\/\/www.brmedal.com.br\/index.php?rest_route=%2Fwp%2Fv2%2Fproduct_tag&post=14700"}],"curies":[{"name":"wp","href":"https:\/\/api.w.org\/{rel}","templated":true}]}}