{"id":14775,"date":"2023-10-25T16:12:41","date_gmt":"2023-10-25T19:12:41","guid":{"rendered":"https:\/\/www.brmedal.com.br\/?post_type=product&#038;p=14775"},"modified":"2025-06-30T20:16:40","modified_gmt":"2025-06-30T23:16:40","slug":"motor-omega-std","status":"publish","type":"product","link":"https:\/\/www.brmedal.com.br\/?product=motor-omega-std","title":{"rendered":"Motor de implante Om\u00eaga STD"},"content":{"rendered":"<p><strong>Caracter\u00edsticas:<\/strong><\/p>\n<p>\u2013 Bi-volt\/autom\u00e1tico (funciona em qualquer tens\u00e3o 95 a 240 volts ou 50\/60 Hz)<\/p>\n<p>\u2013 Moderno sistema de irriga\u00e7\u00e3o atrav\u00e9s de bomba perist\u00e1ltica de f\u00e1cil manuseio.<\/p>\n<p>\u2013 Micromotor com sistema de encaixe universal intra, sendo assim, possibilita trabalhar com todas as marcas de Drills do mercado. Cabo exclusivo revestido por mangueira de silicone muito mais flex\u00edvel eliminando evitando problemas com mal contato. Possui tamb\u00e9m sistema de irriga\u00e7\u00e3o interna ao cabo que proporciona maior seguran\u00e7a e mobilidade ao profissional eliminando o risco de infec\u00e7\u00e3o cruzada.<\/p>\n<p>\u2013 Sistema de revers\u00e3o do giro do motor atrav\u00e9s do pedal (com bip sonoro) ou atrav\u00e9s de revers\u00e3o manual (permite invers\u00e3o do sentido de rota\u00e7\u00e3o do motor com seguran\u00e7a e praticidade).<\/p>\n<p>\u2013 Motor para implantes e cirurgias com rota\u00e7\u00e3o at\u00e9 27.000 RPM;<\/p>\n<p>\u2013 Torque fixo em 45 Ncm para todos os procedimentos cir\u00fargicos;<\/p>\n<p>\u2013 Pedal inteligente com acionamento da bomba e reverso;<\/p>\n<p>\u2013 Cabo do micro motor com irriga\u00e7\u00e3o interna revestido com capa de silicone;<\/p>\n<p>\u2013 Acompanha maleta em couro;<\/p>\n","protected":false},"excerpt":{"rendered":"<p>O Motor de Implante STd foi desenvolvido para procedimentos cir\u00fargicos de perfura\u00e7\u00e3o, desgaste, polimento e corte \u00f3sseo. Sendo assim, abrange cirurgias de implantodontia, cirurgias buco-maxilo-facial, cirurgias ortop\u00e9dicas de ossos de pequeno porte, cirurgias ortogn\u00e1ticas, cirurgias de enxerto \u00f3sseo e cirurgias paraendod\u00f4nticas.<\/p>\n<p><strong>EM AT\u00c9 5X SEM JUROS!<\/strong><\/p>\n","protected":false},"featured_media":14776,"comment_status":"open","ping_status":"closed","template":"","meta":[],"product_brand":[],"product_cat":[776],"product_tag":[],"class_list":{"0":"post-14775","1":"product","2":"type-product","3":"status-publish","4":"has-post-thumbnail","6":"product_cat-destaque","8":"first","9":"instock","10":"shipping-taxable","11":"purchasable","12":"product-type-simple"},"_links":{"self":[{"href":"https:\/\/www.brmedal.com.br\/index.php?rest_route=\/wp\/v2\/product\/14775","targetHints":{"allow":["GET"]}}],"collection":[{"href":"https:\/\/www.brmedal.com.br\/index.php?rest_route=\/wp\/v2\/product"}],"about":[{"href":"https:\/\/www.brmedal.com.br\/index.php?rest_route=\/wp\/v2\/types\/product"}],"replies":[{"embeddable":true,"href":"https:\/\/www.brmedal.com.br\/index.php?rest_route=%2Fwp%2Fv2%2Fcomments&post=14775"}],"wp:featuredmedia":[{"embeddable":true,"href":"https:\/\/www.brmedal.com.br\/index.php?rest_route=\/wp\/v2\/media\/14776"}],"wp:attachment":[{"href":"https:\/\/www.brmedal.com.br\/index.php?rest_route=%2Fwp%2Fv2%2Fmedia&parent=14775"}],"wp:term":[{"taxonomy":"product_brand","embeddable":true,"href":"https:\/\/www.brmedal.com.br\/index.php?rest_route=%2Fwp%2Fv2%2Fproduct_brand&post=14775"},{"taxonomy":"product_cat","embeddable":true,"href":"https:\/\/www.brmedal.com.br\/index.php?rest_route=%2Fwp%2Fv2%2Fproduct_cat&post=14775"},{"taxonomy":"product_tag","embeddable":true,"href":"https:\/\/www.brmedal.com.br\/index.php?rest_route=%2Fwp%2Fv2%2Fproduct_tag&post=14775"}],"curies":[{"name":"wp","href":"https:\/\/api.w.org\/{rel}","templated":true}]}}