{"id":14785,"date":"2023-10-25T20:01:33","date_gmt":"2023-10-25T23:01:33","guid":{"rendered":"https:\/\/www.brmedal.com.br\/?post_type=product&#038;p=14785"},"modified":"2023-10-25T20:01:33","modified_gmt":"2023-10-25T23:01:33","slug":"saca-protese-mecanica-com-5-pontas","status":"publish","type":"product","link":"https:\/\/www.brmedal.com.br\/?product=saca-protese-mecanica-com-5-pontas","title":{"rendered":"Saca Pr\u00f3tese &#8211; Mec\u00e2nica &#8211; com 5 pontas"},"content":{"rendered":"<p>A v\u00e1lvula azul localizada na extremidade do equipamento funciona como regulagem de press\u00e3o, sendo poss\u00edvel regular a intensidade.<\/p>\n<p><strong>Acompanha 5 pontas.<\/strong><\/p>\n","protected":false},"excerpt":{"rendered":"<p>Equipamento \u00e9 destinado para remo\u00e7\u00e3o de pr\u00f3teses atrav\u00e9s de press\u00e3o de ar, com encaixe borden (dois furos \/ universal), sem utilizar a for\u00e7a manual.<\/p>\n<p>Remova a pr\u00f3tese sem a utiliza\u00e7\u00e3o de for\u00e7a, bastando assim apenas o acionamento pneum\u00e1tico.<\/p>\n<p>Ao pressionar o bot\u00e3o e o pedal simultaneamente, o equipamento produzir\u00e1 o impacto necess\u00e1rio para a remo\u00e7\u00e3o da pr\u00f3tese.<\/p>\n<p>A v\u00e1lvula azul localizada na extremidade do equipamento funciona como regulagem de press\u00e3o, sendo poss\u00edvel regular a intensidade.<\/p>\n<p>Acompanha 5 pontas.<\/p>\n<p><strong>EM AT\u00c9 5X VEZES SEM JUROS!<\/strong><\/p>\n","protected":false},"featured_media":14786,"comment_status":"open","ping_status":"closed","template":"","meta":[],"product_brand":[],"product_cat":[776],"product_tag":[],"class_list":{"0":"post-14785","1":"product","2":"type-product","3":"status-publish","4":"has-post-thumbnail","6":"product_cat-destaque","8":"first","9":"instock","10":"shipping-taxable","11":"purchasable","12":"product-type-simple"},"_links":{"self":[{"href":"https:\/\/www.brmedal.com.br\/index.php?rest_route=\/wp\/v2\/product\/14785","targetHints":{"allow":["GET"]}}],"collection":[{"href":"https:\/\/www.brmedal.com.br\/index.php?rest_route=\/wp\/v2\/product"}],"about":[{"href":"https:\/\/www.brmedal.com.br\/index.php?rest_route=\/wp\/v2\/types\/product"}],"replies":[{"embeddable":true,"href":"https:\/\/www.brmedal.com.br\/index.php?rest_route=%2Fwp%2Fv2%2Fcomments&post=14785"}],"wp:featuredmedia":[{"embeddable":true,"href":"https:\/\/www.brmedal.com.br\/index.php?rest_route=\/wp\/v2\/media\/14786"}],"wp:attachment":[{"href":"https:\/\/www.brmedal.com.br\/index.php?rest_route=%2Fwp%2Fv2%2Fmedia&parent=14785"}],"wp:term":[{"taxonomy":"product_brand","embeddable":true,"href":"https:\/\/www.brmedal.com.br\/index.php?rest_route=%2Fwp%2Fv2%2Fproduct_brand&post=14785"},{"taxonomy":"product_cat","embeddable":true,"href":"https:\/\/www.brmedal.com.br\/index.php?rest_route=%2Fwp%2Fv2%2Fproduct_cat&post=14785"},{"taxonomy":"product_tag","embeddable":true,"href":"https:\/\/www.brmedal.com.br\/index.php?rest_route=%2Fwp%2Fv2%2Fproduct_tag&post=14785"}],"curies":[{"name":"wp","href":"https:\/\/api.w.org\/{rel}","templated":true}]}}