{"id":14789,"date":"2023-10-25T20:17:50","date_gmt":"2023-10-25T23:17:50","guid":{"rendered":"https:\/\/www.brmedal.com.br\/?post_type=product&#038;p=14789"},"modified":"2025-06-30T23:43:15","modified_gmt":"2025-07-01T02:43:15","slug":"modulo-04-pontas-c-sugador","status":"publish","type":"product","link":"https:\/\/www.brmedal.com.br\/?product=modulo-04-pontas-c-sugador","title":{"rendered":"M\u00f3dulo odontol\u00f3gico 04 Pontas &#8211; com Sugador"},"content":{"rendered":"<p><strong>Caracter\u00edsticas:<\/strong><\/p>\n<p>O reservat\u00f3rio de \u00e1gua tem capacidade m\u00e1xima de 500 ml.<br \/>\nMangueiras inclusas.<\/p>\n<p>O modular sai de f\u00e1brica calibrado e regulado.<\/p>\n<p>Pontas:\u00a04 (3 borden e 1 seringa tr\u00edplice).<\/p>\n<p>Press\u00e3o de trabalho da Alta Rota\u00e7\u00e3o = 35 lb\/pol^2 (ajust\u00e1vel).<br \/>\nPress\u00e3o de trabalho do Micro motor = 45 lb\/pol^2 (ajust\u00e1vel).<\/p>\n<table width=\"400\">\n<tbody>\n<tr>\n<td><strong>Comprimento:<\/strong><\/td>\n<td><strong>Altura:<\/strong><\/td>\n<td><strong>Largura:<\/strong><\/td>\n<td><strong>Peso:<\/strong><\/td>\n<\/tr>\n<tr>\n<td><strong>30,00 cm<\/strong><\/td>\n<td><strong>40,00 cm<\/strong><\/td>\n<td><strong>40,00 cm<\/strong><\/td>\n<td><strong>2,500 Kg<\/strong><\/td>\n<\/tr>\n<\/tbody>\n<\/table>\n<p><strong>\u00a0<\/strong><\/p>\n","protected":false},"excerpt":{"rendered":"<p>Indicado para trabalhos em cl\u00ednicas odontol\u00f3gicas, veterin\u00e1rias e laborat\u00f3rios. Tamanho pequeno e design arrojado proporciona uma pequena utiliza\u00e7\u00e3o de espa\u00e7o e f\u00e1cil instala\u00e7\u00e3o, podendo ser adaptado nos mais variados ambientes.<\/p>\n<p>Tr\u00eas pontas com conex\u00e3o tipo borden para alta (2 terminais)\u00a0e baixa rota\u00e7\u00e3o (1 terminal), proporcionando compatibilidade com uma vasta gama de equipamentos (pe\u00e7as de m\u00e3o) dispon\u00edveis no mercado.<\/p>\n<p>A\u00a0quarta ponta \u00e9 dotada de uma seringa tr\u00edplice modelo SRT Dentscler.<br \/>\nA seringa tr\u00edplice\u00a0SRT possui design arredondado (sem cantos vivos) e cabo em alum\u00ednio (super leve) proporcionando um excelente manuseio e f\u00e1cil empunhadura.<\/p>\n<p><strong>O\u00a0M\u00f3dulo 04 Pontas Dentscler\u00a0<\/strong>possui tamb\u00e9m pedal pneum\u00e1tico de acionamento progressivo, proporcionando um melhor controle do acionamento e trabalhos mais precisos.<\/p>\n<p>&nbsp;<\/p>\n","protected":false},"featured_media":14790,"comment_status":"open","ping_status":"closed","template":"","meta":[],"product_brand":[],"product_cat":[546,510],"product_tag":[],"class_list":{"0":"post-14789","1":"product","2":"type-product","3":"status-publish","4":"has-post-thumbnail","6":"product_cat-equipamentos-odontologia","7":"product_cat-odontologia","9":"first","10":"instock","11":"shipping-taxable","12":"purchasable","13":"product-type-simple"},"_links":{"self":[{"href":"https:\/\/www.brmedal.com.br\/index.php?rest_route=\/wp\/v2\/product\/14789","targetHints":{"allow":["GET"]}}],"collection":[{"href":"https:\/\/www.brmedal.com.br\/index.php?rest_route=\/wp\/v2\/product"}],"about":[{"href":"https:\/\/www.brmedal.com.br\/index.php?rest_route=\/wp\/v2\/types\/product"}],"replies":[{"embeddable":true,"href":"https:\/\/www.brmedal.com.br\/index.php?rest_route=%2Fwp%2Fv2%2Fcomments&post=14789"}],"wp:featuredmedia":[{"embeddable":true,"href":"https:\/\/www.brmedal.com.br\/index.php?rest_route=\/wp\/v2\/media\/14790"}],"wp:attachment":[{"href":"https:\/\/www.brmedal.com.br\/index.php?rest_route=%2Fwp%2Fv2%2Fmedia&parent=14789"}],"wp:term":[{"taxonomy":"product_brand","embeddable":true,"href":"https:\/\/www.brmedal.com.br\/index.php?rest_route=%2Fwp%2Fv2%2Fproduct_brand&post=14789"},{"taxonomy":"product_cat","embeddable":true,"href":"https:\/\/www.brmedal.com.br\/index.php?rest_route=%2Fwp%2Fv2%2Fproduct_cat&post=14789"},{"taxonomy":"product_tag","embeddable":true,"href":"https:\/\/www.brmedal.com.br\/index.php?rest_route=%2Fwp%2Fv2%2Fproduct_tag&post=14789"}],"curies":[{"name":"wp","href":"https:\/\/api.w.org\/{rel}","templated":true}]}}