{"id":14793,"date":"2023-10-25T20:30:50","date_gmt":"2023-10-25T23:30:50","guid":{"rendered":"https:\/\/www.brmedal.com.br\/?post_type=product&#038;p=14793"},"modified":"2023-11-01T15:49:58","modified_gmt":"2023-11-01T18:49:58","slug":"bancada-para-laboratorio-midetronic-1-lugar","status":"publish","type":"product","link":"https:\/\/www.brmedal.com.br\/?product=bancada-para-laboratorio-midetronic-1-lugar","title":{"rendered":"Bancada para Laborat\u00f3rio &#8211; Midetronic (1 lugar)"},"content":{"rendered":"<p><strong>Descri\u00e7\u00e3o:<\/strong><\/p>\n<p><strong>A Bancada para\u00a0laborat\u00f3rio &#8211; Midetronic<\/strong>\u00a0\u00e9 ideal para laborat\u00f3rios, clinicas e escolas de pr\u00f3teses dent\u00e1rias, disponibilizando de 04 esta\u00e7\u00f5es de trabalho, cada uma delas contendo:<\/p>\n<ul>\n<li>01 &#8211; Modular de 03 pontas com mangueiras embutidas sendo 01 seringa tr\u00edplice (ar, \u00e1gua e spray) 01 terminal de baixa rota\u00e7\u00e3o e\u00a001 terminal de alta rota\u00e7\u00e3o selecionados automaticamente ao retirar a ponta do suporte.<\/li>\n<li>01 &#8211; Refletor multifacetado de 20.000 lumens acoplado com tr\u00eas articula\u00e7\u00f5es horizontais e bra\u00e7o pantogr\u00e1fico vertical, acionado no pr\u00f3prio cabe\u00e7ote tendo giro livre para as duas laterais abrangendo todos os pontos da mesa, utiliza l\u00e2mpada H3 \u2013 12v x 55Watts de f\u00e1cil reposi\u00e7\u00e3o pelo pr\u00f3prio profissional.<\/li>\n<li>01 &#8211; Ponto de energia para motor el\u00e9tico adicional.<\/li>\n<\/ul>\n<p>A bancada \u00e9 confeccionada em a\u00e7o carbono com pintura ep\u00f3x anti-corrosiva, com a possibilidade\u00a0de ser fixada ao solo e\u00a0tampo em madeira tratada.<\/p>\n<table>\n<tbody>\n<tr>\n<td><strong>Comprimento:<\/strong><\/td>\n<td><strong>Altura:<\/strong><\/td>\n<td><strong>Largura:<\/strong><\/td>\n<td><strong>Peso:<\/strong><\/td>\n<\/tr>\n<tr>\n<td><strong>100,00 cm<\/strong><\/td>\n<td><strong>170,00 cm<\/strong><\/td>\n<td><strong>300,00 cm<\/strong><\/td>\n<td><strong>110,000 Kg<\/strong><\/td>\n<\/tr>\n<\/tbody>\n<\/table>\n","protected":false},"excerpt":{"rendered":"<p>Ideal para laborat\u00f3rios, cl\u00ednicas e escolas de pr\u00f3teses dent\u00e1rias.<\/p>\n<p>Confeccionada em a\u00e7o carbono com pintura ep\u00f3x anti-corrosiva com a possibilidade de ser fixada ao solo.<\/p>\n<p>Bancada com estrututura arredondada tipo \u201cC\u201d<\/p>\n<p>Disponibilizando de 1, 2 ou 4 esta\u00e7\u00f5es de trabalho<\/p>\n<p><strong>EM AT\u00c9 5X SEM JUROS!<\/strong><\/p>\n","protected":false},"featured_media":920,"comment_status":"open","ping_status":"closed","template":"","meta":[],"product_brand":[],"product_cat":[536,538],"product_tag":[],"class_list":{"0":"post-14793","1":"product","2":"type-product","3":"status-publish","4":"has-post-thumbnail","6":"product_cat-clinica","7":"product_cat-consultorios","9":"first","10":"instock","11":"shipping-taxable","12":"purchasable","13":"product-type-simple"},"_links":{"self":[{"href":"https:\/\/www.brmedal.com.br\/index.php?rest_route=\/wp\/v2\/product\/14793","targetHints":{"allow":["GET"]}}],"collection":[{"href":"https:\/\/www.brmedal.com.br\/index.php?rest_route=\/wp\/v2\/product"}],"about":[{"href":"https:\/\/www.brmedal.com.br\/index.php?rest_route=\/wp\/v2\/types\/product"}],"replies":[{"embeddable":true,"href":"https:\/\/www.brmedal.com.br\/index.php?rest_route=%2Fwp%2Fv2%2Fcomments&post=14793"}],"wp:featuredmedia":[{"embeddable":true,"href":"https:\/\/www.brmedal.com.br\/index.php?rest_route=\/wp\/v2\/media\/920"}],"wp:attachment":[{"href":"https:\/\/www.brmedal.com.br\/index.php?rest_route=%2Fwp%2Fv2%2Fmedia&parent=14793"}],"wp:term":[{"taxonomy":"product_brand","embeddable":true,"href":"https:\/\/www.brmedal.com.br\/index.php?rest_route=%2Fwp%2Fv2%2Fproduct_brand&post=14793"},{"taxonomy":"product_cat","embeddable":true,"href":"https:\/\/www.brmedal.com.br\/index.php?rest_route=%2Fwp%2Fv2%2Fproduct_cat&post=14793"},{"taxonomy":"product_tag","embeddable":true,"href":"https:\/\/www.brmedal.com.br\/index.php?rest_route=%2Fwp%2Fv2%2Fproduct_tag&post=14793"}],"curies":[{"name":"wp","href":"https:\/\/api.w.org\/{rel}","templated":true}]}}