{"id":14801,"date":"2023-10-25T21:00:05","date_gmt":"2023-10-26T00:00:05","guid":{"rendered":"https:\/\/www.brmedal.com.br\/?post_type=product&#038;p=14801"},"modified":"2025-07-01T00:31:22","modified_gmt":"2025-07-01T03:31:22","slug":"motor-protetico-mc-101","status":"publish","type":"product","link":"https:\/\/www.brmedal.com.br\/?product=motor-protetico-mc-101","title":{"rendered":"Motor El\u00e9trico p\/ pr\u00f3tese MC 101 alto torque"},"content":{"rendered":"<p><strong>Caracter\u00edsticas do Motor:<\/strong><\/p>\n<p>\u00c9 um dos poucos motores do mercado com alt\u00edssimo torque mesmo em baixa rota\u00e7\u00e3o, evitando o travamento das fresas e lixas durante os procedimentos. Dessa forma, o profissional consegue uma alta performance no atendimento.<\/p>\n<p>Utiliza fresas tipo PM de 2,35mm.<\/p>\n<p>Alimenta\u00e7\u00e3o 127Vca ou 220Vca com sele\u00e7\u00e3o manual.<\/p>\n<p>Freq\u00fc\u00eancia 60Hz Velocidade vari\u00e1vel da pe\u00e7a de m\u00e3o de 0 a 30.000 RPM . Torque Maximo de at\u00e9 8N.cm.<\/p>\n","protected":false},"excerpt":{"rendered":"<p>O Motor El\u00e9trico \u00e9 indicado para pr\u00f3tese, veterin\u00e1ria, podologia, desbaste, dentre outras fun\u00e7\u00f5es.<\/p>\n<p>Possui controle de velocidade atrav\u00e9s de potenci\u00f4metro localizado no painel do equipamento, variando de a 0 a 35.000 rpm, podendo ser utilizado manualmente ou atrav\u00e9s de pedal.<\/p>\n<p>Como cada profissional utiliza o Motor:<\/p>\n<p>Prot\u00e9ticos:<\/p>\n<p>O Motor El\u00e9trico Midetronic\u00a0 foi projetado para realizar fun\u00e7\u00f5es exercidas pelo prot\u00e9tico, como por exemplo, polimento da pr\u00f3tese dent\u00e1ria, lapida\u00e7\u00e3o de pr\u00f3teses dent\u00e1rias, desgastes de dentes, desbaste de calosidades e demais fun\u00e7\u00f5es exercidas pelo prot\u00e9tico.<\/p>\n<p>Veterin\u00e1rios:<\/p>\n<p>Pode ainda ser utilizado para para o profissional da \u00e1rea veterin\u00e1ria tanto com o intuito de desgaste e polimento dos dentes de equinos e roedores, como pode ser utilizado para procedimentos em cascos e unhas de animais dos mais variados portes.<\/p>\n<p>Pod\u00f3logos:<\/p>\n<p>Para pod\u00f3logos, o motor \u00e9 utilizado no polimento das unhas e tamb\u00e9m no auxilio do desbaste de calosidades.<\/p>\n<p>&nbsp;<\/p>\n","protected":false},"featured_media":14802,"comment_status":"open","ping_status":"closed","template":"","meta":[],"product_brand":[],"product_cat":[546,510],"product_tag":[],"class_list":{"0":"post-14801","1":"product","2":"type-product","3":"status-publish","4":"has-post-thumbnail","6":"product_cat-equipamentos-odontologia","7":"product_cat-odontologia","9":"first","10":"instock","11":"shipping-taxable","12":"purchasable","13":"product-type-simple"},"_links":{"self":[{"href":"https:\/\/www.brmedal.com.br\/index.php?rest_route=\/wp\/v2\/product\/14801","targetHints":{"allow":["GET"]}}],"collection":[{"href":"https:\/\/www.brmedal.com.br\/index.php?rest_route=\/wp\/v2\/product"}],"about":[{"href":"https:\/\/www.brmedal.com.br\/index.php?rest_route=\/wp\/v2\/types\/product"}],"replies":[{"embeddable":true,"href":"https:\/\/www.brmedal.com.br\/index.php?rest_route=%2Fwp%2Fv2%2Fcomments&post=14801"}],"wp:featuredmedia":[{"embeddable":true,"href":"https:\/\/www.brmedal.com.br\/index.php?rest_route=\/wp\/v2\/media\/14802"}],"wp:attachment":[{"href":"https:\/\/www.brmedal.com.br\/index.php?rest_route=%2Fwp%2Fv2%2Fmedia&parent=14801"}],"wp:term":[{"taxonomy":"product_brand","embeddable":true,"href":"https:\/\/www.brmedal.com.br\/index.php?rest_route=%2Fwp%2Fv2%2Fproduct_brand&post=14801"},{"taxonomy":"product_cat","embeddable":true,"href":"https:\/\/www.brmedal.com.br\/index.php?rest_route=%2Fwp%2Fv2%2Fproduct_cat&post=14801"},{"taxonomy":"product_tag","embeddable":true,"href":"https:\/\/www.brmedal.com.br\/index.php?rest_route=%2Fwp%2Fv2%2Fproduct_tag&post=14801"}],"curies":[{"name":"wp","href":"https:\/\/api.w.org\/{rel}","templated":true}]}}