{"id":14805,"date":"2023-10-25T21:12:49","date_gmt":"2023-10-26T00:12:49","guid":{"rendered":"https:\/\/www.brmedal.com.br\/?post_type=product&#038;p=14805"},"modified":"2025-07-01T00:24:55","modified_gmt":"2025-07-01T03:24:55","slug":"motor-multicler-pro","status":"publish","type":"product","link":"https:\/\/www.brmedal.com.br\/?product=motor-multicler-pro","title":{"rendered":"Motor p\/ pr\u00f3tese Multicler PRO com Pe\u00e7a Reta"},"content":{"rendered":"<p><strong>Caracter\u00edsticas:<\/strong><\/p>\n<p>Freq\u00fc\u00eancia 60Hz e Torque Maximo de at\u00e9 8N.cm<\/p>\n<p>Diferencial:<\/p>\n<p>O Motor El\u00e9trico \u00e9 o \u00fanico aparelho do mercado com alto torque mesmo em baixa rota\u00e7\u00e3o, sendo assim, evita o travamento de fresas ou lixas durante os procedimentos.<\/p>\n<p>Este motor possui um sistema de indica\u00e7\u00e3o de velocidade atrav\u00e9s do painel, portanto, o ajuste da velocidade \u00e9 feito atrav\u00e9s de um potenci\u00f4metro.<\/p>\n<p>Ele possibilita alterar o sentido de rota\u00e7\u00e3o e configurar o acionamento da pe\u00e7a de m\u00e3o, via painel ou pedal.<\/p>\n<p>Pe\u00e7a de m\u00e3o:<\/p>\n<p>Dimens\u00e3o da haste da broca \u2013 2,35mm.<\/p>\n<p>Comprimento M\u00ednimo de Ajuste da Haste da Broca \u2013 10mm.<\/p>\n<p>Comprimento M\u00e1ximo de Proje\u00e7\u00e3o do Mandril \u2013 35mm.<\/p>\n<p>Rota\u00e7\u00e3o m\u00e1xima 20.000 RPM<\/p>\n<p>Controle de velocidade anal\u00f3gico<\/p>\n<p>Permite acionamento sem pedal, sendo assim, facilita o atendimento<\/p>\n<p>Sistema de revers\u00e3o<\/p>\n<p>Bi-volt (chave seletora)<\/p>\n","protected":false},"excerpt":{"rendered":"<p>Equipamento desenvolvido para as fun\u00e7\u00f5es de corte, desgaste, lapida\u00e7\u00e3o e polimento de pr\u00f3tese dent\u00e1rias, fins veterin\u00e1rios e\u00a0 pod\u00f3logos.<\/p>\n<p>Indica\u00e7\u00e3o e Finalidade:<\/p>\n<p>O uso pretendido deste equipamento \u00e9 o de auxiliar o profissional denominado \u201cprot\u00e9tico\u201d na fabrica\u00e7\u00e3o e\/ou altera\u00e7\u00e3o de pr\u00f3tese dent\u00e1rias, auxiliar o profissional veterin\u00e1rio no desgaste e polimento de dentes, cascos e tamb\u00e9m para procedimentos em podologia.<\/p>\n<p>&nbsp;<\/p>\n","protected":false},"featured_media":15344,"comment_status":"open","ping_status":"closed","template":"","meta":[],"product_brand":[],"product_cat":[546],"product_tag":[],"class_list":{"0":"post-14805","1":"product","2":"type-product","3":"status-publish","4":"has-post-thumbnail","6":"product_cat-equipamentos-odontologia","8":"first","9":"instock","10":"shipping-taxable","11":"purchasable","12":"product-type-simple"},"_links":{"self":[{"href":"https:\/\/www.brmedal.com.br\/index.php?rest_route=\/wp\/v2\/product\/14805","targetHints":{"allow":["GET"]}}],"collection":[{"href":"https:\/\/www.brmedal.com.br\/index.php?rest_route=\/wp\/v2\/product"}],"about":[{"href":"https:\/\/www.brmedal.com.br\/index.php?rest_route=\/wp\/v2\/types\/product"}],"replies":[{"embeddable":true,"href":"https:\/\/www.brmedal.com.br\/index.php?rest_route=%2Fwp%2Fv2%2Fcomments&post=14805"}],"wp:featuredmedia":[{"embeddable":true,"href":"https:\/\/www.brmedal.com.br\/index.php?rest_route=\/wp\/v2\/media\/15344"}],"wp:attachment":[{"href":"https:\/\/www.brmedal.com.br\/index.php?rest_route=%2Fwp%2Fv2%2Fmedia&parent=14805"}],"wp:term":[{"taxonomy":"product_brand","embeddable":true,"href":"https:\/\/www.brmedal.com.br\/index.php?rest_route=%2Fwp%2Fv2%2Fproduct_brand&post=14805"},{"taxonomy":"product_cat","embeddable":true,"href":"https:\/\/www.brmedal.com.br\/index.php?rest_route=%2Fwp%2Fv2%2Fproduct_cat&post=14805"},{"taxonomy":"product_tag","embeddable":true,"href":"https:\/\/www.brmedal.com.br\/index.php?rest_route=%2Fwp%2Fv2%2Fproduct_tag&post=14805"}],"curies":[{"name":"wp","href":"https:\/\/api.w.org\/{rel}","templated":true}]}}