{"id":14820,"date":"2023-10-26T19:39:53","date_gmt":"2023-10-26T22:39:53","guid":{"rendered":"https:\/\/www.brmedal.com.br\/?post_type=product&#038;p=14820"},"modified":"2025-12-05T16:30:34","modified_gmt":"2025-12-05T19:30:34","slug":"vet-sonic-ultrassom-veterinario","status":"publish","type":"product","link":"https:\/\/www.brmedal.com.br\/?product=vet-sonic-ultrassom-veterinario","title":{"rendered":"VET SONIC &#8211; ultrassom veterin\u00e1rio"},"content":{"rendered":"","protected":false},"excerpt":{"rendered":"<p style=\"text-align: justify;background: white\"><span style=\"font-family: 'Arial',sans-serif;color: black\">O Ultrassom Veterin\u00e1rio\u00a0<strong><span style=\"font-family: 'Arial',sans-serif\">VET SONIC &#8211;<\/span><\/strong>\u00a0\u00e9 destinado a profilaxia dent\u00e1ria, indicado para destartariza\u00e7\u00e3o, periodontia, entre outros.<\/span><\/p>\n<p style=\"text-align: justify;background: white\"><span style=\"font-family: 'Arial',sans-serif;color: black\">Base de comando com display anal\u00f3gico, controle de intensidade do ultrassom e do fluxo de irriga\u00e7\u00e3o.<\/span><\/p>\n<p style=\"text-align: justify;background: white\"><span style=\"font-family: 'Arial',sans-serif;color: black\">Possui moderno sistema de bomba perist\u00e1ltica para refrigera\u00e7\u00e3o das pontas sem necessidade de compressor.<\/span><\/p>\n<p style=\"text-align: justify;background: white\"><span style=\"font-family: 'Arial',sans-serif;color: black\">Sistema bi-volt atrav\u00e9s de chave seletora (110\/220V).<\/span><\/p>\n<p style=\"text-align: justify;background: white\"><span style=\"font-family: 'Arial',sans-serif;color: black\">Acompanha tr\u00eas insertos para raspagem\u00a0e chave de aperto dos mesmos.<\/span><\/p>\n<p style=\"text-align: justify;background: white\"><span style=\"font-family: 'Arial',sans-serif;color: black\">Acionamento das pontas\u00a0atrav\u00e9s de pedal.<\/span><\/p>\n<p style=\"text-align: justify;background: white\"><span style=\"font-family: 'Arial',sans-serif;color: black\">Intensidade m\u00e1xima de 30.000 Hz.<\/span><\/p>\n<p><strong>EM AT\u00c9 5X SEM JUROS<\/strong><\/p>\n","protected":false},"featured_media":14821,"comment_status":"open","ping_status":"closed","template":"","meta":[],"product_brand":[],"product_cat":[546,510],"product_tag":[],"class_list":{"0":"post-14820","1":"product","2":"type-product","3":"status-publish","4":"has-post-thumbnail","6":"product_cat-equipamentos-odontologia","7":"product_cat-odontologia","9":"first","10":"instock","11":"shipping-taxable","12":"purchasable","13":"product-type-simple"},"_links":{"self":[{"href":"https:\/\/www.brmedal.com.br\/index.php?rest_route=\/wp\/v2\/product\/14820","targetHints":{"allow":["GET"]}}],"collection":[{"href":"https:\/\/www.brmedal.com.br\/index.php?rest_route=\/wp\/v2\/product"}],"about":[{"href":"https:\/\/www.brmedal.com.br\/index.php?rest_route=\/wp\/v2\/types\/product"}],"replies":[{"embeddable":true,"href":"https:\/\/www.brmedal.com.br\/index.php?rest_route=%2Fwp%2Fv2%2Fcomments&post=14820"}],"wp:featuredmedia":[{"embeddable":true,"href":"https:\/\/www.brmedal.com.br\/index.php?rest_route=\/wp\/v2\/media\/14821"}],"wp:attachment":[{"href":"https:\/\/www.brmedal.com.br\/index.php?rest_route=%2Fwp%2Fv2%2Fmedia&parent=14820"}],"wp:term":[{"taxonomy":"product_brand","embeddable":true,"href":"https:\/\/www.brmedal.com.br\/index.php?rest_route=%2Fwp%2Fv2%2Fproduct_brand&post=14820"},{"taxonomy":"product_cat","embeddable":true,"href":"https:\/\/www.brmedal.com.br\/index.php?rest_route=%2Fwp%2Fv2%2Fproduct_cat&post=14820"},{"taxonomy":"product_tag","embeddable":true,"href":"https:\/\/www.brmedal.com.br\/index.php?rest_route=%2Fwp%2Fv2%2Fproduct_tag&post=14820"}],"curies":[{"name":"wp","href":"https:\/\/api.w.org\/{rel}","templated":true}]}}