{"id":14848,"date":"2023-11-08T14:43:30","date_gmt":"2023-11-08T17:43:30","guid":{"rendered":"https:\/\/www.brmedal.com.br\/?post_type=product&#038;p=14848"},"modified":"2026-02-27T00:22:18","modified_gmt":"2026-02-27T03:22:18","slug":"campo-cirurgico-brim-hospitalar-escolha-tamanho-e-cor-preco-unitario","status":"publish","type":"product","link":"https:\/\/www.brmedal.com.br\/?product=campo-cirurgico-brim-hospitalar-escolha-tamanho-e-cor-preco-unitario","title":{"rendered":"Campo cir\u00fargico brim hospitalar &#8211; Escolha tamanho e cor &#8211; Pre\u00e7o unit\u00e1rio"},"content":{"rendered":"","protected":false},"excerpt":{"rendered":"<p>Confeccionado em brim hospitalar de excelente qualidade.<\/p>\n<p>Tingimento com Hidantrene, resistente a lavagem industrial, e com maior resist\u00eancia ao descoramento.<\/p>\n<p>Tecido brim profissional, 100% algod\u00e3o, sarja pesada 2&#215;1, gramatura 220 grs\/m2.<\/p>\n<p>Encolhimento: menos de 4%<\/p>\n<p><strong>Fabricamos qualquer tamanho sob pedido.<\/strong><\/p>\n<p><strong>Personalizamos com sua logomarca.<\/strong><\/p>\n<p><strong>CLIENTES SATISFEITOS:<\/strong><\/p>\n<p><img loading=\"lazy\" decoding=\"async\" class=\"alignnone size-full wp-image-15135\" src=\"https:\/\/www.brmedal.com.br\/wp-content\/uploads\/2024\/09\/cliente-nel-5.jpg\" alt=\"\" width=\"150\" height=\"75\" \/> <img loading=\"lazy\" decoding=\"async\" class=\"alignnone size-medium wp-image-15132\" src=\"https:\/\/www.brmedal.com.br\/wp-content\/uploads\/2024\/09\/cliente-nel-4.jpg\" alt=\"\" width=\"150\" height=\"75\" \/> <img loading=\"lazy\" decoding=\"async\" class=\"alignnone size-medium wp-image-15129\" src=\"https:\/\/www.brmedal.com.br\/wp-content\/uploads\/2024\/09\/cliente-nel-3.jpg\" alt=\"\" width=\"150\" height=\"75\" \/> <img loading=\"lazy\" decoding=\"async\" class=\"alignnone size-medium wp-image-15126\" src=\"https:\/\/www.brmedal.com.br\/wp-content\/uploads\/2024\/09\/cliente-nel-2.jpg\" alt=\"\" width=\"150\" height=\"75\" \/> <img loading=\"lazy\" decoding=\"async\" class=\"alignnone size-full wp-image-15123\" src=\"https:\/\/www.brmedal.com.br\/wp-content\/uploads\/2024\/09\/cliente-nel-1.jpg\" alt=\"\" width=\"150\" height=\"75\" \/> <img loading=\"lazy\" decoding=\"async\" class=\"alignnone size-full wp-image-15141\" src=\"https:\/\/www.brmedal.com.br\/wp-content\/uploads\/2024\/09\/cliente-nel-7.jpg\" alt=\"\" width=\"150\" height=\"75\" \/> <img loading=\"lazy\" decoding=\"async\" class=\"alignnone size-medium wp-image-15138\" src=\"https:\/\/www.brmedal.com.br\/wp-content\/uploads\/2024\/09\/cliente-nel-6.jpg\" alt=\"\" width=\"150\" height=\"75\" \/> <img loading=\"lazy\" decoding=\"async\" class=\"alignnone size-full wp-image-15144\" src=\"https:\/\/www.brmedal.com.br\/wp-content\/uploads\/2024\/09\/cliente-nel-8.jpg\" alt=\"\" width=\"150\" height=\"75\" \/> <img loading=\"lazy\" decoding=\"async\" class=\"alignnone size-full wp-image-15147\" src=\"https:\/\/www.brmedal.com.br\/wp-content\/uploads\/2024\/09\/cliente-nel-9.jpg\" alt=\"\" width=\"150\" height=\"75\" \/><\/p>\n","protected":false},"featured_media":14849,"comment_status":"open","ping_status":"closed","template":"","meta":[],"product_brand":[],"product_cat":[776,508,571],"product_tag":[],"class_list":{"0":"post-14848","1":"product","2":"type-product","3":"status-publish","4":"has-post-thumbnail","6":"product_cat-destaque","7":"product_cat-inicio","8":"product_cat-rouparia","9":"pa_corroupariabrim-azul","10":"pa_corroupariabrim-verde","12":"first","13":"instock","14":"featured","15":"shipping-taxable","16":"purchasable","17":"product-type-variable"},"_links":{"self":[{"href":"https:\/\/www.brmedal.com.br\/index.php?rest_route=\/wp\/v2\/product\/14848","targetHints":{"allow":["GET"]}}],"collection":[{"href":"https:\/\/www.brmedal.com.br\/index.php?rest_route=\/wp\/v2\/product"}],"about":[{"href":"https:\/\/www.brmedal.com.br\/index.php?rest_route=\/wp\/v2\/types\/product"}],"replies":[{"embeddable":true,"href":"https:\/\/www.brmedal.com.br\/index.php?rest_route=%2Fwp%2Fv2%2Fcomments&post=14848"}],"wp:featuredmedia":[{"embeddable":true,"href":"https:\/\/www.brmedal.com.br\/index.php?rest_route=\/wp\/v2\/media\/14849"}],"wp:attachment":[{"href":"https:\/\/www.brmedal.com.br\/index.php?rest_route=%2Fwp%2Fv2%2Fmedia&parent=14848"}],"wp:term":[{"taxonomy":"product_brand","embeddable":true,"href":"https:\/\/www.brmedal.com.br\/index.php?rest_route=%2Fwp%2Fv2%2Fproduct_brand&post=14848"},{"taxonomy":"product_cat","embeddable":true,"href":"https:\/\/www.brmedal.com.br\/index.php?rest_route=%2Fwp%2Fv2%2Fproduct_cat&post=14848"},{"taxonomy":"product_tag","embeddable":true,"href":"https:\/\/www.brmedal.com.br\/index.php?rest_route=%2Fwp%2Fv2%2Fproduct_tag&post=14848"}],"curies":[{"name":"wp","href":"https:\/\/api.w.org\/{rel}","templated":true}]}}