{"id":14884,"date":"2023-12-12T16:03:08","date_gmt":"2023-12-12T19:03:08","guid":{"rendered":"https:\/\/www.brmedal.com.br\/?post_type=product&#038;p=14884"},"modified":"2024-02-08T21:15:46","modified_gmt":"2024-02-09T00:15:46","slug":"anestesico-mepisv-3-2","status":"publish","type":"product","link":"https:\/\/www.brmedal.com.br\/?product=anestesico-mepisv-3-2","title":{"rendered":"ANEST\u00c9SICO MEPISV 3%"},"content":{"rendered":"","protected":false},"excerpt":{"rendered":"<p>Indicado para a anestesia local em odontologia, para a produ\u00e7\u00e3o de anestesia local por infiltra\u00e7\u00e3o ou bloqueio, para interven\u00e7\u00f5es odontol\u00f3gicas em geral, extra\u00e7\u00f5es m\u00faltiplas, pr\u00f3teses imediatas e procedimentos endod\u00f4nticos.<\/p>\n<p>Ideal para procedimentos de curta dura\u00e7\u00e3o, Odontopediatria, pacientes cardiopatas, pacientes asm\u00e1ticos e hipertensos, gestantes, principalmente durante o primeiro trimestre de gesta\u00e7\u00e3o e instala\u00e7\u00e3o de bandas ortod\u00f4nticos.<\/p>\n<p>APRESENTA\u00c7\u00c3O<\/p>\n<p>Embalagem com 50 tubetes de cristal(Vidro) com cada mL contendo solu\u00e7\u00e3o est\u00e9ril injet\u00e1vel de Cloridrato de Mepivaca\u00edna 3% (30mg\/ml) sem Vasoconstritor, isento de Metilparabeno, Sulfito ou qualquer outro tipo de conservantes.<\/p>\n<p>ANEST\u00c9SICO MEPISV 3% \u00e9 indicado para a anestesia local em odontologia, para a produ\u00e7\u00e3o de anestesia local por infiltra\u00e7\u00e3o ou bloqueio, para interven\u00e7\u00f5es odontol\u00f3gicas em geral, extra\u00e7\u00f5es m\u00faltiplas, pr\u00f3teses imediatas e procedimentos endod\u00f4nticos.<\/p>\n<p><strong>COMPOSI\u00c7\u00c3O<\/strong><\/p>\n<p>Cada tubete com 1.8 mL da solu\u00e7\u00e3o injet\u00e1vel de MEPISV cont\u00e9m:<\/p>\n<p>Cloridrato de Mepivaca\u00edna&#8230;&#8230;&#8230;&#8230;&#8230;&#8230;&#8230;&#8230;&#8230;&#8230;&#8230;&#8230; 54.0mg;<\/p>\n<p>Excipientes q.s.p&#8230;&#8230;&#8230;&#8230;&#8230;&#8230;&#8230;&#8230;&#8230;&#8230;&#8230;&#8230;&#8230;&#8230;&#8230;&#8230;&#8230;&#8230;1.8mL;<\/p>\n","protected":false},"featured_media":14885,"comment_status":"open","ping_status":"closed","template":"","meta":[],"product_brand":[],"product_cat":[616],"product_tag":[],"class_list":{"0":"post-14884","1":"product","2":"type-product","3":"status-publish","4":"has-post-thumbnail","6":"product_cat-sem-categoria","8":"first","9":"outofstock","10":"shipping-taxable","11":"purchasable","12":"product-type-simple"},"_links":{"self":[{"href":"https:\/\/www.brmedal.com.br\/index.php?rest_route=\/wp\/v2\/product\/14884","targetHints":{"allow":["GET"]}}],"collection":[{"href":"https:\/\/www.brmedal.com.br\/index.php?rest_route=\/wp\/v2\/product"}],"about":[{"href":"https:\/\/www.brmedal.com.br\/index.php?rest_route=\/wp\/v2\/types\/product"}],"replies":[{"embeddable":true,"href":"https:\/\/www.brmedal.com.br\/index.php?rest_route=%2Fwp%2Fv2%2Fcomments&post=14884"}],"wp:featuredmedia":[{"embeddable":true,"href":"https:\/\/www.brmedal.com.br\/index.php?rest_route=\/wp\/v2\/media\/14885"}],"wp:attachment":[{"href":"https:\/\/www.brmedal.com.br\/index.php?rest_route=%2Fwp%2Fv2%2Fmedia&parent=14884"}],"wp:term":[{"taxonomy":"product_brand","embeddable":true,"href":"https:\/\/www.brmedal.com.br\/index.php?rest_route=%2Fwp%2Fv2%2Fproduct_brand&post=14884"},{"taxonomy":"product_cat","embeddable":true,"href":"https:\/\/www.brmedal.com.br\/index.php?rest_route=%2Fwp%2Fv2%2Fproduct_cat&post=14884"},{"taxonomy":"product_tag","embeddable":true,"href":"https:\/\/www.brmedal.com.br\/index.php?rest_route=%2Fwp%2Fv2%2Fproduct_tag&post=14884"}],"curies":[{"name":"wp","href":"https:\/\/api.w.org\/{rel}","templated":true}]}}