{"id":14945,"date":"2024-06-19T18:18:19","date_gmt":"2024-06-19T21:18:19","guid":{"rendered":"https:\/\/www.brmedal.com.br\/?post_type=product&#038;p=14945"},"modified":"2026-02-26T23:33:44","modified_gmt":"2026-02-27T02:33:44","slug":"conjunto-pijama-scrub-cirurgico-privativo-em-tecido-oxford-feminino","status":"publish","type":"product","link":"https:\/\/www.brmedal.com.br\/?product=conjunto-pijama-scrub-cirurgico-privativo-em-tecido-oxford-feminino","title":{"rendered":"Conjunto pijama scrub cir\u00fargico privativo em tecido Oxford &#8211; Feminino"},"content":{"rendered":"<p>Tecido Gramatura: 150 g\/m2<\/p>\n<p>Composi\u00e7\u00e3o: 100% Poli\u00e9ster<\/p>\n<table>\n<tbody>\n<tr>\n<td><strong>Conjunto Privativo<\/strong><\/td>\n<td style=\"text-align: center\"><strong>Tam. P<\/strong><\/td>\n<td style=\"text-align: center\"><strong>Tam. M<\/strong><\/td>\n<td style=\"text-align: center\"><strong>Tam. G<\/strong><\/td>\n<td style=\"text-align: center\"><strong>Tam. GG<\/strong><\/td>\n<\/tr>\n<tr>\n<td><strong>Cal\u00e7a<\/strong><\/td>\n<td style=\"text-align: center\"><\/td>\n<td style=\"text-align: center\"><\/td>\n<td style=\"text-align: center\"><\/td>\n<td style=\"text-align: center\"><\/td>\n<\/tr>\n<tr>\n<td>Comprimento<\/td>\n<td style=\"text-align: center\">106<\/td>\n<td style=\"text-align: center\">108<\/td>\n<td style=\"text-align: center\">110<\/td>\n<td style=\"text-align: center\">112<\/td>\n<\/tr>\n<tr>\n<td>Largura quadril<\/td>\n<td style=\"text-align: center\">56<\/td>\n<td style=\"text-align: center\">58<\/td>\n<td style=\"text-align: center\">60<\/td>\n<td style=\"text-align: center\">62<\/td>\n<\/tr>\n<tr>\n<td>Altura cavalo<\/td>\n<td style=\"text-align: center\">28<\/td>\n<td style=\"text-align: center\">30<\/td>\n<td style=\"text-align: center\">32<\/td>\n<td style=\"text-align: center\">34<\/td>\n<\/tr>\n<tr>\n<td><strong>Blusa<\/strong><\/td>\n<td style=\"text-align: center\"><\/td>\n<td style=\"text-align: center\"><\/td>\n<td style=\"text-align: center\"><\/td>\n<td style=\"text-align: center\"><\/td>\n<\/tr>\n<tr>\n<td>Comprimento<\/td>\n<td style=\"text-align: center\">73<\/td>\n<td style=\"text-align: center\">75<\/td>\n<td style=\"text-align: center\">77<\/td>\n<td style=\"text-align: center\">79<\/td>\n<\/tr>\n<tr>\n<td>Largura quadril<\/td>\n<td style=\"text-align: center\">59<\/td>\n<td style=\"text-align: center\">61<\/td>\n<td style=\"text-align: center\">63<\/td>\n<td style=\"text-align: center\">65<\/td>\n<\/tr>\n<\/tbody>\n<\/table>\n<div><\/div>\n<div id=\"njcdgcofcbnlbpkpdhmlmiblaglnkpnj\"><strong>NO\u00c7\u00d5ES DE TAMANHO<\/strong><\/div>\n<div>\n<p>P &#8211; Veste 34\/36 &#8211; 50 a 60 kg<\/p>\n<p>M &#8211; Veste 38\/40 \u2013 60 a 70 kg<\/p>\n<p>G &#8211; Veste 42\/44 &#8211; 70 a 80 kg<\/p>\n<p>GG &#8211; Veste 44\/46 &#8211; 80 a 90 kg<\/p>\n<\/div>\n","protected":false},"excerpt":{"rendered":"<p>Confeccionado em tecido Oxford, que proporciona leveza e conforto.<\/p>\n<p>N\u00e3o amassa com facilidade, e apresenta \u00f3timo caimento.<\/p>\n<p>N\u00e3o desbota facilmente, e pode ser utilizado em diversas aplica\u00e7\u00f5es.<\/p>\n<p>Conforto e eleg\u00e2ncia em seu vestu\u00e1rio de trabalho.\u00a0Costura Refor\u00e7ada.<\/p>\n<p><strong>Personalizamos sob encomenda.<\/strong><\/p>\n<div id=\"njcdgcofcbnlbpkpdhmlmiblaglnkpnj\">\n<div><strong>CONDI\u00c7\u00d5ES ESPECIAIS PARA QUANTIDADES, HOSPITAIS, CL\u00cdNICAS E REVENDAS!<\/strong><\/div>\n<\/div>\n<p><strong>CLIENTES SATISFEITOS:<\/strong><\/p>\n<p><img loading=\"lazy\" decoding=\"async\" class=\"alignnone size-full wp-image-15129\" src=\"https:\/\/www.brmedal.com.br\/wp-content\/uploads\/2024\/09\/cliente-nel-3.jpg\" alt=\"\" width=\"150\" height=\"75\" \/> <img loading=\"lazy\" decoding=\"async\" class=\"alignnone size-full wp-image-15126\" src=\"https:\/\/www.brmedal.com.br\/wp-content\/uploads\/2024\/09\/cliente-nel-2.jpg\" alt=\"\" width=\"150\" height=\"75\" \/> <img loading=\"lazy\" decoding=\"async\" class=\"alignnone size-full wp-image-15123\" src=\"https:\/\/www.brmedal.com.br\/wp-content\/uploads\/2024\/09\/cliente-nel-1.jpg\" alt=\"\" width=\"150\" height=\"75\" \/> <img loading=\"lazy\" decoding=\"async\" class=\"alignnone size-full wp-image-15135\" src=\"https:\/\/www.brmedal.com.br\/wp-content\/uploads\/2024\/09\/cliente-nel-5.jpg\" alt=\"\" width=\"150\" height=\"75\" \/> <img loading=\"lazy\" decoding=\"async\" class=\"alignnone size-medium wp-image-15132\" src=\"https:\/\/www.brmedal.com.br\/wp-content\/uploads\/2024\/09\/cliente-nel-4.jpg\" alt=\"\" width=\"150\" height=\"75\" \/> <img loading=\"lazy\" decoding=\"async\" class=\"alignnone size-full wp-image-15138\" src=\"https:\/\/www.brmedal.com.br\/wp-content\/uploads\/2024\/09\/cliente-nel-6.jpg\" alt=\"\" width=\"150\" height=\"75\" \/> <img loading=\"lazy\" decoding=\"async\" class=\"alignnone size-full wp-image-15141\" src=\"https:\/\/www.brmedal.com.br\/wp-content\/uploads\/2024\/09\/cliente-nel-7.jpg\" alt=\"\" width=\"150\" height=\"75\" \/> <img loading=\"lazy\" decoding=\"async\" class=\"alignnone size-full wp-image-15144\" src=\"https:\/\/www.brmedal.com.br\/wp-content\/uploads\/2024\/09\/cliente-nel-8.jpg\" alt=\"\" width=\"150\" height=\"75\" \/> <img loading=\"lazy\" decoding=\"async\" class=\"alignnone size-full wp-image-15147\" src=\"https:\/\/www.brmedal.com.br\/wp-content\/uploads\/2024\/09\/cliente-nel-9.jpg\" alt=\"\" width=\"150\" height=\"75\" \/><\/p>\n","protected":false},"featured_media":14946,"comment_status":"open","ping_status":"closed","template":"","meta":[],"product_brand":[],"product_cat":[776,509,786,571],"product_tag":[],"class_list":{"0":"post-14945","1":"product","2":"type-product","3":"status-publish","4":"has-post-thumbnail","6":"product_cat-destaque","7":"product_cat-medicina","8":"product_cat-promocao","9":"product_cat-rouparia","10":"pa_corroupariabrim-azul","11":"pa_taamanhos-aventais-p-ao-eg-eg","12":"pa_taamanhos-aventais-p-ao-eg-g","13":"pa_taamanhos-aventais-p-ao-eg-gg","14":"pa_taamanhos-aventais-p-ao-eg-m","15":"pa_taamanhos-aventais-p-ao-eg-p","17":"first","18":"instock","19":"shipping-taxable","20":"purchasable","21":"product-type-variable"},"_links":{"self":[{"href":"https:\/\/www.brmedal.com.br\/index.php?rest_route=\/wp\/v2\/product\/14945","targetHints":{"allow":["GET"]}}],"collection":[{"href":"https:\/\/www.brmedal.com.br\/index.php?rest_route=\/wp\/v2\/product"}],"about":[{"href":"https:\/\/www.brmedal.com.br\/index.php?rest_route=\/wp\/v2\/types\/product"}],"replies":[{"embeddable":true,"href":"https:\/\/www.brmedal.com.br\/index.php?rest_route=%2Fwp%2Fv2%2Fcomments&post=14945"}],"wp:featuredmedia":[{"embeddable":true,"href":"https:\/\/www.brmedal.com.br\/index.php?rest_route=\/wp\/v2\/media\/14946"}],"wp:attachment":[{"href":"https:\/\/www.brmedal.com.br\/index.php?rest_route=%2Fwp%2Fv2%2Fmedia&parent=14945"}],"wp:term":[{"taxonomy":"product_brand","embeddable":true,"href":"https:\/\/www.brmedal.com.br\/index.php?rest_route=%2Fwp%2Fv2%2Fproduct_brand&post=14945"},{"taxonomy":"product_cat","embeddable":true,"href":"https:\/\/www.brmedal.com.br\/index.php?rest_route=%2Fwp%2Fv2%2Fproduct_cat&post=14945"},{"taxonomy":"product_tag","embeddable":true,"href":"https:\/\/www.brmedal.com.br\/index.php?rest_route=%2Fwp%2Fv2%2Fproduct_tag&post=14945"}],"curies":[{"name":"wp","href":"https:\/\/api.w.org\/{rel}","templated":true}]}}