{"id":2125,"date":"2018-05-24T13:00:06","date_gmt":"2018-05-24T16:00:06","guid":{"rendered":"https:\/\/www.brmedal.com.br\/product\/campo-cirurgico-descartavel-esteril\/"},"modified":"2022-11-10T15:06:47","modified_gmt":"2022-11-10T18:06:47","slug":"campo-cirurgico-descartavel-esteril","status":"publish","type":"product","link":"https:\/\/www.brmedal.com.br\/?product=campo-cirurgico-descartavel-esteril","title":{"rendered":"Campo Cir\u00fargico Descart\u00e1vel Est\u00e9ril"},"content":{"rendered":"<p>Gramatura: 30 grs\/m2<\/p>\n<p>Tamanhos: 50&#215;50, 70&#215;70 cms ou 1,00 x 1,00 mt.<\/p>\n<p>Registro no Minist\u00e9rio\u00a0\u00a0da Sa\u00fade \/ ANVISA: 80404440001.<\/p>\n","protected":false},"excerpt":{"rendered":"<p>Campo descart\u00e1vel confeccionado em SMS de estrutura flex\u00edvel, plana e porosa, por processo automatizado<\/p>\n<p>Pacote com 10 unidades.<\/p>\n<p>Caixa de embarque com 100 unidades<\/p>\n<p>&nbsp;<\/p>\n","protected":false},"featured_media":2123,"comment_status":"open","ping_status":"closed","template":"","meta":[],"product_brand":[],"product_cat":[571],"product_tag":[],"class_list":{"0":"post-2125","1":"product","2":"type-product","3":"status-publish","4":"has-post-thumbnail","6":"product_cat-rouparia","7":"pa_tamanhosdoscamposcirurgico-1_0x1_0mtpacotecom2","8":"pa_tamanhosdoscamposcirurgico-50x50cmspacotecom3","10":"first","11":"onbackorder","12":"shipping-taxable","13":"purchasable","14":"product-type-simple"},"_links":{"self":[{"href":"https:\/\/www.brmedal.com.br\/index.php?rest_route=\/wp\/v2\/product\/2125","targetHints":{"allow":["GET"]}}],"collection":[{"href":"https:\/\/www.brmedal.com.br\/index.php?rest_route=\/wp\/v2\/product"}],"about":[{"href":"https:\/\/www.brmedal.com.br\/index.php?rest_route=\/wp\/v2\/types\/product"}],"replies":[{"embeddable":true,"href":"https:\/\/www.brmedal.com.br\/index.php?rest_route=%2Fwp%2Fv2%2Fcomments&post=2125"}],"wp:featuredmedia":[{"embeddable":true,"href":"https:\/\/www.brmedal.com.br\/index.php?rest_route=\/wp\/v2\/media\/2123"}],"wp:attachment":[{"href":"https:\/\/www.brmedal.com.br\/index.php?rest_route=%2Fwp%2Fv2%2Fmedia&parent=2125"}],"wp:term":[{"taxonomy":"product_brand","embeddable":true,"href":"https:\/\/www.brmedal.com.br\/index.php?rest_route=%2Fwp%2Fv2%2Fproduct_brand&post=2125"},{"taxonomy":"product_cat","embeddable":true,"href":"https:\/\/www.brmedal.com.br\/index.php?rest_route=%2Fwp%2Fv2%2Fproduct_cat&post=2125"},{"taxonomy":"product_tag","embeddable":true,"href":"https:\/\/www.brmedal.com.br\/index.php?rest_route=%2Fwp%2Fv2%2Fproduct_tag&post=2125"}],"curies":[{"name":"wp","href":"https:\/\/api.w.org\/{rel}","templated":true}]}}