{"id":2140,"date":"2018-05-25T07:59:34","date_gmt":"2018-05-25T10:59:34","guid":{"rendered":"https:\/\/www.brmedal.com.br\/product\/campo-cirurgico-descartavel-fenestrado-esteril\/"},"modified":"2022-11-10T15:05:24","modified_gmt":"2022-11-10T18:05:24","slug":"campo-cirurgico-descartavel-fenestrado-esteril","status":"publish","type":"product","link":"https:\/\/www.brmedal.com.br\/?product=campo-cirurgico-descartavel-fenestrado-esteril","title":{"rendered":"Campo Cir\u00fargico Descart\u00e1vel Fenestrado Est\u00e9ril"},"content":{"rendered":"<p>Fenestra de diametros:\u00a0\u00a0de 4, 7, 8, 11 e 16 cms<\/p>\n<p>Pre\u00e7o Pacote com 10 unidades.<\/p>\n<p>Caixa de embarque com 100 unidades<\/p>\n","protected":false},"excerpt":{"rendered":"<p>Fabricado em n\u00e3o tecido SMS com barreira bacteriana dispon\u00edveis em quatro modelos na cor azul.<\/p>\n<ul>\n<li>\u00a0\u00a0\u00a0\u00a0\u00a0\u00a0\u00a0 Standard com fita adesiva hipoalerg\u00eanica<\/li>\n<li>\u00a0\u00a0\u00a0\u00a0\u00a0\u00a0\u00a0 Com refor\u00e7o e fita adesiva hipoalerg\u00eanica<\/li>\n<li>\u00a0\u00a0\u00a0\u00a0\u00a0\u00a0\u00a0 Fenestrado<\/li>\n<\/ul>\n<p>Embalados em papel grau cirurgico e esterelizado a ETO.<\/p>\n<p>&nbsp;<\/p>\n","protected":false},"featured_media":2133,"comment_status":"open","ping_status":"closed","template":"","meta":[],"product_brand":[],"product_cat":[571],"product_tag":[],"class_list":{"0":"post-2140","1":"product","2":"type-product","3":"status-publish","4":"has-post-thumbnail","6":"product_cat-rouparia","8":"first","9":"onbackorder","10":"shipping-taxable","11":"purchasable","12":"product-type-simple"},"_links":{"self":[{"href":"https:\/\/www.brmedal.com.br\/index.php?rest_route=\/wp\/v2\/product\/2140","targetHints":{"allow":["GET"]}}],"collection":[{"href":"https:\/\/www.brmedal.com.br\/index.php?rest_route=\/wp\/v2\/product"}],"about":[{"href":"https:\/\/www.brmedal.com.br\/index.php?rest_route=\/wp\/v2\/types\/product"}],"replies":[{"embeddable":true,"href":"https:\/\/www.brmedal.com.br\/index.php?rest_route=%2Fwp%2Fv2%2Fcomments&post=2140"}],"wp:featuredmedia":[{"embeddable":true,"href":"https:\/\/www.brmedal.com.br\/index.php?rest_route=\/wp\/v2\/media\/2133"}],"wp:attachment":[{"href":"https:\/\/www.brmedal.com.br\/index.php?rest_route=%2Fwp%2Fv2%2Fmedia&parent=2140"}],"wp:term":[{"taxonomy":"product_brand","embeddable":true,"href":"https:\/\/www.brmedal.com.br\/index.php?rest_route=%2Fwp%2Fv2%2Fproduct_brand&post=2140"},{"taxonomy":"product_cat","embeddable":true,"href":"https:\/\/www.brmedal.com.br\/index.php?rest_route=%2Fwp%2Fv2%2Fproduct_cat&post=2140"},{"taxonomy":"product_tag","embeddable":true,"href":"https:\/\/www.brmedal.com.br\/index.php?rest_route=%2Fwp%2Fv2%2Fproduct_tag&post=2140"}],"curies":[{"name":"wp","href":"https:\/\/api.w.org\/{rel}","templated":true}]}}