{"id":2161,"date":"2018-05-25T08:30:33","date_gmt":"2018-05-25T11:30:33","guid":{"rendered":"https:\/\/www.brmedal.com.br\/product\/campo-cirurgico-descartavel-fenestrado-nao-esteril\/"},"modified":"2022-11-10T15:03:25","modified_gmt":"2022-11-10T18:03:25","slug":"campo-cirurgico-descartavel-fenestrado-nao-esteril","status":"publish","type":"product","link":"https:\/\/www.brmedal.com.br\/?product=campo-cirurgico-descartavel-fenestrado-nao-esteril","title":{"rendered":"Campo Cir\u00fargico Descart\u00e1vel Fenestrado N\u00e3o Est\u00e9ril"},"content":{"rendered":"<p>Tamanhos:<\/p>\n<p>45&#215;60 cms \u2013 fenestra 7 cms<\/p>\n<p>70&#215;70 cms \u2013 fenestra 7 cms<\/p>\n<p>70&#215;90 cms \u2013 fenestra 7 cms<\/p>\n<p>2,00&#215;0,90 mts\u2013 \u00a0fenestra 11 cm<\/p>\n<p>Outras medidas somente por encomenda.<\/p>\n","protected":false},"excerpt":{"rendered":"<p>Campo descart\u00e1vel confeccionado em SMS de estrutura flex\u00edvel, plana e porosa, por processo automatizado<\/p>\n<p>Gramatura: 30 grs\/m2<\/p>\n<p>Pre\u00e7o Pacote com 10 unidades.<\/p>\n<p>Caixa de embarque com 100 unidades<\/p>\n<p>Registro no Minist\u00e9rio\u00a0 da Sa\u00fade \/ ANVISA: 80404440001.<\/p>\n<p>&nbsp;<\/p>\n","protected":false},"featured_media":2154,"comment_status":"open","ping_status":"closed","template":"","meta":[],"product_brand":[],"product_cat":[571],"product_tag":[],"class_list":{"0":"post-2161","1":"product","2":"type-product","3":"status-publish","4":"has-post-thumbnail","6":"product_cat-rouparia","8":"first","9":"onbackorder","10":"shipping-taxable","11":"purchasable","12":"product-type-simple"},"_links":{"self":[{"href":"https:\/\/www.brmedal.com.br\/index.php?rest_route=\/wp\/v2\/product\/2161","targetHints":{"allow":["GET"]}}],"collection":[{"href":"https:\/\/www.brmedal.com.br\/index.php?rest_route=\/wp\/v2\/product"}],"about":[{"href":"https:\/\/www.brmedal.com.br\/index.php?rest_route=\/wp\/v2\/types\/product"}],"replies":[{"embeddable":true,"href":"https:\/\/www.brmedal.com.br\/index.php?rest_route=%2Fwp%2Fv2%2Fcomments&post=2161"}],"wp:featuredmedia":[{"embeddable":true,"href":"https:\/\/www.brmedal.com.br\/index.php?rest_route=\/wp\/v2\/media\/2154"}],"wp:attachment":[{"href":"https:\/\/www.brmedal.com.br\/index.php?rest_route=%2Fwp%2Fv2%2Fmedia&parent=2161"}],"wp:term":[{"taxonomy":"product_brand","embeddable":true,"href":"https:\/\/www.brmedal.com.br\/index.php?rest_route=%2Fwp%2Fv2%2Fproduct_brand&post=2161"},{"taxonomy":"product_cat","embeddable":true,"href":"https:\/\/www.brmedal.com.br\/index.php?rest_route=%2Fwp%2Fv2%2Fproduct_cat&post=2161"},{"taxonomy":"product_tag","embeddable":true,"href":"https:\/\/www.brmedal.com.br\/index.php?rest_route=%2Fwp%2Fv2%2Fproduct_tag&post=2161"}],"curies":[{"name":"wp","href":"https:\/\/api.w.org\/{rel}","templated":true}]}}