{"id":2196,"date":"2018-05-25T09:08:13","date_gmt":"2018-05-25T12:08:13","guid":{"rendered":"https:\/\/www.brmedal.com.br\/product\/involucro-wrap-para-esterilizacao-em-sms\/"},"modified":"2022-11-10T14:47:46","modified_gmt":"2022-11-10T17:47:46","slug":"involucro-wrap-para-esterilizacao-em-sms","status":"publish","type":"product","link":"https:\/\/www.brmedal.com.br\/?product=involucro-wrap-para-esterilizacao-em-sms","title":{"rendered":"Inv\u00f3lucro Wrap para Esteriliza\u00e7\u00e3o em SMS"},"content":{"rendered":"<p>100% N\u00e3o-Tecido de Polipropileno com barreira bacteriana. Barreiras Externas: Spundbond; Barreira Interna: Meltblown<\/p>\n<p>Efici\u00eancia de Filtra\u00e7\u00e3o Bacteriol\u00f3gica: 98,9%<\/p>\n<p>Prote\u00e7\u00e3o: Protege mesas, bancadas, \u00e1reas do corpo, entre outros, contra contamina\u00e7\u00e3o cruzada e bacteriana durante procedimentos cir\u00fargicos.<\/p>\n","protected":false},"excerpt":{"rendered":"<p>Ideal para embrulhar e proteger produtos e objetos submetidos \u00e0 esteriliza\u00e7\u00e3o a ETO ou autoclave.<\/p>\n<p>Campo cir\u00fargico fabricado com N\u00e3o-Tecido composto por fibras cont\u00ednuas e denso aglomerado de microfibras que agem excelentemente como barreira contra agentes contaminantes<\/p>\n<p>&nbsp;<\/p>\n","protected":false},"featured_media":2195,"comment_status":"open","ping_status":"closed","template":"","meta":[],"product_brand":[],"product_cat":[571],"product_tag":[],"class_list":{"0":"post-2196","1":"product","2":"type-product","3":"status-publish","4":"has-post-thumbnail","6":"product_cat-rouparia","7":"pa_tamanho-involucro-wrap-0_50x0_50gramatura40pctc20","8":"pa_tamanho-involucro-wrap-0_90x0_90gramatura40pctc20","9":"pa_tamanho-involucro-wrap-1_00x1_00gramatura40pctc20","11":"first","12":"onbackorder","13":"shipping-taxable","14":"purchasable","15":"product-type-simple"},"_links":{"self":[{"href":"https:\/\/www.brmedal.com.br\/index.php?rest_route=\/wp\/v2\/product\/2196","targetHints":{"allow":["GET"]}}],"collection":[{"href":"https:\/\/www.brmedal.com.br\/index.php?rest_route=\/wp\/v2\/product"}],"about":[{"href":"https:\/\/www.brmedal.com.br\/index.php?rest_route=\/wp\/v2\/types\/product"}],"replies":[{"embeddable":true,"href":"https:\/\/www.brmedal.com.br\/index.php?rest_route=%2Fwp%2Fv2%2Fcomments&post=2196"}],"wp:featuredmedia":[{"embeddable":true,"href":"https:\/\/www.brmedal.com.br\/index.php?rest_route=\/wp\/v2\/media\/2195"}],"wp:attachment":[{"href":"https:\/\/www.brmedal.com.br\/index.php?rest_route=%2Fwp%2Fv2%2Fmedia&parent=2196"}],"wp:term":[{"taxonomy":"product_brand","embeddable":true,"href":"https:\/\/www.brmedal.com.br\/index.php?rest_route=%2Fwp%2Fv2%2Fproduct_brand&post=2196"},{"taxonomy":"product_cat","embeddable":true,"href":"https:\/\/www.brmedal.com.br\/index.php?rest_route=%2Fwp%2Fv2%2Fproduct_cat&post=2196"},{"taxonomy":"product_tag","embeddable":true,"href":"https:\/\/www.brmedal.com.br\/index.php?rest_route=%2Fwp%2Fv2%2Fproduct_tag&post=2196"}],"curies":[{"name":"wp","href":"https:\/\/api.w.org\/{rel}","templated":true}]}}