{"id":2225,"date":"2022-11-10T14:24:24","date_gmt":"2022-11-10T17:24:24","guid":{"rendered":"https:\/\/www.brmedal.com.br\/?post_type=product&#038;p=2225"},"modified":"2022-11-10T14:24:24","modified_gmt":"2022-11-10T17:24:24","slug":"sapatilha-pro-pe","status":"publish","type":"product","link":"https:\/\/www.brmedal.com.br\/?product=sapatilha-pro-pe","title":{"rendered":"Sapatilha Pro-P\u00e9 descart\u00e1vel"},"content":{"rendered":"","protected":false},"excerpt":{"rendered":"<p>Sapatilhas protetoras Pro-P\u00e9, descart\u00e1veis, confeccionadas em TNT por processo automatizado<\/p>\n<p>N\u00e3o-Tecido 100% Polipropileno de gramatura 20g\/m2.<\/p>\n<p>Cor branca<\/p>\n<p>Pacote com 100 unidades.<\/p>\n<p>Caixa de despacho com 5 pacotes<\/p>\n<p>&nbsp;<\/p>\n","protected":false},"featured_media":2217,"comment_status":"open","ping_status":"closed","template":"","meta":[],"product_brand":[],"product_cat":[508,571],"product_tag":[],"class_list":{"0":"post-2225","1":"product","2":"type-product","3":"status-publish","4":"has-post-thumbnail","6":"product_cat-inicio","7":"product_cat-rouparia","9":"first","10":"onbackorder","11":"shipping-taxable","12":"purchasable","13":"product-type-simple"},"_links":{"self":[{"href":"https:\/\/www.brmedal.com.br\/index.php?rest_route=\/wp\/v2\/product\/2225","targetHints":{"allow":["GET"]}}],"collection":[{"href":"https:\/\/www.brmedal.com.br\/index.php?rest_route=\/wp\/v2\/product"}],"about":[{"href":"https:\/\/www.brmedal.com.br\/index.php?rest_route=\/wp\/v2\/types\/product"}],"replies":[{"embeddable":true,"href":"https:\/\/www.brmedal.com.br\/index.php?rest_route=%2Fwp%2Fv2%2Fcomments&post=2225"}],"wp:featuredmedia":[{"embeddable":true,"href":"https:\/\/www.brmedal.com.br\/index.php?rest_route=\/wp\/v2\/media\/2217"}],"wp:attachment":[{"href":"https:\/\/www.brmedal.com.br\/index.php?rest_route=%2Fwp%2Fv2%2Fmedia&parent=2225"}],"wp:term":[{"taxonomy":"product_brand","embeddable":true,"href":"https:\/\/www.brmedal.com.br\/index.php?rest_route=%2Fwp%2Fv2%2Fproduct_brand&post=2225"},{"taxonomy":"product_cat","embeddable":true,"href":"https:\/\/www.brmedal.com.br\/index.php?rest_route=%2Fwp%2Fv2%2Fproduct_cat&post=2225"},{"taxonomy":"product_tag","embeddable":true,"href":"https:\/\/www.brmedal.com.br\/index.php?rest_route=%2Fwp%2Fv2%2Fproduct_tag&post=2225"}],"curies":[{"name":"wp","href":"https:\/\/api.w.org\/{rel}","templated":true}]}}