{"id":2236,"date":"2018-06-01T07:59:11","date_gmt":"2018-06-01T10:59:11","guid":{"rendered":"https:\/\/www.brmedal.com.br\/product\/jetlaxis-uno\/"},"modified":"2023-10-12T17:40:24","modified_gmt":"2023-10-12T20:40:24","slug":"jetlaxis-uno","status":"publish","type":"product","link":"https:\/\/www.brmedal.com.br\/?product=jetlaxis-uno","title":{"rendered":"Jato de bicarbonato Jetlaxis Uno"},"content":{"rendered":"<p>Tampa do dep\u00f3sito com visor transparente. Acompanha dois visores extras.<\/p>\n<p>Regulagem precisa do fluxo de \u00e1gua.<\/p>\n<p>Acionamento atrav\u00e9s do pedal do equipo.<\/p>\n<p>Dep\u00f3sito de bicarbonato acoplado a pe\u00e7a de m\u00e3o.<\/p>\n<p>Facilmente desmont\u00e1vel. Com ponteira remov\u00edvel, girat\u00f3ria e autoclav\u00e1vel.<\/p>\n<p>Conectado ao terminal do equipo (encaixe borden). N\u00e3o necessita de instala\u00e7\u00e3o.<\/p>\n<p><strong>Encaixe:<\/strong><br \/>\nBorden<br \/>\n<strong>Peso L\u00edquido:<\/strong><br \/>\n0,21 Kg<br \/>\n<strong>Peso Bruto:<\/strong><br \/>\n0,40 Kg<\/p>\n","protected":false},"excerpt":{"rendered":"<p>\u2022 Conectado ao terminal do micro motor utilizando o pedal do equipo.<br \/>\n\u2022 Ponteira remov\u00edvel e autoclav\u00e1vel.<br \/>\n\u2022 Regulagem do spray (\u00e1gua) no terminal do equipo.<br \/>\n\u2022 Reservat\u00f3rio do bicarbonato acoplado e tampa com visor transparente.<\/p>\n<p style=\"text-align: left\">\n","protected":false},"featured_media":2234,"comment_status":"open","ping_status":"closed","template":"","meta":[],"product_brand":[],"product_cat":[546,508],"product_tag":[],"class_list":{"0":"post-2236","1":"product","2":"type-product","3":"status-publish","4":"has-post-thumbnail","6":"product_cat-equipamentos-odontologia","7":"product_cat-inicio","9":"first","10":"instock","11":"shipping-taxable","12":"purchasable","13":"product-type-simple"},"_links":{"self":[{"href":"https:\/\/www.brmedal.com.br\/index.php?rest_route=\/wp\/v2\/product\/2236","targetHints":{"allow":["GET"]}}],"collection":[{"href":"https:\/\/www.brmedal.com.br\/index.php?rest_route=\/wp\/v2\/product"}],"about":[{"href":"https:\/\/www.brmedal.com.br\/index.php?rest_route=\/wp\/v2\/types\/product"}],"replies":[{"embeddable":true,"href":"https:\/\/www.brmedal.com.br\/index.php?rest_route=%2Fwp%2Fv2%2Fcomments&post=2236"}],"wp:featuredmedia":[{"embeddable":true,"href":"https:\/\/www.brmedal.com.br\/index.php?rest_route=\/wp\/v2\/media\/2234"}],"wp:attachment":[{"href":"https:\/\/www.brmedal.com.br\/index.php?rest_route=%2Fwp%2Fv2%2Fmedia&parent=2236"}],"wp:term":[{"taxonomy":"product_brand","embeddable":true,"href":"https:\/\/www.brmedal.com.br\/index.php?rest_route=%2Fwp%2Fv2%2Fproduct_brand&post=2236"},{"taxonomy":"product_cat","embeddable":true,"href":"https:\/\/www.brmedal.com.br\/index.php?rest_route=%2Fwp%2Fv2%2Fproduct_cat&post=2236"},{"taxonomy":"product_tag","embeddable":true,"href":"https:\/\/www.brmedal.com.br\/index.php?rest_route=%2Fwp%2Fv2%2Fproduct_tag&post=2236"}],"curies":[{"name":"wp","href":"https:\/\/api.w.org\/{rel}","templated":true}]}}