{"id":2262,"date":"2018-06-06T13:12:26","date_gmt":"2018-06-06T16:12:26","guid":{"rendered":"https:\/\/www.brmedal.com.br\/product\/limpador-ultrasonico-altsonic-clean-3-pa\/"},"modified":"2022-11-10T14:06:46","modified_gmt":"2022-11-10T17:06:46","slug":"limpador-ultrasonico-altsonic-clean-3-pa","status":"publish","type":"product","link":"https:\/\/www.brmedal.com.br\/?product=limpador-ultrasonico-altsonic-clean-3-pa","title":{"rendered":"Limpador ultras\u00f4nico Altsonic Clean 3 PA"},"content":{"rendered":"<p>O transdutor piezoel\u00e9ctrico \u00e9 o componente respons\u00e1vel em transformar a energia el\u00e9trica, atrav\u00e9s de vibra\u00e7\u00f5es, em energia mec\u00e2nica.<\/p>\n<p>Um sistema eletr\u00f4nico acoplado ao transdutor, transmite a um, recipiente com solu\u00e7\u00e3o l\u00edquida movimentos oscilat\u00f3rios conjugados originando a cavita\u00e7\u00e3o que consiste na forma\u00e7\u00e3o r\u00e1pida e colapso de milh\u00f5es de bolhas min\u00fasculas (ou cavidades) dentro de um l\u00edquido.<\/p>\n<p>Durante a fase de baixa press\u00e3o, estas bolhas crescem, em tamanho microsc\u00f3pico, at\u00e9 que atinjam a fase de press\u00e3o alta, na qual elas s\u00e3o comprimidas e implodem.<\/p>\n<p><strong>DESCRI\u00c7\u00c3O<\/strong><\/p>\n<p>Chave liga \/ desliga;<\/p>\n<p>Ciclo de trabalho autom\u00e1tico;<\/p>\n<p>Temporizador eletr\u00f4nico microprocessado;<\/p>\n<p>Timer decrescente com ajuste at\u00e9 (30) trinta minutos com display digital e sinal sonoro ao t\u00e9rmino do ciclo;<\/p>\n<p>Aquecimento com temperatura de 45\u00b0C \u00b1 5\u00b0C (modelos 3PA, 3IA);<\/p>\n<p>Termostato, para controle da temperatura com indicadores visuais (modelos 3PA, 3IA);<\/p>\n<p>Painel confeccionado em membrana de policarbonato possui todos os comandos de opera\u00e7\u00e3o da lavadora;<\/p>\n<p>Dreno e registro para facilitar a limpeza e drenagem do l\u00edquido do tanque;<\/p>\n<p>Tanque em a\u00e7o inoxid\u00e1vel;<\/p>\n<p>Cesto com fura\u00e7\u00f5es para maximizar o rendimento do ultra-som;<\/p>\n<p><strong>APLICA\u00c7\u00d5ES<\/strong><\/p>\n<p>Odontol\u00f3gica: Limpeza do ferramental, brocas e limas usadas em endodontia, etc&#8230;<\/p>\n<p>Cir\u00fargica: Limpeza dos ferramentais usados em salas de cirurgia, cateteres, sondas, etc&#8230;<\/p>\n<p>Laboratorial: Limpeza de l\u00e2minas, backers, pipetas, provetas e vidrarias em geral.<\/p>\n<p>Ind. Farmac\u00eautica: Limpeza de mecanismos de equipamentos usados na produ\u00e7\u00e3o de medicamentos;<\/p>\n<p>Eletr\u00f4nica: Limpeza de placas de circuito impresso e placas em alumina.<\/p>\n<p>Metrologia: Limpeza de instrumentos de medi\u00e7\u00e3o cr\u00edticos.<\/p>\n<p>\u00d3ticas: Limpeza de arma\u00e7\u00f5es e lentes de \u00f3culos.<\/p>\n<p>Relojoarias: Limpeza de mecanismos e pulseiras de rel\u00f3gio.<\/p>\n<p>Joalherias: Limpeza de j\u00f3ias e pedras preciosas.<\/p>\n<p>Inform\u00e1tica: Limpeza de mecanismos de impressoras fiscais, cabe\u00e7as de impress\u00e3o e placas de circuito impresso que passam por retrabalho.<\/p>\n<p>Automotiva:Limpeza de bicos Injetores (diesel e inje\u00e7\u00e3o eletr\u00f4nica), carburadores, TBI&#8217;s, galerias de combust\u00edvel, bombas el\u00e9tricas, etc&#8230;<\/p>\n","protected":false},"excerpt":{"rendered":"<p>O transdutor piezoel\u00e9ctrico \u00e9 o componente respons\u00e1vel em transformar a energia el\u00e9trica, atrav\u00e9s de vibra\u00e7\u00f5es, em energia mec\u00e2nica.<\/p>\n","protected":false},"featured_media":2261,"comment_status":"open","ping_status":"closed","template":"","meta":[],"product_brand":[],"product_cat":[511,508],"product_tag":[],"class_list":{"0":"post-2262","1":"product","2":"type-product","3":"status-publish","4":"has-post-thumbnail","6":"product_cat-equipamentos","7":"product_cat-inicio","9":"first","10":"onbackorder","11":"shipping-taxable","12":"purchasable","13":"product-type-simple"},"_links":{"self":[{"href":"https:\/\/www.brmedal.com.br\/index.php?rest_route=\/wp\/v2\/product\/2262","targetHints":{"allow":["GET"]}}],"collection":[{"href":"https:\/\/www.brmedal.com.br\/index.php?rest_route=\/wp\/v2\/product"}],"about":[{"href":"https:\/\/www.brmedal.com.br\/index.php?rest_route=\/wp\/v2\/types\/product"}],"replies":[{"embeddable":true,"href":"https:\/\/www.brmedal.com.br\/index.php?rest_route=%2Fwp%2Fv2%2Fcomments&post=2262"}],"wp:featuredmedia":[{"embeddable":true,"href":"https:\/\/www.brmedal.com.br\/index.php?rest_route=\/wp\/v2\/media\/2261"}],"wp:attachment":[{"href":"https:\/\/www.brmedal.com.br\/index.php?rest_route=%2Fwp%2Fv2%2Fmedia&parent=2262"}],"wp:term":[{"taxonomy":"product_brand","embeddable":true,"href":"https:\/\/www.brmedal.com.br\/index.php?rest_route=%2Fwp%2Fv2%2Fproduct_brand&post=2262"},{"taxonomy":"product_cat","embeddable":true,"href":"https:\/\/www.brmedal.com.br\/index.php?rest_route=%2Fwp%2Fv2%2Fproduct_cat&post=2262"},{"taxonomy":"product_tag","embeddable":true,"href":"https:\/\/www.brmedal.com.br\/index.php?rest_route=%2Fwp%2Fv2%2Fproduct_tag&post=2262"}],"curies":[{"name":"wp","href":"https:\/\/api.w.org\/{rel}","templated":true}]}}