{"id":2272,"date":"2018-06-07T08:12:24","date_gmt":"2018-06-07T11:12:24","guid":{"rendered":"https:\/\/www.brmedal.com.br\/product\/arco-facial-elite\/"},"modified":"2022-11-10T13:51:57","modified_gmt":"2022-11-10T16:51:57","slug":"arco-facial-elite","status":"publish","type":"product","link":"https:\/\/www.brmedal.com.br\/?product=arco-facial-elite","title":{"rendered":"Arco Facial Elite"},"content":{"rendered":"<p>O Novo Arco Elite traz um sistema de articula\u00e7\u00e3o e fixa\u00e7\u00e3o do garfo que permite um registro mais r\u00e1pido para o profissional, \u00e9 tamb\u00e9m confort\u00e1vel para o paciente.<\/p>\n<p>Possui um conjunto de transfer\u00eancia que elimina a necessidade do arco no processo de montagem dos modelos no articulador, tornando este processo mais pr\u00e1tico e est\u00e1vel.<\/p>\n<p>Seu Relator \u201cNaziun\u201d com altura ajust\u00e1vel aliado ao indicador \u201cinfra-orbital\u201d, torna o registro ainda mais preciso.<\/p>\n<p>O arco \u00e9 equipado com um sistema de deslizamento suave (abertura e fechamento) que facilita o seu manuseio. Suas aur\u00edculas s\u00e3o anat\u00f4micas, remov\u00edveis e esteriliz\u00e1veis quimicamente.<\/p>\n","protected":false},"excerpt":{"rendered":"<p>O Novo Arco Elite traz um sistema de articula\u00e7\u00e3o e fixa\u00e7\u00e3o do garfo que permite um registro mais r\u00e1pido para o profissional, \u00e9 tamb\u00e9m confort\u00e1vel para o paciente.<\/p>\n<p>&nbsp;<\/p>\n","protected":false},"featured_media":2269,"comment_status":"open","ping_status":"closed","template":"","meta":[],"product_brand":[],"product_cat":[511,510],"product_tag":[],"class_list":{"0":"post-2272","1":"product","2":"type-product","3":"status-publish","4":"has-post-thumbnail","6":"product_cat-equipamentos","7":"product_cat-odontologia","9":"first","10":"onbackorder","11":"shipping-taxable","12":"purchasable","13":"product-type-simple"},"_links":{"self":[{"href":"https:\/\/www.brmedal.com.br\/index.php?rest_route=\/wp\/v2\/product\/2272","targetHints":{"allow":["GET"]}}],"collection":[{"href":"https:\/\/www.brmedal.com.br\/index.php?rest_route=\/wp\/v2\/product"}],"about":[{"href":"https:\/\/www.brmedal.com.br\/index.php?rest_route=\/wp\/v2\/types\/product"}],"replies":[{"embeddable":true,"href":"https:\/\/www.brmedal.com.br\/index.php?rest_route=%2Fwp%2Fv2%2Fcomments&post=2272"}],"wp:featuredmedia":[{"embeddable":true,"href":"https:\/\/www.brmedal.com.br\/index.php?rest_route=\/wp\/v2\/media\/2269"}],"wp:attachment":[{"href":"https:\/\/www.brmedal.com.br\/index.php?rest_route=%2Fwp%2Fv2%2Fmedia&parent=2272"}],"wp:term":[{"taxonomy":"product_brand","embeddable":true,"href":"https:\/\/www.brmedal.com.br\/index.php?rest_route=%2Fwp%2Fv2%2Fproduct_brand&post=2272"},{"taxonomy":"product_cat","embeddable":true,"href":"https:\/\/www.brmedal.com.br\/index.php?rest_route=%2Fwp%2Fv2%2Fproduct_cat&post=2272"},{"taxonomy":"product_tag","embeddable":true,"href":"https:\/\/www.brmedal.com.br\/index.php?rest_route=%2Fwp%2Fv2%2Fproduct_tag&post=2272"}],"curies":[{"name":"wp","href":"https:\/\/api.w.org\/{rel}","templated":true}]}}