{"id":2277,"date":"2018-06-07T08:17:08","date_gmt":"2018-06-07T11:17:08","guid":{"rendered":"https:\/\/www.brmedal.com.br\/product\/arco-facial-standard\/"},"modified":"2022-11-10T13:50:31","modified_gmt":"2022-11-10T16:50:31","slug":"arco-facial-standard","status":"publish","type":"product","link":"https:\/\/www.brmedal.com.br\/?product=arco-facial-standard","title":{"rendered":"Arco Facial Standard"},"content":{"rendered":"<p>O arco facial \u00e9 um instrumento utilizado para registrar a posi\u00e7\u00e3o espacial da arcada superior do paciente em rela\u00e7\u00e3o \u00e0 base do cr\u00e2nio e o eixo de rota\u00e7\u00e3o candilar, permitindo transferir este registro para o articulador.<\/p>\n<p>Possui borboletas de aperto manual para fixa\u00e7\u00e3o do garfo, eliminando os inconvenientes causados pelo uso da chave.<\/p>\n<p>A transfer\u00eancia do registro do paciente \u00e9 realizada fixando-se o arco facial completo no articulador.<\/p>\n","protected":false},"excerpt":{"rendered":"<p>O arco facial \u00e9 um instrumento utilizado para registrar a posi\u00e7\u00e3o espacial da arcada superior do paciente em rela\u00e7\u00e3o \u00e0 base do cr\u00e2nio e o eixo de rota\u00e7\u00e3o candilar, permitindo transferir este registro para o articulador.<\/p>\n<p>&nbsp;<\/p>\n","protected":false},"featured_media":2275,"comment_status":"open","ping_status":"closed","template":"","meta":[],"product_brand":[],"product_cat":[511],"product_tag":[],"class_list":{"0":"post-2277","1":"product","2":"type-product","3":"status-publish","4":"has-post-thumbnail","6":"product_cat-equipamentos","8":"first","9":"onbackorder","10":"shipping-taxable","11":"purchasable","12":"product-type-simple"},"_links":{"self":[{"href":"https:\/\/www.brmedal.com.br\/index.php?rest_route=\/wp\/v2\/product\/2277","targetHints":{"allow":["GET"]}}],"collection":[{"href":"https:\/\/www.brmedal.com.br\/index.php?rest_route=\/wp\/v2\/product"}],"about":[{"href":"https:\/\/www.brmedal.com.br\/index.php?rest_route=\/wp\/v2\/types\/product"}],"replies":[{"embeddable":true,"href":"https:\/\/www.brmedal.com.br\/index.php?rest_route=%2Fwp%2Fv2%2Fcomments&post=2277"}],"wp:featuredmedia":[{"embeddable":true,"href":"https:\/\/www.brmedal.com.br\/index.php?rest_route=\/wp\/v2\/media\/2275"}],"wp:attachment":[{"href":"https:\/\/www.brmedal.com.br\/index.php?rest_route=%2Fwp%2Fv2%2Fmedia&parent=2277"}],"wp:term":[{"taxonomy":"product_brand","embeddable":true,"href":"https:\/\/www.brmedal.com.br\/index.php?rest_route=%2Fwp%2Fv2%2Fproduct_brand&post=2277"},{"taxonomy":"product_cat","embeddable":true,"href":"https:\/\/www.brmedal.com.br\/index.php?rest_route=%2Fwp%2Fv2%2Fproduct_cat&post=2277"},{"taxonomy":"product_tag","embeddable":true,"href":"https:\/\/www.brmedal.com.br\/index.php?rest_route=%2Fwp%2Fv2%2Fproduct_tag&post=2277"}],"curies":[{"name":"wp","href":"https:\/\/api.w.org\/{rel}","templated":true}]}}