{"id":2281,"date":"2018-06-07T08:31:37","date_gmt":"2018-06-07T11:31:37","guid":{"rendered":"https:\/\/www.brmedal.com.br\/product\/articulador-4000-s\/"},"modified":"2022-11-10T13:25:28","modified_gmt":"2022-11-10T16:25:28","slug":"articulador-4000-s","status":"publish","type":"product","link":"https:\/\/www.brmedal.com.br\/?product=articulador-4000-s","title":{"rendered":"Articulador para pr\u00f3tese mod. 4000-S"},"content":{"rendered":"<p>Semi-ajust\u00e1vel \/ Arcon;<\/p>\n<p>Dist\u00e2ncia intercondilar ajust\u00e1vel em P, M e G atrav\u00e9s do fuso expans\u00e3o;<\/p>\n<p>Guia Cond\u00edlica curva;<\/p>\n<p>Regulagem do \u00e2ngulo da guia Cond\u00edlica;<\/p>\n<p>Regulagem do \u00e2ngulo de Bennet;<\/p>\n<p>Sistema estabilizador dos movimentos (o\u2019ring);<\/p>\n<p>Pode ser adquirido com Arco Facial Standard ou Elite e \u00e9 compat\u00edvel com qualquer acess\u00f3rio.<\/p>\n","protected":false},"excerpt":{"rendered":"<p>Semi-ajust\u00e1vel \/ Arcon;<\/p>\n<p>Dist\u00e2ncia intercondilar ajust\u00e1vel em P, M e G atrav\u00e9s do fuso expans\u00e3o;<\/p>\n","protected":false},"featured_media":2279,"comment_status":"open","ping_status":"closed","template":"","meta":[],"product_brand":[],"product_cat":[511],"product_tag":[],"class_list":{"0":"post-2281","1":"product","2":"type-product","3":"status-publish","4":"has-post-thumbnail","6":"product_cat-equipamentos","8":"first","9":"onbackorder","10":"shipping-taxable","11":"purchasable","12":"product-type-simple"},"_links":{"self":[{"href":"https:\/\/www.brmedal.com.br\/index.php?rest_route=\/wp\/v2\/product\/2281","targetHints":{"allow":["GET"]}}],"collection":[{"href":"https:\/\/www.brmedal.com.br\/index.php?rest_route=\/wp\/v2\/product"}],"about":[{"href":"https:\/\/www.brmedal.com.br\/index.php?rest_route=\/wp\/v2\/types\/product"}],"replies":[{"embeddable":true,"href":"https:\/\/www.brmedal.com.br\/index.php?rest_route=%2Fwp%2Fv2%2Fcomments&post=2281"}],"wp:featuredmedia":[{"embeddable":true,"href":"https:\/\/www.brmedal.com.br\/index.php?rest_route=\/wp\/v2\/media\/2279"}],"wp:attachment":[{"href":"https:\/\/www.brmedal.com.br\/index.php?rest_route=%2Fwp%2Fv2%2Fmedia&parent=2281"}],"wp:term":[{"taxonomy":"product_brand","embeddable":true,"href":"https:\/\/www.brmedal.com.br\/index.php?rest_route=%2Fwp%2Fv2%2Fproduct_brand&post=2281"},{"taxonomy":"product_cat","embeddable":true,"href":"https:\/\/www.brmedal.com.br\/index.php?rest_route=%2Fwp%2Fv2%2Fproduct_cat&post=2281"},{"taxonomy":"product_tag","embeddable":true,"href":"https:\/\/www.brmedal.com.br\/index.php?rest_route=%2Fwp%2Fv2%2Fproduct_tag&post=2281"}],"curies":[{"name":"wp","href":"https:\/\/api.w.org\/{rel}","templated":true}]}}