{"id":2287,"date":"2018-06-07T08:49:34","date_gmt":"2018-06-07T11:49:34","guid":{"rendered":"https:\/\/www.brmedal.com.br\/product\/articulador-a7fix\/"},"modified":"2022-11-10T13:17:47","modified_gmt":"2022-11-10T16:17:47","slug":"articulador-a7fix","status":"publish","type":"product","link":"https:\/\/www.brmedal.com.br\/?product=articulador-a7fix","title":{"rendered":"Articulador A7Fix"},"content":{"rendered":"<p>Estrutura robusta, design que assegura grande estabilidade e visibilidade.<\/p>\n<p>Semi-ajust\u00e1vel \/ Arcon;<\/p>\n<p>Dist\u00e2ncia Intercondilar fixa em 110 mil\u00edmetros;<\/p>\n<p>Guia Condilar fixa na m\u00e9dia: 30\u00b0;<\/p>\n<p>\u00c2ngulo de Bennet fixa na m\u00e9dia: 15\u00b0;<\/p>\n<p>Guia Condilar Curva;<\/p>\n<p>Sistema estabilizador dos movimentos com im\u00e3 (magn\u00e9tico);<\/p>\n<p>Pino para apoio do Ramo Superior na posi\u00e7\u00e3o aberta;<\/p>\n<p>Trava central;<\/p>\n<p>Acompanha estojo cartonado.<\/p>\n<p>Pode ser adquirido com Arco Facial Standard ou Elite e \u00e9 compat\u00edvel com qualquer acess\u00f3rio.<\/p>\n","protected":false},"excerpt":{"rendered":"<p>Estrutura robusta, design que assegura grande estabilidade e visibilidade.<\/p>\n<p>Semi-ajust\u00e1vel \/ Arcon;<\/p>\n","protected":false},"featured_media":2283,"comment_status":"open","ping_status":"closed","template":"","meta":[],"product_brand":[],"product_cat":[511],"product_tag":[],"class_list":{"0":"post-2287","1":"product","2":"type-product","3":"status-publish","4":"has-post-thumbnail","6":"product_cat-equipamentos","8":"first","9":"onbackorder","10":"shipping-taxable","11":"purchasable","12":"product-type-simple"},"_links":{"self":[{"href":"https:\/\/www.brmedal.com.br\/index.php?rest_route=\/wp\/v2\/product\/2287","targetHints":{"allow":["GET"]}}],"collection":[{"href":"https:\/\/www.brmedal.com.br\/index.php?rest_route=\/wp\/v2\/product"}],"about":[{"href":"https:\/\/www.brmedal.com.br\/index.php?rest_route=\/wp\/v2\/types\/product"}],"replies":[{"embeddable":true,"href":"https:\/\/www.brmedal.com.br\/index.php?rest_route=%2Fwp%2Fv2%2Fcomments&post=2287"}],"wp:featuredmedia":[{"embeddable":true,"href":"https:\/\/www.brmedal.com.br\/index.php?rest_route=\/wp\/v2\/media\/2283"}],"wp:attachment":[{"href":"https:\/\/www.brmedal.com.br\/index.php?rest_route=%2Fwp%2Fv2%2Fmedia&parent=2287"}],"wp:term":[{"taxonomy":"product_brand","embeddable":true,"href":"https:\/\/www.brmedal.com.br\/index.php?rest_route=%2Fwp%2Fv2%2Fproduct_brand&post=2287"},{"taxonomy":"product_cat","embeddable":true,"href":"https:\/\/www.brmedal.com.br\/index.php?rest_route=%2Fwp%2Fv2%2Fproduct_cat&post=2287"},{"taxonomy":"product_tag","embeddable":true,"href":"https:\/\/www.brmedal.com.br\/index.php?rest_route=%2Fwp%2Fv2%2Fproduct_tag&post=2287"}],"curies":[{"name":"wp","href":"https:\/\/api.w.org\/{rel}","templated":true}]}}