{"id":2306,"date":"2018-06-07T09:12:46","date_gmt":"2018-06-07T12:12:46","guid":{"rendered":"https:\/\/www.brmedal.com.br\/product\/fotopolimerizador-biolux-plus\/"},"modified":"2022-11-10T11:49:18","modified_gmt":"2022-11-10T14:49:18","slug":"fotopolimerizador-biolux-plus","status":"publish","type":"product","link":"https:\/\/www.brmedal.com.br\/?product=fotopolimerizador-biolux-plus","title":{"rendered":"Fotopolimerizador &#8211; BioLux Plus"},"content":{"rendered":"<p>Leve, ergon\u00f4mico e sem fio, o fotopolimerizador BioLux Plus proporciona liberdade e praticidade de movimento ao profissional.<\/p>\n<p>Possui sonda de fibra \u00f3ptica e sistema de ilumina\u00e7\u00e3o LED a um cumprimento de onda de 470nm e pot\u00eancia de 1000mw\/cm\u00b2.<\/p>\n<p>Polimeriza\u00e7\u00e3o progressiva para a redu\u00e7\u00e3o do efeito de contra\u00e7\u00e3o da resina;<\/p>\n<p>Redu\u00e7\u00e3o no risco de sobreaquecimento da polpa;<\/p>\n<p>Evita desperd\u00edcios com troca de l\u00e2mpadas;<\/p>\n<p>Baixo consumo de energia (11 w);<\/p>\n<p>Bivolt autom\u00e1tico.<\/p>\n<p>&nbsp;<\/p>\n","protected":false},"excerpt":{"rendered":"<p>Leve, ergon\u00f4mico e sem fio, o fotopolimerizador BioLux Plus proporciona liberdade e praticidade<\/p>\n","protected":false},"featured_media":2303,"comment_status":"open","ping_status":"closed","template":"","meta":[],"product_brand":[],"product_cat":[511],"product_tag":[],"class_list":{"0":"post-2306","1":"product","2":"type-product","3":"status-publish","4":"has-post-thumbnail","6":"product_cat-equipamentos","8":"first","9":"onbackorder","10":"shipping-taxable","11":"purchasable","12":"product-type-simple"},"_links":{"self":[{"href":"https:\/\/www.brmedal.com.br\/index.php?rest_route=\/wp\/v2\/product\/2306","targetHints":{"allow":["GET"]}}],"collection":[{"href":"https:\/\/www.brmedal.com.br\/index.php?rest_route=\/wp\/v2\/product"}],"about":[{"href":"https:\/\/www.brmedal.com.br\/index.php?rest_route=\/wp\/v2\/types\/product"}],"replies":[{"embeddable":true,"href":"https:\/\/www.brmedal.com.br\/index.php?rest_route=%2Fwp%2Fv2%2Fcomments&post=2306"}],"wp:featuredmedia":[{"embeddable":true,"href":"https:\/\/www.brmedal.com.br\/index.php?rest_route=\/wp\/v2\/media\/2303"}],"wp:attachment":[{"href":"https:\/\/www.brmedal.com.br\/index.php?rest_route=%2Fwp%2Fv2%2Fmedia&parent=2306"}],"wp:term":[{"taxonomy":"product_brand","embeddable":true,"href":"https:\/\/www.brmedal.com.br\/index.php?rest_route=%2Fwp%2Fv2%2Fproduct_brand&post=2306"},{"taxonomy":"product_cat","embeddable":true,"href":"https:\/\/www.brmedal.com.br\/index.php?rest_route=%2Fwp%2Fv2%2Fproduct_cat&post=2306"},{"taxonomy":"product_tag","embeddable":true,"href":"https:\/\/www.brmedal.com.br\/index.php?rest_route=%2Fwp%2Fv2%2Fproduct_tag&post=2306"}],"curies":[{"name":"wp","href":"https:\/\/api.w.org\/{rel}","templated":true}]}}