{"id":2310,"date":"2018-06-07T09:16:26","date_gmt":"2018-06-07T12:16:26","guid":{"rendered":"https:\/\/www.brmedal.com.br\/product\/fresadora-1000n\/"},"modified":"2022-11-10T11:32:35","modified_gmt":"2022-11-10T14:32:35","slug":"fresadora-1000n","status":"publish","type":"product","link":"https:\/\/www.brmedal.com.br\/?product=fresadora-1000n","title":{"rendered":"Fresadora para pr\u00f3tese 1000N"},"content":{"rendered":"<p>A fresadora 1000N conta com tecnologia inovadora que garante extrema precis\u00e3o nos trabalhos de pr\u00f3teses fixas, remov\u00edveis e encaixes. O bra\u00e7o articulado e\/ou fixo \u00e9 equipado com micr\u00f4metro, oferecendo um preciso avan\u00e7o vertical. \u00c9 fornecida com mesa fixa e\/ou m\u00f3vel, jogo de pontas calibradoras standard e haste com mandril para delineamento e fresagem em cera. Possui coluna com altura regul\u00e1vel e \u00e9 fabricada em duro-alum\u00ednio, apresentando um design robusto, imponente e ao mesmo tempo compacto, garantindo grande durabilidade.<\/p>\n<p>Cabe\u00e7ote projetado para adaptar a maioria dos modelos de canetas\/micromotores dispon\u00edveis no mercado;<\/p>\n<p>Acabamento de pintura eletrost\u00e1tica;<\/p>\n<p>Caneta\/micromotor (opcional);<\/p>\n<p>Dimens\u00f5es: (CxLxH) 29,0 x 26,0 x 39,0 cm;<\/p>\n<p>Peso: 6 Kg.<\/p>\n","protected":false},"excerpt":{"rendered":"<p>A fresadora 1000N conta com tecnologia inovadora que garante extrema precis\u00e3o nos trabalhos de pr\u00f3teses<\/p>\n","protected":false},"featured_media":2308,"comment_status":"open","ping_status":"closed","template":"","meta":[],"product_brand":[],"product_cat":[511],"product_tag":[],"class_list":{"0":"post-2310","1":"product","2":"type-product","3":"status-publish","4":"has-post-thumbnail","6":"product_cat-equipamentos","8":"first","9":"onbackorder","10":"shipping-taxable","11":"purchasable","12":"product-type-simple"},"_links":{"self":[{"href":"https:\/\/www.brmedal.com.br\/index.php?rest_route=\/wp\/v2\/product\/2310","targetHints":{"allow":["GET"]}}],"collection":[{"href":"https:\/\/www.brmedal.com.br\/index.php?rest_route=\/wp\/v2\/product"}],"about":[{"href":"https:\/\/www.brmedal.com.br\/index.php?rest_route=\/wp\/v2\/types\/product"}],"replies":[{"embeddable":true,"href":"https:\/\/www.brmedal.com.br\/index.php?rest_route=%2Fwp%2Fv2%2Fcomments&post=2310"}],"wp:featuredmedia":[{"embeddable":true,"href":"https:\/\/www.brmedal.com.br\/index.php?rest_route=\/wp\/v2\/media\/2308"}],"wp:attachment":[{"href":"https:\/\/www.brmedal.com.br\/index.php?rest_route=%2Fwp%2Fv2%2Fmedia&parent=2310"}],"wp:term":[{"taxonomy":"product_brand","embeddable":true,"href":"https:\/\/www.brmedal.com.br\/index.php?rest_route=%2Fwp%2Fv2%2Fproduct_brand&post=2310"},{"taxonomy":"product_cat","embeddable":true,"href":"https:\/\/www.brmedal.com.br\/index.php?rest_route=%2Fwp%2Fv2%2Fproduct_cat&post=2310"},{"taxonomy":"product_tag","embeddable":true,"href":"https:\/\/www.brmedal.com.br\/index.php?rest_route=%2Fwp%2Fv2%2Fproduct_tag&post=2310"}],"curies":[{"name":"wp","href":"https:\/\/api.w.org\/{rel}","templated":true}]}}