{"id":2346,"date":"2018-06-07T09:42:47","date_gmt":"2018-06-07T12:42:47","guid":{"rendered":"https:\/\/www.brmedal.com.br\/product\/placas-para-moldeiras-cristal-pvc-03-mm\/"},"modified":"2022-11-09T23:12:51","modified_gmt":"2022-11-10T02:12:51","slug":"placas-para-moldeiras-cristal-pvc-03-mm","status":"publish","type":"product","link":"https:\/\/www.brmedal.com.br\/?product=placas-para-moldeiras-cristal-pvc-03-mm","title":{"rendered":"Placas para Moldeiras p\/ Plastificadoras a V\u00e1cuo &#8211; Cristal (PVC) 0,3 mm"},"content":{"rendered":"<p>A Bio-Art conta com uma grande variedade de placas p\/ Plastificadoras a V\u00e1cuo. Todos os modelos tem op\u00e7\u00e3o de corte redondo ou quadrado.<\/p>\n<p>Dimens\u00f5es:<\/p>\n<p>\u2022 Quadradas: 126 mm<\/p>\n<p>\u2022 Redondas: 134 mm<\/p>\n<p>Ambas com toler\u00e2ncia de + 0 mm ou -1 mm<\/p>\n<p>Cont\u00e9m 10 Unidades<\/p>\n","protected":false},"excerpt":{"rendered":"<p>Placas p\/ Plastificadoras a V\u00e1cuo<\/p>\n","protected":false},"featured_media":2344,"comment_status":"open","ping_status":"closed","template":"","meta":[],"product_brand":[],"product_cat":[515],"product_tag":[],"class_list":{"0":"post-2346","1":"product","2":"type-product","3":"status-publish","4":"has-post-thumbnail","6":"product_cat-acessorios","8":"first","9":"onbackorder","10":"shipping-taxable","11":"purchasable","12":"product-type-simple"},"_links":{"self":[{"href":"https:\/\/www.brmedal.com.br\/index.php?rest_route=\/wp\/v2\/product\/2346","targetHints":{"allow":["GET"]}}],"collection":[{"href":"https:\/\/www.brmedal.com.br\/index.php?rest_route=\/wp\/v2\/product"}],"about":[{"href":"https:\/\/www.brmedal.com.br\/index.php?rest_route=\/wp\/v2\/types\/product"}],"replies":[{"embeddable":true,"href":"https:\/\/www.brmedal.com.br\/index.php?rest_route=%2Fwp%2Fv2%2Fcomments&post=2346"}],"wp:featuredmedia":[{"embeddable":true,"href":"https:\/\/www.brmedal.com.br\/index.php?rest_route=\/wp\/v2\/media\/2344"}],"wp:attachment":[{"href":"https:\/\/www.brmedal.com.br\/index.php?rest_route=%2Fwp%2Fv2%2Fmedia&parent=2346"}],"wp:term":[{"taxonomy":"product_brand","embeddable":true,"href":"https:\/\/www.brmedal.com.br\/index.php?rest_route=%2Fwp%2Fv2%2Fproduct_brand&post=2346"},{"taxonomy":"product_cat","embeddable":true,"href":"https:\/\/www.brmedal.com.br\/index.php?rest_route=%2Fwp%2Fv2%2Fproduct_cat&post=2346"},{"taxonomy":"product_tag","embeddable":true,"href":"https:\/\/www.brmedal.com.br\/index.php?rest_route=%2Fwp%2Fv2%2Fproduct_tag&post=2346"}],"curies":[{"name":"wp","href":"https:\/\/api.w.org\/{rel}","templated":true}]}}