{"id":2358,"date":"2018-06-07T09:52:30","date_gmt":"2018-06-07T12:52:30","guid":{"rendered":"https:\/\/www.brmedal.com.br\/product\/plastvac-p7\/"},"modified":"2022-11-09T23:03:50","modified_gmt":"2022-11-10T02:03:50","slug":"plastvac-p7","status":"publish","type":"product","link":"https:\/\/www.brmedal.com.br\/?product=plastvac-p7","title":{"rendered":"Plastificadora a v\u00e1cuo Plastvac P7"},"content":{"rendered":"<p><strong>\u00a0<\/strong>Pioneira no mercado nacional, as plastificadoras Bio-Art s\u00e3o fabricadas desde 1979. A praticidade de trabalho e seu design diferenciado tornam a plastificadora Bio-Art, l\u00edder no mercado.<\/p>\n<p>Um potente motor gera o v\u00e1cuo automaticamente no instante da conforma\u00e7\u00e3o. A Plastvac P7 n\u00e3o necessita de nenhum tipo especial de instala\u00e7\u00e3o, bastando apenas ser conectada a rede el\u00e9trica do consult\u00f3rio\/laborat\u00f3rio.<\/p>\n<p>A Plastvac P7 possui um adaptador universal para placas redondas e quadradas.<\/p>\n<p>Aplica\u00e7\u00f5es:<\/p>\n<p>Protetor bucal;<\/p>\n<p>Matriz para resina composta;<\/p>\n<p>Ponte provis\u00f3ria;<\/p>\n<p>Casquetes;<\/p>\n<p>Fixa\u00e7\u00e3o de braquetes;<\/p>\n<p>Moldeira para fluoreta\u00e7\u00e3o;<\/p>\n<p>Guia cir\u00fargico;<\/p>\n<p>Placa de mordida (bruxismo);<\/p>\n<p>Placa base;<\/p>\n<p>Moldeiras individuais;<\/p>\n<p>Moldeiras para clareamento caseiro;<\/p>\n<p>Embalagem de modelos de estudo (arquivo).<\/p>\n<p>Especifica\u00e7\u00f5es T\u00e9cnicas<\/p>\n<p>Acionamento autom\u00e1tico do v\u00e1cuo;<\/p>\n<p>Dispon\u00edveis nas voltagens: 110 ou 220 v (n\u00e3o \u00e9 Bivolt);<\/p>\n<p>Peso: 5,4 Kg;<\/p>\n<p>Dimens\u00f5es: (CxLxH) 24x27x19 cm.<\/p>\n","protected":false},"excerpt":{"rendered":"<p>Um potente motor gera o v\u00e1cuo automaticamente no instante da conforma\u00e7\u00e3o<\/p>\n","protected":false},"featured_media":2352,"comment_status":"open","ping_status":"closed","template":"","meta":[],"product_brand":[],"product_cat":[511],"product_tag":[],"class_list":{"0":"post-2358","1":"product","2":"type-product","3":"status-publish","4":"has-post-thumbnail","6":"product_cat-equipamentos","8":"first","9":"onbackorder","10":"shipping-taxable","11":"purchasable","12":"product-type-simple"},"_links":{"self":[{"href":"https:\/\/www.brmedal.com.br\/index.php?rest_route=\/wp\/v2\/product\/2358","targetHints":{"allow":["GET"]}}],"collection":[{"href":"https:\/\/www.brmedal.com.br\/index.php?rest_route=\/wp\/v2\/product"}],"about":[{"href":"https:\/\/www.brmedal.com.br\/index.php?rest_route=\/wp\/v2\/types\/product"}],"replies":[{"embeddable":true,"href":"https:\/\/www.brmedal.com.br\/index.php?rest_route=%2Fwp%2Fv2%2Fcomments&post=2358"}],"wp:featuredmedia":[{"embeddable":true,"href":"https:\/\/www.brmedal.com.br\/index.php?rest_route=\/wp\/v2\/media\/2352"}],"wp:attachment":[{"href":"https:\/\/www.brmedal.com.br\/index.php?rest_route=%2Fwp%2Fv2%2Fmedia&parent=2358"}],"wp:term":[{"taxonomy":"product_brand","embeddable":true,"href":"https:\/\/www.brmedal.com.br\/index.php?rest_route=%2Fwp%2Fv2%2Fproduct_brand&post=2358"},{"taxonomy":"product_cat","embeddable":true,"href":"https:\/\/www.brmedal.com.br\/index.php?rest_route=%2Fwp%2Fv2%2Fproduct_cat&post=2358"},{"taxonomy":"product_tag","embeddable":true,"href":"https:\/\/www.brmedal.com.br\/index.php?rest_route=%2Fwp%2Fv2%2Fproduct_tag&post=2358"}],"curies":[{"name":"wp","href":"https:\/\/api.w.org\/{rel}","templated":true}]}}