{"id":2364,"date":"2018-06-07T09:56:36","date_gmt":"2018-06-07T12:56:36","guid":{"rendered":"https:\/\/www.brmedal.com.br\/product\/seladora-biostamp\/"},"modified":"2022-11-09T23:00:50","modified_gmt":"2022-11-10T02:00:50","slug":"seladora-biostamp","status":"publish","type":"product","link":"https:\/\/www.brmedal.com.br\/?product=seladora-biostamp","title":{"rendered":"Seladora \u2013 BioStamp"},"content":{"rendered":"<p>Moderna e pr\u00e1tica, atende os padr\u00f5es e normas de qualidade dos mercados mais exigentes. Possui resist\u00eancia blindada, acionamento atrav\u00e9s de alavanca com trava e controle autom\u00e1tico de tempo, sistema que garante o aquecimento uniforme, efic\u00e1cia na ader\u00eancia e evita a queimadura do papel.<\/p>\n<p>Por meio da personaliza\u00e7\u00e3o das embalagens em diferentes tamanhos, a BioStamp proporciona economia de papel e um melhor aproveitamento de espa\u00e7o na autoclave.<\/p>\n","protected":false},"excerpt":{"rendered":"<p>Moderna e pr\u00e1tica, atende os padr\u00f5es e normas de qualidade dos mercados mais exigentes. Possui resist\u00eancia blindada<\/p>\n","protected":false},"featured_media":2362,"comment_status":"open","ping_status":"closed","template":"","meta":[],"product_brand":[],"product_cat":[511],"product_tag":[],"class_list":{"0":"post-2364","1":"product","2":"type-product","3":"status-publish","4":"has-post-thumbnail","6":"product_cat-equipamentos","8":"first","9":"onbackorder","10":"shipping-taxable","11":"purchasable","12":"product-type-simple"},"_links":{"self":[{"href":"https:\/\/www.brmedal.com.br\/index.php?rest_route=\/wp\/v2\/product\/2364","targetHints":{"allow":["GET"]}}],"collection":[{"href":"https:\/\/www.brmedal.com.br\/index.php?rest_route=\/wp\/v2\/product"}],"about":[{"href":"https:\/\/www.brmedal.com.br\/index.php?rest_route=\/wp\/v2\/types\/product"}],"replies":[{"embeddable":true,"href":"https:\/\/www.brmedal.com.br\/index.php?rest_route=%2Fwp%2Fv2%2Fcomments&post=2364"}],"wp:featuredmedia":[{"embeddable":true,"href":"https:\/\/www.brmedal.com.br\/index.php?rest_route=\/wp\/v2\/media\/2362"}],"wp:attachment":[{"href":"https:\/\/www.brmedal.com.br\/index.php?rest_route=%2Fwp%2Fv2%2Fmedia&parent=2364"}],"wp:term":[{"taxonomy":"product_brand","embeddable":true,"href":"https:\/\/www.brmedal.com.br\/index.php?rest_route=%2Fwp%2Fv2%2Fproduct_brand&post=2364"},{"taxonomy":"product_cat","embeddable":true,"href":"https:\/\/www.brmedal.com.br\/index.php?rest_route=%2Fwp%2Fv2%2Fproduct_cat&post=2364"},{"taxonomy":"product_tag","embeddable":true,"href":"https:\/\/www.brmedal.com.br\/index.php?rest_route=%2Fwp%2Fv2%2Fproduct_tag&post=2364"}],"curies":[{"name":"wp","href":"https:\/\/api.w.org\/{rel}","templated":true}]}}