{"id":2367,"date":"2018-06-07T11:44:40","date_gmt":"2018-06-07T14:44:40","guid":{"rendered":"https:\/\/www.brmedal.com.br\/product\/centrifuga-c1\/"},"modified":"2022-11-09T22:54:22","modified_gmt":"2022-11-10T01:54:22","slug":"centrifuga-c1","status":"publish","type":"product","link":"https:\/\/www.brmedal.com.br\/?product=centrifuga-c1","title":{"rendered":"Centr\u00edfuga para pr\u00f3tese C1"},"content":{"rendered":"<p>TORNA O PROCESSO DE FUNDI\u00c7\u00c3O COM MA\u00c7ARICO MUITO MAIS SEGURO.<\/p>\n<p>Sem mola, o acionamento do bra\u00e7o \u00e9 feito por motor de alta impuls\u00e3o.<\/p>\n<p>Porta basculante lateralmente aciona o bra\u00e7o de centrifuga\u00e7\u00e3o apenas quando estiver totalmente fechada.<\/p>\n<p>Bra\u00e7o de centrifuga\u00e7\u00e3o articulado com ajuste para balanceamento aproveita o efeito chicote para o total preenchimento do anel.<\/p>\n<p>Velocidade de rota\u00e7\u00e3o, acelera\u00e7\u00e3o e tempo de fundi\u00e7\u00e3o ajust\u00e1veis.<\/p>\n<p>Altura: 480 mm<\/p>\n<p>Largura: 500 mm<\/p>\n<p>Profundidade: 570 mm<\/p>\n","protected":false},"excerpt":{"rendered":"<p>TORNA O PROCESSO DE FUNDI\u00c7\u00c3O COM MA\u00c7ARICO MUITO MAIS SEGURO.<\/p>\n<p>Velocidade de rota\u00e7\u00e3o, acelera\u00e7\u00e3o e tempo de fundi\u00e7\u00e3o ajust\u00e1veis.<\/p>\n","protected":false},"featured_media":2366,"comment_status":"open","ping_status":"closed","template":"","meta":[],"product_brand":[],"product_cat":[511],"product_tag":[],"class_list":{"0":"post-2367","1":"product","2":"type-product","3":"status-publish","4":"has-post-thumbnail","6":"product_cat-equipamentos","8":"first","9":"onbackorder","10":"shipping-taxable","11":"purchasable","12":"product-type-simple"},"_links":{"self":[{"href":"https:\/\/www.brmedal.com.br\/index.php?rest_route=\/wp\/v2\/product\/2367","targetHints":{"allow":["GET"]}}],"collection":[{"href":"https:\/\/www.brmedal.com.br\/index.php?rest_route=\/wp\/v2\/product"}],"about":[{"href":"https:\/\/www.brmedal.com.br\/index.php?rest_route=\/wp\/v2\/types\/product"}],"replies":[{"embeddable":true,"href":"https:\/\/www.brmedal.com.br\/index.php?rest_route=%2Fwp%2Fv2%2Fcomments&post=2367"}],"wp:featuredmedia":[{"embeddable":true,"href":"https:\/\/www.brmedal.com.br\/index.php?rest_route=\/wp\/v2\/media\/2366"}],"wp:attachment":[{"href":"https:\/\/www.brmedal.com.br\/index.php?rest_route=%2Fwp%2Fv2%2Fmedia&parent=2367"}],"wp:term":[{"taxonomy":"product_brand","embeddable":true,"href":"https:\/\/www.brmedal.com.br\/index.php?rest_route=%2Fwp%2Fv2%2Fproduct_brand&post=2367"},{"taxonomy":"product_cat","embeddable":true,"href":"https:\/\/www.brmedal.com.br\/index.php?rest_route=%2Fwp%2Fv2%2Fproduct_cat&post=2367"},{"taxonomy":"product_tag","embeddable":true,"href":"https:\/\/www.brmedal.com.br\/index.php?rest_route=%2Fwp%2Fv2%2Fproduct_tag&post=2367"}],"curies":[{"name":"wp","href":"https:\/\/api.w.org\/{rel}","templated":true}]}}