{"id":2374,"date":"2018-06-07T11:48:25","date_gmt":"2018-06-07T14:48:25","guid":{"rendered":"https:\/\/www.brmedal.com.br\/product\/centrifuga-sl\/"},"modified":"2023-09-29T21:42:48","modified_gmt":"2023-09-30T00:42:48","slug":"centrifuga-sl","status":"publish","type":"product","link":"https:\/\/www.brmedal.com.br\/?product=centrifuga-sl","title":{"rendered":"Centr\u00edfuga El\u00e9trica para pr\u00f3tese SL NEW EDG &#8211; 220v"},"content":{"rendered":"<p><b>BENEF\u00cdCIOS ASSOCIADOS A \u201cUSABILIDADE\u201d:<\/b><br \/>\nEste equipamento foi projetado para oferecer m\u00e1xima seguran\u00e7a para o operador<br \/>\nO disparo s\u00f3 ocorre, ap\u00f3s a prote\u00e7\u00e3o ter sido fechada, garantindo assim a integridade do operador<br \/>\nSe esta prote\u00e7\u00e3o for indevidamente aberta durante a opera\u00e7\u00e3o, o processo \u00e9 imediatamente abortado.<br \/>\nAp\u00f3s o seu desligamento, a desacelera\u00e7\u00e3o \u00e9 r\u00e1pida, evitando assim perda de tempo na opera\u00e7\u00e3o.<br \/>\nO fixador de an\u00e9is, que \u00e9 uma caracter\u00edstica exclusiva deste equipamento, evita o rolamento dos an\u00e9is durante a opera\u00e7\u00e3o<br \/>\nO sistema permite com facilidade o ajuste da altura do anel.<br \/>\nUm dispositivo de aproxima\u00e7\u00e3o do cadinho, facilita a opera\u00e7\u00e3o e a torna mais segura.<br \/>\nO exclusivo sistema de balanceamento.<br \/>\n<b>BENEF\u00cdCIOS ASSOCIADOS A QUALIDADE FINAL DA PR\u00d3TESE:<\/b><br \/>\nUm dos principais problemas das antigas centr\u00edfugas, \u00e9 que ap\u00f3s um longo tempo de uso, estas v\u00e3o perdendo gradualmente a rota\u00e7\u00e3o, o que acaba causando eros\u00f5es do revestimento na partida, e a forma\u00e7\u00e3o de depress\u00f5es na pe\u00e7a fundida, cujas imperfei\u00e7\u00f5es, al\u00e9m de serem dif\u00edceis de serem corrigidas, comprometem em muito a qualidade final do trabalho.<br \/>\nA Centr\u00edfuga EDG-SL New, foi projetada de forma que a rota\u00e7\u00e3o m\u00e1xima \u00e9 mantida at\u00e9 a solidifica\u00e7\u00e3o total do metal, propiciando como resultado uma fundi\u00e7\u00e3o fiel ao modelo, sem bolhas e principalmente sem depress\u00f5es.<\/p>\n","protected":false},"excerpt":{"rendered":"<p>Indicada para fundi\u00e7\u00f5es de metais com a utiliza\u00e7\u00e3o de ma\u00e7arico e inje\u00e7\u00e3o por centrifuga\u00e7\u00e3o.<\/p>\n<p>Permite na fundi\u00e7\u00e3o, uma fiel reprodu\u00e7\u00e3o do modelo, atendendo aos requisitos de efici\u00eancia e de seguran\u00e7a.<br \/>\nSegura ao operador. \u00c9 dotada de dispositivos que tornam o processo de fundi\u00e7\u00e3o, que \u00e9 potencialmente perigoso, em um processo simples e seguro.<br \/>\nA centrifuga\u00e7\u00e3o s\u00f3 tem in\u00edcio quando a tampa \u00e9 totalmente fechada protegendo o operador de eventuais respingos de metal fundido e de revestimento superaquecido.<br \/>\nO desbalanceamento do bra\u00e7o de centrifuga\u00e7\u00e3o \u00e9 o principal respons\u00e1vel por respingos e falhas nas fundi\u00e7\u00f5es, causadas pela turbul\u00eancia no metal liquido, influindo na forma\u00e7\u00e3o de bolhas e porosidades. A SL NEW tem um exclusivo dispositivo baseado em equil\u00edbrio que proporciona um balanceamento preciso.<\/p>\n<p><strong>Prazo de Entrega: 20 dias\u00a0<\/strong><\/p>\n","protected":false},"featured_media":14675,"comment_status":"open","ping_status":"closed","template":"","meta":[],"product_brand":[],"product_cat":[511,508],"product_tag":[],"class_list":{"0":"post-2374","1":"product","2":"type-product","3":"status-publish","4":"has-post-thumbnail","6":"product_cat-equipamentos","7":"product_cat-inicio","9":"first","10":"instock","11":"shipping-taxable","12":"purchasable","13":"product-type-simple"},"_links":{"self":[{"href":"https:\/\/www.brmedal.com.br\/index.php?rest_route=\/wp\/v2\/product\/2374","targetHints":{"allow":["GET"]}}],"collection":[{"href":"https:\/\/www.brmedal.com.br\/index.php?rest_route=\/wp\/v2\/product"}],"about":[{"href":"https:\/\/www.brmedal.com.br\/index.php?rest_route=\/wp\/v2\/types\/product"}],"replies":[{"embeddable":true,"href":"https:\/\/www.brmedal.com.br\/index.php?rest_route=%2Fwp%2Fv2%2Fcomments&post=2374"}],"wp:featuredmedia":[{"embeddable":true,"href":"https:\/\/www.brmedal.com.br\/index.php?rest_route=\/wp\/v2\/media\/14675"}],"wp:attachment":[{"href":"https:\/\/www.brmedal.com.br\/index.php?rest_route=%2Fwp%2Fv2%2Fmedia&parent=2374"}],"wp:term":[{"taxonomy":"product_brand","embeddable":true,"href":"https:\/\/www.brmedal.com.br\/index.php?rest_route=%2Fwp%2Fv2%2Fproduct_brand&post=2374"},{"taxonomy":"product_cat","embeddable":true,"href":"https:\/\/www.brmedal.com.br\/index.php?rest_route=%2Fwp%2Fv2%2Fproduct_cat&post=2374"},{"taxonomy":"product_tag","embeddable":true,"href":"https:\/\/www.brmedal.com.br\/index.php?rest_route=%2Fwp%2Fv2%2Fproduct_tag&post=2374"}],"curies":[{"name":"wp","href":"https:\/\/api.w.org\/{rel}","templated":true}]}}