{"id":2420,"date":"2018-06-07T12:50:33","date_gmt":"2018-06-07T15:50:33","guid":{"rendered":"https:\/\/www.brmedal.com.br\/product\/power-cast-1700\/"},"modified":"2023-09-29T20:32:52","modified_gmt":"2023-09-29T23:32:52","slug":"power-cast-1700","status":"publish","type":"product","link":"https:\/\/www.brmedal.com.br\/?product=power-cast-1700","title":{"rendered":"Centrifuga por indu\u00e7\u00e3o para pr\u00f3tese POWER CAST NEW"},"content":{"rendered":"<p><b>&#8211; Benef\u00edcios associados a Usabilidade:<\/b><br \/>\nTempo \u00e9 o tesouro do profissional em pr\u00f3tese.<br \/>\nAus\u00eancia de retrabalho, menor tempo de prepara\u00e7\u00e3o, possibilidade de delegar a fun\u00e7\u00e3o, geram uma economia de tempo de no m\u00ednimo 50%.Tempo que ser\u00e1 usado na capacidade afim do profissional.<br \/>\nOpera\u00e7\u00e3o limpa e f\u00e1cil.<br \/>\nPor n\u00e3o necessitar tanques de oxig\u00eanio, GLP, mangueiras e acess\u00f3rios ocupa muito menos espa\u00e7o em seu laborat\u00f3rio sem contar com a seguran\u00e7a, confiabilidade e qualidade do trabalho acabado.<br \/>\n<b>&#8211; Benef\u00edcios associados a Produtividade:<\/b><br \/>\nA fundi\u00e7\u00e3o pode ser feita por um operador apenas treinado; independe de pr\u00e1tica, ajustes de chama, interpreta\u00e7\u00e3o visual de temperatura etc.<br \/>\nFeito o balanceamento ajustados os par\u00e2metros de temperatura e acelera\u00e7\u00e3o resta ao operador fazer o disparo da centrifuga\u00e7\u00e3o.<br \/>\nAs perdas de fundi\u00e7\u00f5es com seu consequente retrabalho ficam eliminadas.<br \/>\nCom seu exclusivo sistema Argon system minimiza a oxida\u00e7\u00e3o durante a fus\u00e3o.O processo de lavagem de arg\u00f4nio \u00e9 autom\u00e1tico; o g\u00e1s \u00e9 injetado no in\u00edcio da fus\u00e3o e assim permanecendo durante a centrifuga\u00e7\u00e3o.<br \/>\nProcesso de fundi\u00e7\u00e3o, limpo, r\u00e1pido e seguro.<br \/>\n<b>&#8211; Benef\u00edcios associados a qualidade final da pr\u00f3tese:<\/b><br \/>\nA indu\u00e7\u00e3o gera campos magn\u00e9ticos que promovem uma forte agita\u00e7\u00e3o no metal fundido, homogeneizando a liga e melhorando suas caracter\u00edsticas.<br \/>\nO aquecimento por indu\u00e7\u00e3o permite total controle da fundi\u00e7\u00e3o garantindo assim a repetibilidade dos resultados.<br \/>\nControle total da rota\u00e7\u00e3o, acelera\u00e7\u00e3o, pot\u00eancia e balanceamento do bra\u00e7o girat\u00f3rio, resultando na maior qualidade e acabamento da pe\u00e7a final.<br \/>\nElimina a necessidade de retrabalho e a consequentemente perda de materiais.<\/p>\n","protected":false},"excerpt":{"rendered":"<ul>\n<li>As centrifugas por indu\u00e7\u00e3o da EDG fundem todos os metais exceto tit\u00e2nio sem o uso de gases ou chama. O aquecimento se d\u00e1 por indu\u00e7\u00e3o eletromagn\u00e9tica.<\/li>\n<li>Totalmente segura, limpa, precisa elimina o retrabalho nas fundi\u00e7\u00f5es.<\/li>\n<li>Econ\u00f4micas, consomem em m\u00e9dia, em cada fus\u00e3o o equivalente a um ferro de passar roupa ligado por 4 minutos.<\/li>\n<li>Seu sistema operacional identifica erros de opera\u00e7\u00e3o, instala\u00e7\u00e3o e de processo.<\/li>\n<\/ul>\n<p><strong>EM AT\u00c9 6X SEM JUROS! CHAME AGORA!<\/strong><\/p>\n<p><strong>FRETE GR\u00c1TIS &#8211; SP, PR, SC, RS, MG, RJ.<\/strong><\/p>\n<p><strong>Demais Estados pre\u00e7os e frete especial. Consulte-nos!<\/strong><\/p>\n<p><strong>Prazo de Entrega: 20 dias\u00a0<\/strong><\/p>\n","protected":false},"featured_media":14671,"comment_status":"open","ping_status":"closed","template":"","meta":[],"product_brand":[],"product_cat":[511],"product_tag":[],"class_list":{"0":"post-2420","1":"product","2":"type-product","3":"status-publish","4":"has-post-thumbnail","6":"product_cat-equipamentos","8":"first","9":"instock","10":"shipping-taxable","11":"purchasable","12":"product-type-simple"},"_links":{"self":[{"href":"https:\/\/www.brmedal.com.br\/index.php?rest_route=\/wp\/v2\/product\/2420","targetHints":{"allow":["GET"]}}],"collection":[{"href":"https:\/\/www.brmedal.com.br\/index.php?rest_route=\/wp\/v2\/product"}],"about":[{"href":"https:\/\/www.brmedal.com.br\/index.php?rest_route=\/wp\/v2\/types\/product"}],"replies":[{"embeddable":true,"href":"https:\/\/www.brmedal.com.br\/index.php?rest_route=%2Fwp%2Fv2%2Fcomments&post=2420"}],"wp:featuredmedia":[{"embeddable":true,"href":"https:\/\/www.brmedal.com.br\/index.php?rest_route=\/wp\/v2\/media\/14671"}],"wp:attachment":[{"href":"https:\/\/www.brmedal.com.br\/index.php?rest_route=%2Fwp%2Fv2%2Fmedia&parent=2420"}],"wp:term":[{"taxonomy":"product_brand","embeddable":true,"href":"https:\/\/www.brmedal.com.br\/index.php?rest_route=%2Fwp%2Fv2%2Fproduct_brand&post=2420"},{"taxonomy":"product_cat","embeddable":true,"href":"https:\/\/www.brmedal.com.br\/index.php?rest_route=%2Fwp%2Fv2%2Fproduct_cat&post=2420"},{"taxonomy":"product_tag","embeddable":true,"href":"https:\/\/www.brmedal.com.br\/index.php?rest_route=%2Fwp%2Fv2%2Fproduct_tag&post=2420"}],"curies":[{"name":"wp","href":"https:\/\/api.w.org\/{rel}","templated":true}]}}