{"id":2423,"date":"2018-06-07T12:53:16","date_gmt":"2018-06-07T15:53:16","guid":{"rendered":"https:\/\/www.brmedal.com.br\/product\/power-cast-red\/"},"modified":"2022-11-09T22:14:54","modified_gmt":"2022-11-10T01:14:54","slug":"power-cast-red","status":"publish","type":"product","link":"https:\/\/www.brmedal.com.br\/?product=power-cast-red","title":{"rendered":"Centr\u00edfuga de indu\u00e7\u00e3o para pr\u00f3tese POWER CAST RED"},"content":{"rendered":"<p>FUNDI\u00c7\u00c3O DE TODOS OS METAIS SEM A UTILIZA\u00c7\u00c3O DE MA\u00c7ARICO.<\/p>\n<p>As centrifugas por indu\u00e7\u00e3o da EDG fundem todos os metais exceto tit\u00e2nio sem o uso de gases ou chama. O aquecimento se d\u00e1 por indu\u00e7\u00e3o eletromagn\u00e9tica.<\/p>\n<p>Totalmente seguras, limpas, precisas eliminam totalmente o retrabalho nas fundi\u00e7\u00f5es.<\/p>\n<p>Econ\u00f4micas, consomem em m\u00e9dia, em cada fus\u00e3o o equivalente a um ferro el\u00e9trico ligado por 4 minutos.<\/p>\n<p>Balanceamento do bra\u00e7o centrifugador por dispositivo de equil\u00edbrio.<\/p>\n<p>Fixa\u00e7\u00e3o do anel de forma r\u00e1pida e segura.<\/p>\n<p>Altura: 430 mm<\/p>\n<p>Largura: 600 mm<\/p>\n<p>Profundidade: 650 mm<\/p>\n","protected":false},"excerpt":{"rendered":"<p>As centrifugas por indu\u00e7\u00e3o da EDG fundem todos os metais exceto tit\u00e2nio sem o uso de gases ou chama. O aquecimento se d\u00e1 por indu\u00e7\u00e3o eletromagn\u00e9tica.<\/p>\n<p>&nbsp;<\/p>\n","protected":false},"featured_media":2422,"comment_status":"open","ping_status":"closed","template":"","meta":[],"product_brand":[],"product_cat":[511],"product_tag":[],"class_list":{"0":"post-2423","1":"product","2":"type-product","3":"status-publish","4":"has-post-thumbnail","6":"product_cat-equipamentos","8":"first","9":"onbackorder","10":"shipping-taxable","11":"purchasable","12":"product-type-simple"},"_links":{"self":[{"href":"https:\/\/www.brmedal.com.br\/index.php?rest_route=\/wp\/v2\/product\/2423","targetHints":{"allow":["GET"]}}],"collection":[{"href":"https:\/\/www.brmedal.com.br\/index.php?rest_route=\/wp\/v2\/product"}],"about":[{"href":"https:\/\/www.brmedal.com.br\/index.php?rest_route=\/wp\/v2\/types\/product"}],"replies":[{"embeddable":true,"href":"https:\/\/www.brmedal.com.br\/index.php?rest_route=%2Fwp%2Fv2%2Fcomments&post=2423"}],"wp:featuredmedia":[{"embeddable":true,"href":"https:\/\/www.brmedal.com.br\/index.php?rest_route=\/wp\/v2\/media\/2422"}],"wp:attachment":[{"href":"https:\/\/www.brmedal.com.br\/index.php?rest_route=%2Fwp%2Fv2%2Fmedia&parent=2423"}],"wp:term":[{"taxonomy":"product_brand","embeddable":true,"href":"https:\/\/www.brmedal.com.br\/index.php?rest_route=%2Fwp%2Fv2%2Fproduct_brand&post=2423"},{"taxonomy":"product_cat","embeddable":true,"href":"https:\/\/www.brmedal.com.br\/index.php?rest_route=%2Fwp%2Fv2%2Fproduct_cat&post=2423"},{"taxonomy":"product_tag","embeddable":true,"href":"https:\/\/www.brmedal.com.br\/index.php?rest_route=%2Fwp%2Fv2%2Fproduct_tag&post=2423"}],"curies":[{"name":"wp","href":"https:\/\/api.w.org\/{rel}","templated":true}]}}