{"id":2430,"date":"2018-06-07T12:57:38","date_gmt":"2018-06-07T15:57:38","guid":{"rendered":"https:\/\/www.brmedal.com.br\/product\/profissional-jet\/"},"modified":"2022-11-09T22:11:14","modified_gmt":"2022-11-10T01:11:14","slug":"profissional-jet","status":"publish","type":"product","link":"https:\/\/www.brmedal.com.br\/?product=profissional-jet","title":{"rendered":"Jateador de 3 pontas para pr\u00f3tese Profissional Jet"},"content":{"rendered":"<p>TRIJATEADOR PRESSURIZADO<\/p>\n<p>Jateador de 3 pontas opera individualmente com \u00f3xido de alum\u00ednio, micro esferas de vidro ou mistura de ambos.<\/p>\n<p>Sistema com tanques pressurizado produz\u00a0 jato constante livre de entupimentos .<\/p>\n<p>Gabinete ergon\u00f4mico em a\u00e7o pintado com ampla \u00e1rea de vis\u00e3o.<\/p>\n<p>Bicos de jateamento de metal duro de grande durabilidade.<\/p>\n<p>Sistema de aspira\u00e7\u00e3o com controle de velocidade do aspirador elimina a contamina\u00e7\u00e3o do ambiente e facilita a coloca\u00e7\u00e3o das luvas.\u00a0 (aspirador n\u00e3o incluso).<\/p>\n<p>Altura: 530 mm<\/p>\n<p>Largura: 520 mm<\/p>\n<p>Profundidade: 355 mm<\/p>\n","protected":false},"excerpt":{"rendered":"<p>Jateador de 3 pontas opera individualmente com \u00f3xido de alum\u00ednio, micro esferas de vidro ou mistura de ambos.<\/p>\n<p>Sistema com tanques pressurizado produz\u00a0 jato constante livre de entupimentos .<\/p>\n","protected":false},"featured_media":2424,"comment_status":"open","ping_status":"closed","template":"","meta":[],"product_brand":[],"product_cat":[511],"product_tag":[],"class_list":{"0":"post-2430","1":"product","2":"type-product","3":"status-publish","4":"has-post-thumbnail","6":"product_cat-equipamentos","8":"first","9":"onbackorder","10":"shipping-taxable","11":"purchasable","12":"product-type-simple"},"_links":{"self":[{"href":"https:\/\/www.brmedal.com.br\/index.php?rest_route=\/wp\/v2\/product\/2430","targetHints":{"allow":["GET"]}}],"collection":[{"href":"https:\/\/www.brmedal.com.br\/index.php?rest_route=\/wp\/v2\/product"}],"about":[{"href":"https:\/\/www.brmedal.com.br\/index.php?rest_route=\/wp\/v2\/types\/product"}],"replies":[{"embeddable":true,"href":"https:\/\/www.brmedal.com.br\/index.php?rest_route=%2Fwp%2Fv2%2Fcomments&post=2430"}],"wp:featuredmedia":[{"embeddable":true,"href":"https:\/\/www.brmedal.com.br\/index.php?rest_route=\/wp\/v2\/media\/2424"}],"wp:attachment":[{"href":"https:\/\/www.brmedal.com.br\/index.php?rest_route=%2Fwp%2Fv2%2Fmedia&parent=2430"}],"wp:term":[{"taxonomy":"product_brand","embeddable":true,"href":"https:\/\/www.brmedal.com.br\/index.php?rest_route=%2Fwp%2Fv2%2Fproduct_brand&post=2430"},{"taxonomy":"product_cat","embeddable":true,"href":"https:\/\/www.brmedal.com.br\/index.php?rest_route=%2Fwp%2Fv2%2Fproduct_cat&post=2430"},{"taxonomy":"product_tag","embeddable":true,"href":"https:\/\/www.brmedal.com.br\/index.php?rest_route=%2Fwp%2Fv2%2Fproduct_tag&post=2430"}],"curies":[{"name":"wp","href":"https:\/\/api.w.org\/{rel}","templated":true}]}}