{"id":2436,"date":"2018-06-07T13:03:47","date_gmt":"2018-06-07T16:03:47","guid":{"rendered":"https:\/\/www.brmedal.com.br\/product\/seven\/"},"modified":"2023-09-30T13:42:36","modified_gmt":"2023-09-30T16:42:36","slug":"seven","status":"publish","type":"product","link":"https:\/\/www.brmedal.com.br\/?product=seven","title":{"rendered":"Forno para Queima de Cer\u00e2mica Seven EDG"},"content":{"rendered":"<p>ALTO DESEMPENHO.<\/p>\n<p>Tudo em um para maximizar resultados.<\/p>\n<p>Mufla de quartzo, display de cristal l\u00edquido, banco de dados de alta capacidade, os programas podem ser\u00a0 armazenados por nome e ou por n\u00fameros (de 001 a 999), quatro patamares de queima, quatro set points, quatro velocidades de aquecimento, indica\u00e7\u00e3o digital de v\u00e1cuo, elevador com amortecimento din\u00e2mico, teclado intuitivo, auto limpeza, altas velocidades de aquecimento ou resfriamento, baixo custo s\u00e3o algumas de suas caracter\u00edsticas.<\/p>\n<h5>CARACTER\u00cdSTICAS DO EDG SEVEN<\/h5>\n<p>Temperaturas de trabalho de ambiente a 1.150oc.<\/p>\n<p>Limitador de temperatura m\u00e1xima, sa\u00edda por alarme a 1.150oc.<br \/>\nTemperatura m\u00e9dia da face fria no m\u00e1ximo 30oc acima da temperatura ambiente.<\/p>\n<p>Velocidade de aquecimento linear de 1 a 120oc\/minuto.<br \/>\nTempo de queima de cer\u00e2mica de O a 30 minutos, de segundo em segundo com indica\u00e7\u00e3o decrescente.<br \/>\nTempo de v\u00e1cuo de O a 30 minutos de segundo em segundo com indica\u00e7\u00e3o decrescente.<\/p>\n<p>O v\u00e1cuo pode ser ligado ou desligado em qualquer fase do processo.<br \/>\nIndica\u00e7\u00e3o digita de v\u00e1cuo em tempo real em polHg (altura em polegadas de coluna de merc\u00fario).<\/p>\n<p>Cada programa pode conter: 4 temperaturas, 3 patamares de tempo, 3 velocidades de aquecimento, 3 tempos de v\u00e1cuo, tempo de elevador sobe, tempo de elevador desce, sistema de limpeza liga \/ desliga.<\/p>\n<p>Totalizador de tempo de funcionamento.<\/p>\n<p>Totalizador de ciclos de queima.<\/p>\n<p>Programa\u00e7\u00e3o de fun\u00e7\u00f5es e par\u00e2metros especiais atrav\u00e9s de MENU e barra de rolagem.<\/p>\n<p>Fun\u00e7\u00e3o multi linguagem.<\/p>\n<p>Para evitar o aquecimento do ambiente e economizar energia, ap\u00f3s 5 minutos sem opera\u00e7\u00e3o, um alarme soar\u00e1 e uma mensagem \u201cProte\u00e7\u00e1o\u201d aparecer\u00e1 no painel, avisando que a mufla ser\u00e1 semi-fechada automaticamente.<\/p>\n<p>Elevador com tempos de fechamento e abertura independentes e program\u00e1veis de O a 30 minutos.<\/p>\n<p>Sistema de auto limpeza da mufla. Entra em opera\u00e7\u00e3o ao final de cada ciclo de queima. O sistema de auto limpeza faz a circula\u00e7\u00e3o de ar fresco no interior da mufla ao fim de cada queima eliminando todos os \u00f3xidos met\u00e1licos que ao longo do tempo tornam as cer\u00e2micas opacas sem vida. A mufla nunca vai necessitar de descontamina\u00e7\u00e3o, esta \u00e9 feita a cada queima.<br \/>\nSistemas de seguran\u00e7a protegem o equipamento contra falhas e erros de opera\u00e7\u00e3o.<\/p>\n<p>Indica\u00e7\u00e3o luminosa e sonora de todas as fases do processo.<\/p>\n<p>Sistema de substitui\u00e7\u00e3o da mufla de baixo custo.<\/p>\n<p>Ventila\u00e7\u00e3o for\u00e7ada do sistema eletr\u00f4nico e do sistema de aquecimento mant\u00e9m a integridade dos componentes.<\/p>\n<p>Tens\u00e3o de alimenta\u00e7\u00e3o 110 ou 220 volts atrav\u00e9s de chave seletora.<\/p>\n","protected":false},"excerpt":{"rendered":"<p>Forno para metalo cer\u00e2mica. Forno para porcelana de alto desempenho. Temperaturas de trabalho de ambiente a 1.150oc. Indicado para Estratifica\u00e7\u00e3o.<\/p>\n<p>Mufla de quartzo;<br \/>\nDisplay de cristal l\u00edquido;<br \/>\nBanco de dados de alta capacidade;<br \/>\nOs programas podem ser armazenados por nome e ou por n\u00fameros (de 001 a 999);<br \/>\nQuatro patamares de queima;\u00a0 Quatro set points; Quatro velocidades de aquecimento;<br \/>\nIndica\u00e7\u00e3o digital de v\u00e1cuo; Elevador com amortecimento din\u00e2mico; Teclado intuitivo;<br \/>\nAuto limpeza; Baixo custo.<br \/>\nAltas velocidades de aquecimento ou resfriamento;<\/p>\n<p><strong>EM AT\u00c9 6X SEM JUROS! CHAME AGORA!<\/strong><\/p>\n<p><strong>FRETE GR\u00c1TIS &#8211; SP, PR, SC, RS, MG, RJ.<\/strong><\/p>\n<p><strong>Demais Estados pre\u00e7os e frete especial. Consulte-nos!<\/strong><\/p>\n<p><strong>Prazo de Entrega: 20 dias\u00a0<\/strong><\/p>\n","protected":false},"featured_media":2435,"comment_status":"open","ping_status":"closed","template":"","meta":[],"product_brand":[],"product_cat":[511],"product_tag":[],"class_list":{"0":"post-2436","1":"product","2":"type-product","3":"status-publish","4":"has-post-thumbnail","6":"product_cat-equipamentos","8":"first","9":"instock","10":"shipping-taxable","11":"purchasable","12":"product-type-simple"},"_links":{"self":[{"href":"https:\/\/www.brmedal.com.br\/index.php?rest_route=\/wp\/v2\/product\/2436","targetHints":{"allow":["GET"]}}],"collection":[{"href":"https:\/\/www.brmedal.com.br\/index.php?rest_route=\/wp\/v2\/product"}],"about":[{"href":"https:\/\/www.brmedal.com.br\/index.php?rest_route=\/wp\/v2\/types\/product"}],"replies":[{"embeddable":true,"href":"https:\/\/www.brmedal.com.br\/index.php?rest_route=%2Fwp%2Fv2%2Fcomments&post=2436"}],"wp:featuredmedia":[{"embeddable":true,"href":"https:\/\/www.brmedal.com.br\/index.php?rest_route=\/wp\/v2\/media\/2435"}],"wp:attachment":[{"href":"https:\/\/www.brmedal.com.br\/index.php?rest_route=%2Fwp%2Fv2%2Fmedia&parent=2436"}],"wp:term":[{"taxonomy":"product_brand","embeddable":true,"href":"https:\/\/www.brmedal.com.br\/index.php?rest_route=%2Fwp%2Fv2%2Fproduct_brand&post=2436"},{"taxonomy":"product_cat","embeddable":true,"href":"https:\/\/www.brmedal.com.br\/index.php?rest_route=%2Fwp%2Fv2%2Fproduct_cat&post=2436"},{"taxonomy":"product_tag","embeddable":true,"href":"https:\/\/www.brmedal.com.br\/index.php?rest_route=%2Fwp%2Fv2%2Fproduct_tag&post=2436"}],"curies":[{"name":"wp","href":"https:\/\/api.w.org\/{rel}","templated":true}]}}