{"id":2451,"date":"2018-06-08T08:15:29","date_gmt":"2018-06-08T11:15:29","guid":{"rendered":"https:\/\/www.brmedal.com.br\/product\/w-one\/"},"modified":"2022-11-09T21:45:42","modified_gmt":"2022-11-10T00:45:42","slug":"w-one","status":"publish","type":"product","link":"https:\/\/www.brmedal.com.br\/?product=w-one","title":{"rendered":"Forno para desidrata\u00e7\u00e3o e deceramento de an\u00e9is W-ONE"},"content":{"rendered":"<p>FORNO PARA DESIDRATA\u00c7\u00c3O E DECERAMENTO DE AN\u00c9IS.<\/p>\n<p>O forno para desidrata\u00e7\u00e3o e deceramento de an\u00e9is, EDG W-One, possui alta tecnologia em isolamento t\u00e9rmico que mant\u00e9m a temperatura das faces frias a n\u00edveis muito baixos tornando o equipamento energeticamente econ\u00f4mico e ecologicamente correto.<\/p>\n<p>A tecnologia de isolamento t\u00e9rmico em um forno tem papel preponderante no consumo de energia e na temperatura m\u00e1xima das faces externas do equipamento.<\/p>\n<p>Fornos de baixa tecnologia chegam a ter temperaturas da face fria por volta de 3000c que al\u00e9m de poder provocar graves queimaduras desperdi\u00e7am uma grande quantidade de energia aquecendo o ambiente e elevando o valor da conta no final do m\u00eas.<\/p>\n<p>Temperatura m\u00e1xima de opera\u00e7\u00e3o continua 1.1500c.<\/p>\n<p>Aquecimento nas quatro faces internas da mufla.<\/p>\n<p>Gabinete de a\u00e7o carbono fosfatizado e pintado com tinta resistente ao calor.<\/p>\n<p>Isolamento em fibra cer\u00e2mica de alta efici\u00eancia e baixa massa t\u00e9rmica.<\/p>\n<p>Mufla moldada em uma s\u00f3 pe\u00e7as em refrat\u00e1rio de alta resist\u00eancia mec\u00e2nica.<\/p>\n<p>Indicador digital de temperatura.<\/p>\n<p>\u00danico do mercado de sua categoria dotado de microprocessador com as fun\u00e7\u00f5es:<\/p>\n<p>Ajuste de temperatura (set Point).<\/p>\n<p>Velocidade de aquecimento (pot\u00eancia).<\/p>\n<p>Tempo de perman\u00eancia (patamar)<\/p>\n<p>Exclusivo aparador refrat\u00e1rio superior facilita enormemente o manuseio de an\u00e9is aquecidos.<\/p>\n<p>Sistema de exaust\u00e3o de fumos.<\/p>\n<p>Capacidade para 8 an\u00e9is de 100 gramas ou 6 an\u00e9is de 200 gramas.<\/p>\n<p>Controle eletr\u00f4nico da temperatura, pot\u00eancia (velocidade de aquecimento) e tempo de perman\u00eancia.<\/p>\n<p>Economia de energia; no m\u00ednimo 30% mais econ\u00f3mico de qualquer similar.<\/p>\n<p>Ecologicamente correto.<\/p>\n<p>Altas velocidades de aquecimento.<\/p>\n<p>Exclusivo aparador refrat\u00e1rio superior facilita enormemente o manuseio de an\u00e9is aquecidos.<\/p>\n<p>Custo incrivelmente baixo.<\/p>\n","protected":false},"excerpt":{"rendered":"<p>FORNO PARA DESIDRATA\u00c7\u00c3O E DECERAMENTO DE AN\u00c9IS.<\/p>\n<p>O forno para desidrata\u00e7\u00e3o e deceramento de an\u00e9is, EDG W-One, possui alta tecnologia em isolamento t\u00e9rmico<\/p>\n","protected":false},"featured_media":2450,"comment_status":"open","ping_status":"closed","template":"","meta":[],"product_brand":[],"product_cat":[511],"product_tag":[],"class_list":{"0":"post-2451","1":"product","2":"type-product","3":"status-publish","4":"has-post-thumbnail","6":"product_cat-equipamentos","8":"first","9":"onbackorder","10":"shipping-taxable","11":"purchasable","12":"product-type-simple"},"_links":{"self":[{"href":"https:\/\/www.brmedal.com.br\/index.php?rest_route=\/wp\/v2\/product\/2451","targetHints":{"allow":["GET"]}}],"collection":[{"href":"https:\/\/www.brmedal.com.br\/index.php?rest_route=\/wp\/v2\/product"}],"about":[{"href":"https:\/\/www.brmedal.com.br\/index.php?rest_route=\/wp\/v2\/types\/product"}],"replies":[{"embeddable":true,"href":"https:\/\/www.brmedal.com.br\/index.php?rest_route=%2Fwp%2Fv2%2Fcomments&post=2451"}],"wp:featuredmedia":[{"embeddable":true,"href":"https:\/\/www.brmedal.com.br\/index.php?rest_route=\/wp\/v2\/media\/2450"}],"wp:attachment":[{"href":"https:\/\/www.brmedal.com.br\/index.php?rest_route=%2Fwp%2Fv2%2Fmedia&parent=2451"}],"wp:term":[{"taxonomy":"product_brand","embeddable":true,"href":"https:\/\/www.brmedal.com.br\/index.php?rest_route=%2Fwp%2Fv2%2Fproduct_brand&post=2451"},{"taxonomy":"product_cat","embeddable":true,"href":"https:\/\/www.brmedal.com.br\/index.php?rest_route=%2Fwp%2Fv2%2Fproduct_cat&post=2451"},{"taxonomy":"product_tag","embeddable":true,"href":"https:\/\/www.brmedal.com.br\/index.php?rest_route=%2Fwp%2Fv2%2Fproduct_tag&post=2451"}],"curies":[{"name":"wp","href":"https:\/\/api.w.org\/{rel}","templated":true}]}}