{"id":2457,"date":"2018-06-08T08:19:53","date_gmt":"2018-06-08T11:19:53","guid":{"rendered":"https:\/\/www.brmedal.com.br\/product\/w-three\/"},"modified":"2023-09-29T22:01:14","modified_gmt":"2023-09-30T01:01:14","slug":"w-three","status":"publish","type":"product","link":"https:\/\/www.brmedal.com.br\/?product=w-three","title":{"rendered":"Forno para An\u00e9is W-Three 5P EDG 220v"},"content":{"rendered":"<p>10 temperaturas (set Point).<\/p>\n<p>10 velocidades de aquecimento e\/ou resfriamento.<\/p>\n<p>10 tempos de perman\u00eancia (patamares).<\/p>\n<p>5 alarmes de processo.<\/p>\n<p>Entrada de dados por teclado alfa num\u00e9rico.<\/p>\n<p>Fun\u00e7\u00e3o madrugada que liga automaticamente o equipamento. Quando voc\u00ea chegar, os an\u00e9is estar\u00e3o prontos para a fundi\u00e7\u00e3o.<\/p>\n<p>Temperatura m\u00e1xima de opera\u00e7\u00e3o cont\u00ednua 1.150\u00bac.<\/p>\n<p>Aquecimento por resist\u00eancias embutidas nas quatro faces internas da mufla.<\/p>\n<p>Gabinete de a\u00e7o carbono fosfatizado e pintado com tinta resistente ao calor.<\/p>\n<p>Isolamento em fibra cer\u00e2mica de alta efici\u00eancia e baixa massa t\u00e9rmica.<\/p>\n<p>Mufla moldada em uma s\u00f3 pe\u00e7a, em refrat\u00e1rio de alta resist\u00eancia mec\u00e2nica.<\/p>\n<p>Exclusivo aparador refrat\u00e1rio superior, que facilita o manuseio de an\u00e9is aquecidos.<\/p>\n<p>Sistema de exaust\u00e3o de fumos.<\/p>\n<p>Capacidade para 8 an\u00e9is de 100 gramas ou 6 an\u00e9is de 200 gramas.<\/p>\n<p>Economia de energia; no m\u00ednimo 30% mais econ\u00f4mico que qualquer similar.<\/p>\n<p>Ecologicamente correto.<\/p>\n<p>Altas velocidades de aquecimento.<\/p>\n<p>&nbsp;<\/p>\n","protected":false},"excerpt":{"rendered":"<p>FORNO PARA DESIDRATA\u00c7\u00c3O E DECERAMENTO DE AN\u00c9IS.<\/p>\n<p>Controle micro processado de 10 patamares com display de cristal l\u00edquido para desidrata\u00e7\u00e3o e deceramento de an\u00e9is.<\/p>\n<p>Possui alta tecnologia em isolamento t\u00e9rmico que mant\u00e9m a temperatura das faces frias a n\u00edveis muito baixos, tornando o equipamento energeticamente econ\u00f4mico e ecologicamente correto.<\/p>\n<p><b>Fornos tipo mufla compostos por:<\/b><br \/>\nDois m\u00f3dulos montados em um s\u00f3 conjunto.<br \/>\nM\u00f3dulo superior: Constitu\u00eddo pela c\u00e2mara de aquecimento (mufla).<br \/>\nM\u00f3dulo inferior: Constitu\u00eddo pelo controlador microprocessado e pelo controle de pot\u00eancia tiristorizado.<\/p>\n<p><strong>Prazo de Entrega: 20 dias\u00a0<\/strong><\/p>\n","protected":false},"featured_media":2455,"comment_status":"open","ping_status":"closed","template":"","meta":[],"product_brand":[],"product_cat":[511],"product_tag":[],"class_list":{"0":"post-2457","1":"product","2":"type-product","3":"status-publish","4":"has-post-thumbnail","6":"product_cat-equipamentos","8":"first","9":"instock","10":"shipping-taxable","11":"purchasable","12":"product-type-simple"},"_links":{"self":[{"href":"https:\/\/www.brmedal.com.br\/index.php?rest_route=\/wp\/v2\/product\/2457","targetHints":{"allow":["GET"]}}],"collection":[{"href":"https:\/\/www.brmedal.com.br\/index.php?rest_route=\/wp\/v2\/product"}],"about":[{"href":"https:\/\/www.brmedal.com.br\/index.php?rest_route=\/wp\/v2\/types\/product"}],"replies":[{"embeddable":true,"href":"https:\/\/www.brmedal.com.br\/index.php?rest_route=%2Fwp%2Fv2%2Fcomments&post=2457"}],"wp:featuredmedia":[{"embeddable":true,"href":"https:\/\/www.brmedal.com.br\/index.php?rest_route=\/wp\/v2\/media\/2455"}],"wp:attachment":[{"href":"https:\/\/www.brmedal.com.br\/index.php?rest_route=%2Fwp%2Fv2%2Fmedia&parent=2457"}],"wp:term":[{"taxonomy":"product_brand","embeddable":true,"href":"https:\/\/www.brmedal.com.br\/index.php?rest_route=%2Fwp%2Fv2%2Fproduct_brand&post=2457"},{"taxonomy":"product_cat","embeddable":true,"href":"https:\/\/www.brmedal.com.br\/index.php?rest_route=%2Fwp%2Fv2%2Fproduct_cat&post=2457"},{"taxonomy":"product_tag","embeddable":true,"href":"https:\/\/www.brmedal.com.br\/index.php?rest_route=%2Fwp%2Fv2%2Fproduct_tag&post=2457"}],"curies":[{"name":"wp","href":"https:\/\/api.w.org\/{rel}","templated":true}]}}