{"id":2463,"date":"2018-06-08T08:23:37","date_gmt":"2018-06-08T11:23:37","guid":{"rendered":"https:\/\/www.brmedal.com.br\/product\/xenon-power\/"},"modified":"2022-11-09T21:40:55","modified_gmt":"2022-11-10T00:40:55","slug":"xenon-power","status":"publish","type":"product","link":"https:\/\/www.brmedal.com.br\/?product=xenon-power","title":{"rendered":"Fotopolimeradora Xenon Power"},"content":{"rendered":"<p>EMISS\u00c3O DE ENERGIA LUMINOSA<\/p>\n<p>Fotopolimeriza atrav\u00e9s da emiss\u00e3o de energia luminosa de amplo espectro gerada pela ioniza\u00e7\u00e3o do g\u00e1s xen\u00f4nio de forma cont\u00ednua.<\/p>\n<p>Efici\u00eancia comprovada para todas as resinas, mesmo as mais \u201cduras\u201d e de baixa transpar\u00eancia (opacos).<\/p>\n<p>Al\u00e9m da foto polimeriza\u00e7\u00e3o simples realiza moldagem a v\u00e1cuo e foto polimeriza\u00e7\u00e3o de fibras impregnadas com resina atrav\u00e9s de acess\u00f3rios que acompanham o equipamento. Tamb\u00e9m faz a foto polimeriza\u00e7\u00e3o sob v\u00e1cuo ou atmosfera de nitrog\u00eanio para eliminar a camada de dispers\u00e3o.<\/p>\n<p>Fotopolimeriza a v\u00e1cuo ou sob atmosfera de nitrog\u00eanio sem aux\u00edlio de acess\u00f3rios opcionais.<\/p>\n<p><strong>Altura:<\/strong>\u00a0224 mm<\/p>\n<p><strong>Largura:<\/strong>\u00a0181 mm<\/p>\n<p><strong>Profundidade:<\/strong>\u00a0511\u00a0mm<\/p>\n<p>&nbsp;<\/p>\n","protected":false},"excerpt":{"rendered":"<p>Foto polimeriza atrav\u00e9s da emiss\u00e3o de energia luminosa de amplo espectro gerada pela ioniza\u00e7\u00e3o do g\u00e1s xen\u00f4nio de forma cont\u00ednua.<\/p>\n","protected":false},"featured_media":2458,"comment_status":"open","ping_status":"closed","template":"","meta":[],"product_brand":[],"product_cat":[511],"product_tag":[],"class_list":{"0":"post-2463","1":"product","2":"type-product","3":"status-publish","4":"has-post-thumbnail","6":"product_cat-equipamentos","8":"first","9":"onbackorder","10":"shipping-taxable","11":"purchasable","12":"product-type-simple"},"_links":{"self":[{"href":"https:\/\/www.brmedal.com.br\/index.php?rest_route=\/wp\/v2\/product\/2463","targetHints":{"allow":["GET"]}}],"collection":[{"href":"https:\/\/www.brmedal.com.br\/index.php?rest_route=\/wp\/v2\/product"}],"about":[{"href":"https:\/\/www.brmedal.com.br\/index.php?rest_route=\/wp\/v2\/types\/product"}],"replies":[{"embeddable":true,"href":"https:\/\/www.brmedal.com.br\/index.php?rest_route=%2Fwp%2Fv2%2Fcomments&post=2463"}],"wp:featuredmedia":[{"embeddable":true,"href":"https:\/\/www.brmedal.com.br\/index.php?rest_route=\/wp\/v2\/media\/2458"}],"wp:attachment":[{"href":"https:\/\/www.brmedal.com.br\/index.php?rest_route=%2Fwp%2Fv2%2Fmedia&parent=2463"}],"wp:term":[{"taxonomy":"product_brand","embeddable":true,"href":"https:\/\/www.brmedal.com.br\/index.php?rest_route=%2Fwp%2Fv2%2Fproduct_brand&post=2463"},{"taxonomy":"product_cat","embeddable":true,"href":"https:\/\/www.brmedal.com.br\/index.php?rest_route=%2Fwp%2Fv2%2Fproduct_cat&post=2463"},{"taxonomy":"product_tag","embeddable":true,"href":"https:\/\/www.brmedal.com.br\/index.php?rest_route=%2Fwp%2Fv2%2Fproduct_tag&post=2463"}],"curies":[{"name":"wp","href":"https:\/\/api.w.org\/{rel}","templated":true}]}}