{"id":2469,"date":"2018-06-08T08:53:00","date_gmt":"2018-06-08T11:53:00","guid":{"rendered":"https:\/\/www.brmedal.com.br\/product\/croma-techno-air-3\/"},"modified":"2022-11-09T21:28:53","modified_gmt":"2022-11-10T00:28:53","slug":"croma-techno-air-3","status":"publish","type":"product","link":"https:\/\/www.brmedal.com.br\/?product=croma-techno-air-3","title":{"rendered":"Cadeira odontol\u00f3gica Croma Techno Air"},"content":{"rendered":"<p><strong>BASE EM FERRO FUNDIDO (CAVALETES E ALAVANCAS)<\/strong><\/p>\n<p>\u00danica fabricante brasileira a utilizar esse material na base da cadeira. Os cavaletes e alavancas em ferro fundido da Dabi Atlante proporcionam maior estabilidade, resist\u00eancia e durabilidade ao consult\u00f3rio, sem necessidade de fixa\u00e7\u00e3o no solo.<\/p>\n<p><strong>ESTOFAMENTO<\/strong><\/p>\n<p>O estofamento recebeu uma camada extra de espuma de poliuretano t\u00e3o macia quanto resistente, oferecendo uma sustenta\u00e7\u00e3o firme e confort\u00e1vel para o paciente, diminuindo o cansa\u00e7o e permitindo um tratamento com menos estresse.<\/p>\n<p><strong>ENCOSTO BIARTICULADO<\/strong><\/p>\n<p>Com trava mec\u00e2nica para regulagem de altura e ampla mobilidade, o encosto biarticulado oferece conforto diferenciado ao paciente, qualquer que seja sua estatura, idade ou bi\u00f3tipo.<\/p>\n<p><strong>ACESSO A CADEIRANTES<\/strong><\/p>\n<p>Devido \u00e0 sua mobilidade \u201canteroposterior\u201d, o encosto de cabe\u00e7a bi-articulado possibilita o atendimento de cadeirantes no lado inverso da cadeira odontol\u00f3gica, oferecendo apoio confort\u00e1vel com posicionamento correto do paciente, sem retir\u00e1-lo da cadeira de rodas. Para que possa ser utilizado nesta posi\u00e7\u00e3o, o bra\u00e7o do refletor foi prolongado.<\/p>\n<p><strong>3 POSI\u00c7\u00d5ES DE TRABALHO PROGAM\u00c1VEIS PELO CD<\/strong><\/p>\n<p>Movimentos sincronizados (todas as partes se movem ao mesmo tempo) oferecendo ganho de produtividade no consult\u00f3rio.<strong>\u00a0<\/strong><\/p>\n<p><strong>\u00c1REA DE APROXIMA\u00c7\u00c3O <\/strong><\/p>\n<p>O formato do encosto acomoda melhor as pernas do profissional, permitindo maior proximidade ao campo operat\u00f3rio.<\/p>\n<p><strong>\u00c1REA DE PRIVACIDADE<\/strong><\/p>\n<p>O encosto amplo e envolvente cria uma \u00e1rea de privacidade, que evita o contato involunt\u00e1rio entre o paciente e o profissional.<\/p>\n<p><strong>CONFORTO LOMBAR <\/strong><\/p>\n<p>Encosto com combina\u00e7\u00e3o de dimens\u00f5es e conformidades anat\u00f4micas ideais \u00e0 correta posi\u00e7\u00e3o do paciente. Reduz o n\u00edvel de estresse do paciente, eliminando dores musculares e tens\u00f5es. Ombros e bra\u00e7os tamb\u00e9m s\u00e3o privilegiados, oferecendo uma acomoda\u00e7\u00e3o relaxante.<\/p>\n<p><strong>ARTICULA\u00c7\u00c3O CENTRAL \u00daNICA<\/strong><\/p>\n<p>Facilita a higieniza\u00e7\u00e3o e a movimenta\u00e7\u00e3o do paciente e do profissional.<\/p>\n<p><strong>BRA\u00c7O DIREITO <\/strong><\/p>\n<p>Com abertura lateral, sem haste de sustenta\u00e7\u00e3o, possibilita um r\u00e1pido acionamento, facilitando a entrada e a sa\u00edda do paciente. Permite a coloca\u00e7\u00e3o de barreiras, melhorando a biosseguran\u00e7a.<\/p>\n<p><strong>ESTOFAMENTO PREMIUM<\/strong><\/p>\n<p>Estofamento em couro leg\u00edtimo proporciona conforto total, beleza e sofistica\u00e7\u00e3o ao seu consult\u00f3rio, diminuindo o cansa\u00e7o do paciente e permitindo um tratamento com menor stress. Dispon\u00edveis nas cores Marine, Terracota, Gris e Jade.<\/p>\n<p><strong>PEDAL DE COMANDO INDIVIDUAL E PROGRESSIVO BRA\u00c7O DE ASSISTENTE*<\/strong><\/p>\n<p>Total acessibilidade dos recursos (fotopolimerizador, seringa e suctores) a duas ou a quatro m\u00e3os.<\/p>\n<p><strong>PAINEL ELETR\u00d4NICO NA UNIDADE<\/strong><\/p>\n<p>Acesso f\u00e1cil e imediato no pr\u00f3prio bra\u00e7o da unidade, aos controles de movimento da cadeira, intensidade do refletor, acionamento da cuspideira e &#8220;posi\u00e7\u00e3o de cuspir&#8221;.<\/p>\n<p><strong>BRA\u00c7O FLEX TYPE (COM TRAVA PNEUM\u00c1TICA)<\/strong><\/p>\n<p>Confere maior ergonomia e produtividade ao permitir f\u00e1cil posicionamento e travamento do equipo, sem sair da posi\u00e7\u00e3o de trabalho. Atende todos os bi\u00f3tipos.<\/p>\n<p><strong>SUPORTE DE INSTRUMENTAIS E DE PONTAS REMOV\u00c9VEIS E AUTOCLAV\u00c1VEIS<\/strong><\/p>\n<p><strong>SUPORTE DE PONTAS<\/strong><\/p>\n<p>Suporte de pontas com movimenta\u00e7\u00e3o angular.<strong>\u00a0<\/strong><\/p>\n<p><strong>BAP<\/strong><\/p>\n<p>Bloco de acionamento autom\u00e1tico. Confeccionado em metal nobre, disponibiliza o funcionamento da ponta automaticamente ao ser retirado do suporte e acionado o pedal de comando progressivo.<\/p>\n<p><strong>WATER LOCK*<\/strong><\/p>\n<p>Bloqueio tempor\u00e1rio do fluxo da \u00e1gua, mantendo o funcionamento da turbina para procedimentos em que a \u00e1gua \u00e9 desnecess\u00e1ria.<\/p>\n<p><strong>CHIP BLOWER*<\/strong><\/p>\n<p>Sopro de ar pela pe\u00e7a de m\u00e3o.<\/p>\n<p>*Os itens marcados com um (*) s\u00e3o opcionais.<\/p>\n","protected":false},"excerpt":{"rendered":"<p>BASE EM FERRO FUNDIDO (CAVALETES E ALAVANCAS) \u00danica fabricante brasileira a utilizar esse material na base da cadeira. Os cavaletes e alavancas em ferro fundido da<span class=\"excerpt-hellip\"> [\u2026]<\/span><\/p>\n","protected":false},"featured_media":2467,"comment_status":"open","ping_status":"closed","template":"","meta":[],"product_brand":[],"product_cat":[511],"product_tag":[],"class_list":{"0":"post-2469","1":"product","2":"type-product","3":"status-publish","4":"has-post-thumbnail","6":"product_cat-equipamentos","8":"first","9":"onbackorder","10":"shipping-taxable","11":"purchasable","12":"product-type-simple"},"_links":{"self":[{"href":"https:\/\/www.brmedal.com.br\/index.php?rest_route=\/wp\/v2\/product\/2469","targetHints":{"allow":["GET"]}}],"collection":[{"href":"https:\/\/www.brmedal.com.br\/index.php?rest_route=\/wp\/v2\/product"}],"about":[{"href":"https:\/\/www.brmedal.com.br\/index.php?rest_route=\/wp\/v2\/types\/product"}],"replies":[{"embeddable":true,"href":"https:\/\/www.brmedal.com.br\/index.php?rest_route=%2Fwp%2Fv2%2Fcomments&post=2469"}],"wp:featuredmedia":[{"embeddable":true,"href":"https:\/\/www.brmedal.com.br\/index.php?rest_route=\/wp\/v2\/media\/2467"}],"wp:attachment":[{"href":"https:\/\/www.brmedal.com.br\/index.php?rest_route=%2Fwp%2Fv2%2Fmedia&parent=2469"}],"wp:term":[{"taxonomy":"product_brand","embeddable":true,"href":"https:\/\/www.brmedal.com.br\/index.php?rest_route=%2Fwp%2Fv2%2Fproduct_brand&post=2469"},{"taxonomy":"product_cat","embeddable":true,"href":"https:\/\/www.brmedal.com.br\/index.php?rest_route=%2Fwp%2Fv2%2Fproduct_cat&post=2469"},{"taxonomy":"product_tag","embeddable":true,"href":"https:\/\/www.brmedal.com.br\/index.php?rest_route=%2Fwp%2Fv2%2Fproduct_tag&post=2469"}],"curies":[{"name":"wp","href":"https:\/\/api.w.org\/{rel}","templated":true}]}}