{"id":2473,"date":"2018-06-08T09:14:10","date_gmt":"2018-06-08T12:14:10","guid":{"rendered":"https:\/\/www.brmedal.com.br\/product\/croma-t5-plus\/"},"modified":"2022-11-09T21:23:32","modified_gmt":"2022-11-10T00:23:32","slug":"croma-t5-plus","status":"publish","type":"product","link":"https:\/\/www.brmedal.com.br\/?product=croma-t5-plus","title":{"rendered":"Cadeira odontol\u00f3gica Croma T5 Plus"},"content":{"rendered":"<p>Caracteristicas<\/p>\n<p>Unidade de \u00c1gua Vers\u00e1til<\/p>\n<p>Venturi Suctor | suctor vac<\/p>\n<p>Apoio de cabe\u00e7a biarticulado<\/p>\n<p>Dois bra\u00e7os fixos<\/p>\n<p>Pedal de controle com tr\u00eas posi\u00e7\u00f5es de trabalho, de volta a zero e controle de intensidade do refletor<\/p>\n<p>Base de ferro fundido forte<\/p>\n<p>25 op\u00e7\u00f5es de cores: (premium | eleg\u00e2ncia | padr\u00e3o)<\/p>\n<p>Equipamento Techno com bra\u00e7o fixo<\/p>\n<ul>\n<li>Seringa Tripla<\/li>\n<li>2 terminais da pe\u00e7a de m\u00e3o<\/li>\n<li>Bandeja remov\u00edvel em a\u00e7o inoxid\u00e1vel<\/li>\n<\/ul>\n<p>Retrorrefletor LD (equipamento padr\u00e3o)<\/p>\n<p>Sistema anti-colapso (Trendelenburg) *<\/p>\n<p>Opcional dispon\u00edvel para exporta\u00e7\u00e3o (ofertas).<\/p>\n<p>Informa\u00e7\u00e3o adicional<\/p>\n<p>Biosseguran\u00e7a e Estabilidade<\/p>\n<p>A presen\u00e7a do novo revestimento B-SAFE, juntamente com o design de cada cateter Dabi DETALHE, Concebidos para proporcionar uma veda\u00e7\u00e3o articular sem detritos, aumentam os excelentes n\u00edveis de prote\u00e7\u00e3o contra microorganismos, reduzindo pelo menos a contamina\u00e7\u00e3o cruzada e melhorando as condi\u00e7\u00f5es de biosseguran\u00e7a, benef\u00edcios scam para eles profissionais e pacientes. Ao mesmo tempo, a estabilidade da equipe A devido \u00e0 sua robustez, garante uma gest\u00e3o segura dos recursos do SUS.<\/p>\n","protected":false},"excerpt":{"rendered":"<p>Consult\u00f3rio completo e vers\u00e1til<\/p>\n","protected":false},"featured_media":2471,"comment_status":"open","ping_status":"closed","template":"","meta":[],"product_brand":[],"product_cat":[511],"product_tag":[],"class_list":{"0":"post-2473","1":"product","2":"type-product","3":"status-publish","4":"has-post-thumbnail","6":"product_cat-equipamentos","8":"first","9":"onbackorder","10":"shipping-taxable","11":"purchasable","12":"product-type-simple"},"_links":{"self":[{"href":"https:\/\/www.brmedal.com.br\/index.php?rest_route=\/wp\/v2\/product\/2473","targetHints":{"allow":["GET"]}}],"collection":[{"href":"https:\/\/www.brmedal.com.br\/index.php?rest_route=\/wp\/v2\/product"}],"about":[{"href":"https:\/\/www.brmedal.com.br\/index.php?rest_route=\/wp\/v2\/types\/product"}],"replies":[{"embeddable":true,"href":"https:\/\/www.brmedal.com.br\/index.php?rest_route=%2Fwp%2Fv2%2Fcomments&post=2473"}],"wp:featuredmedia":[{"embeddable":true,"href":"https:\/\/www.brmedal.com.br\/index.php?rest_route=\/wp\/v2\/media\/2471"}],"wp:attachment":[{"href":"https:\/\/www.brmedal.com.br\/index.php?rest_route=%2Fwp%2Fv2%2Fmedia&parent=2473"}],"wp:term":[{"taxonomy":"product_brand","embeddable":true,"href":"https:\/\/www.brmedal.com.br\/index.php?rest_route=%2Fwp%2Fv2%2Fproduct_brand&post=2473"},{"taxonomy":"product_cat","embeddable":true,"href":"https:\/\/www.brmedal.com.br\/index.php?rest_route=%2Fwp%2Fv2%2Fproduct_cat&post=2473"},{"taxonomy":"product_tag","embeddable":true,"href":"https:\/\/www.brmedal.com.br\/index.php?rest_route=%2Fwp%2Fv2%2Fproduct_tag&post=2473"}],"curies":[{"name":"wp","href":"https:\/\/api.w.org\/{rel}","templated":true}]}}