{"id":2492,"date":"2018-06-08T09:26:25","date_gmt":"2018-06-08T12:26:25","guid":{"rendered":"https:\/\/www.brmedal.com.br\/product\/refletor-reflex-led\/"},"modified":"2022-11-09T21:05:54","modified_gmt":"2022-11-10T00:05:54","slug":"refletor-reflex-led","status":"publish","type":"product","link":"https:\/\/www.brmedal.com.br\/?product=refletor-reflex-led","title":{"rendered":"Refletor Reflex LED"},"content":{"rendered":"<p><strong>Caracter\u00edsticas:<\/strong><\/p>\n<p>Sistema de Seguran\u00e7a e Prote\u00e7\u00e3o B-SAFE<\/p>\n<p>O Refletor \u201cReflex LED\u201d possui o tratamento no corpo do refletor e al\u00e7as o exclusivo sistema de nanotecnologia bactericida e fungicida que combate a contamina\u00e7\u00e3o cruzada e garante a biosseguran\u00e7a do profissional e do paciente.<\/p>\n<p>Sistema \u00f3ptico com 1 LED<\/p>\n<p>Diversos benef\u00edcios, entre eles o efeito sobre resinas foto-cur\u00e1veis, onde a influ\u00eancia do LED sobre essas resinas \u00e9 muito menor do que a influ\u00eancia da luz al\u00f3gena convencional, devido \u00e0 aus\u00eancia de gera\u00e7\u00e3o de calor no campo operat\u00f3rio. Aumenta a fidelidade na visualiza\u00e7\u00e3o das cores do campo iluminado, permitindo assim a realiza\u00e7\u00e3o de diagn\u00f3sticos mais precisos.<\/p>\n<p>Tecnologia de ilumina\u00e7\u00e3o \u2013 LED<\/p>\n<p>&#8211; Menor consumo de energia, consome at\u00e9 90% menos energia el\u00e9trica do que os modelos convencionais com l\u00e2mpadas al\u00f3genas;<\/p>\n<p>&#8211; N\u00e3o utiliza l\u00e2mpadas;<\/p>\n<p>&#8211; Maior durabilidade da fonte de luz (LED), at\u00e9 1.000 vezes maior que as l\u00e2mpadas convencionais, possuem vida \u00fatil acima de 10.000 horas.<\/p>\n<p>Quatro Intensidades<\/p>\n<p>Luz branca: 8.000, 15.000, 22.000 e 30.000 LUX (com varia\u00e7\u00e3o de 10%).<\/p>\n<p>Possibilita atender a todos os procedimentos cl\u00ednicos, cir\u00fargicos e est\u00e9ticos.<\/p>\n<p>Foco de luz com spot retangular<\/p>\n<p>Cabe\u00e7ote com espelho especial multifacetado, mono focal. Espelhamento especial multicoating. Quando posicionado adequadamente para ilumina\u00e7\u00e3o da boca, n\u00e3o gera desconforto na regi\u00e3o dos olhos do paciente e facilita ao cirurgi\u00e3o-dentista melhor visualiza\u00e7\u00e3o das cores dos dentes e gengivas.<\/p>\n<p>Design<\/p>\n<p>Totalmente inovador com linhas arredondadas. Visual moderno e harmonioso, facilitando o manuseio.<\/p>\n<p>Protetor Frontal<\/p>\n<p>Remov\u00edvel, constru\u00eddo em material resistente e transparente, protege o sistema \u00f3ptico contra aerossol.<\/p>\n","protected":false},"excerpt":{"rendered":"<p>Tecnologia de ilumina\u00e7\u00e3o \u2013 LED<\/p>\n<p>&#8211; Menor consumo de energia, consome at\u00e9 90% menos energia el\u00e9trica do que os modelos convencionais com l\u00e2mpadas hal\u00f3genas;<\/p>\n","protected":false},"featured_media":2488,"comment_status":"open","ping_status":"closed","template":"","meta":[],"product_brand":[],"product_cat":[538],"product_tag":[],"class_list":{"0":"post-2492","1":"product","2":"type-product","3":"status-publish","4":"has-post-thumbnail","6":"product_cat-consultorios","8":"first","9":"onbackorder","10":"shipping-taxable","11":"purchasable","12":"product-type-simple"},"_links":{"self":[{"href":"https:\/\/www.brmedal.com.br\/index.php?rest_route=\/wp\/v2\/product\/2492","targetHints":{"allow":["GET"]}}],"collection":[{"href":"https:\/\/www.brmedal.com.br\/index.php?rest_route=\/wp\/v2\/product"}],"about":[{"href":"https:\/\/www.brmedal.com.br\/index.php?rest_route=\/wp\/v2\/types\/product"}],"replies":[{"embeddable":true,"href":"https:\/\/www.brmedal.com.br\/index.php?rest_route=%2Fwp%2Fv2%2Fcomments&post=2492"}],"wp:featuredmedia":[{"embeddable":true,"href":"https:\/\/www.brmedal.com.br\/index.php?rest_route=\/wp\/v2\/media\/2488"}],"wp:attachment":[{"href":"https:\/\/www.brmedal.com.br\/index.php?rest_route=%2Fwp%2Fv2%2Fmedia&parent=2492"}],"wp:term":[{"taxonomy":"product_brand","embeddable":true,"href":"https:\/\/www.brmedal.com.br\/index.php?rest_route=%2Fwp%2Fv2%2Fproduct_brand&post=2492"},{"taxonomy":"product_cat","embeddable":true,"href":"https:\/\/www.brmedal.com.br\/index.php?rest_route=%2Fwp%2Fv2%2Fproduct_cat&post=2492"},{"taxonomy":"product_tag","embeddable":true,"href":"https:\/\/www.brmedal.com.br\/index.php?rest_route=%2Fwp%2Fv2%2Fproduct_tag&post=2492"}],"curies":[{"name":"wp","href":"https:\/\/api.w.org\/{rel}","templated":true}]}}