{"id":2807,"date":"2022-11-09T18:14:50","date_gmt":"2022-11-09T21:14:50","guid":{"rendered":"https:\/\/www.brmedal.com.br\/?post_type=product&#038;p=2807"},"modified":"2022-11-09T18:14:51","modified_gmt":"2022-11-09T21:14:51","slug":"revestimento-para-fundicao-de-protese-revest-ppr-saco-25kg-3","status":"publish","type":"product","link":"https:\/\/www.brmedal.com.br\/?product=revestimento-para-fundicao-de-protese-revest-ppr-saco-25kg-3","title":{"rendered":"Revestimento para fundi\u00e7\u00e3o de pr\u00f3tese &#8211; Revest PPR Saco 20kg"},"content":{"rendered":"","protected":false},"excerpt":{"rendered":"<p>Revestimento para fundi\u00e7\u00e3o de pr\u00f3tese remov\u00edvel (m\u00e9dio e grosso).<\/p>\n","protected":false},"featured_media":2803,"comment_status":"open","ping_status":"closed","template":"","meta":[],"product_brand":[],"product_cat":[540,558],"product_tag":[],"class_list":{"0":"post-2807","1":"product","2":"type-product","3":"status-publish","4":"has-post-thumbnail","6":"product_cat-dentistica-e-estetica","7":"product_cat-moldagem","9":"first","10":"onbackorder","11":"shipping-taxable","12":"purchasable","13":"product-type-simple"},"_links":{"self":[{"href":"https:\/\/www.brmedal.com.br\/index.php?rest_route=\/wp\/v2\/product\/2807","targetHints":{"allow":["GET"]}}],"collection":[{"href":"https:\/\/www.brmedal.com.br\/index.php?rest_route=\/wp\/v2\/product"}],"about":[{"href":"https:\/\/www.brmedal.com.br\/index.php?rest_route=\/wp\/v2\/types\/product"}],"replies":[{"embeddable":true,"href":"https:\/\/www.brmedal.com.br\/index.php?rest_route=%2Fwp%2Fv2%2Fcomments&post=2807"}],"wp:featuredmedia":[{"embeddable":true,"href":"https:\/\/www.brmedal.com.br\/index.php?rest_route=\/wp\/v2\/media\/2803"}],"wp:attachment":[{"href":"https:\/\/www.brmedal.com.br\/index.php?rest_route=%2Fwp%2Fv2%2Fmedia&parent=2807"}],"wp:term":[{"taxonomy":"product_brand","embeddable":true,"href":"https:\/\/www.brmedal.com.br\/index.php?rest_route=%2Fwp%2Fv2%2Fproduct_brand&post=2807"},{"taxonomy":"product_cat","embeddable":true,"href":"https:\/\/www.brmedal.com.br\/index.php?rest_route=%2Fwp%2Fv2%2Fproduct_cat&post=2807"},{"taxonomy":"product_tag","embeddable":true,"href":"https:\/\/www.brmedal.com.br\/index.php?rest_route=%2Fwp%2Fv2%2Fproduct_tag&post=2807"}],"curies":[{"name":"wp","href":"https:\/\/api.w.org\/{rel}","templated":true}]}}